{"id":52213,"date":"2022-06-29T12:50:17","date_gmt":"2022-06-29T10:50:17","guid":{"rendered":"https:\/\/secureus.se\/produkt\/kopplingsbox-plat-5-plint\/"},"modified":"2026-04-08T16:38:47","modified_gmt":"2026-04-08T14:38:47","slug":"kopplingsbox-plat-5-plint","status":"publish","type":"product","link":"https:\/\/secureus.se\/fi\/kopplingsbox-plat-5-plint\/","title":{"rendered":"Kytkent\u00e4rasia Levy 5 Liitin"},"content":{"rendered":"<p>Tukeva kotelo galvanoitua pelti\u00e4, jossa on lakattu valkoinen kansi ja valmiiksi rei&#039;itetyt kaapelin ulostulot, jotka on peitetty muovitulpilla. Mitat 128x247x38mm. Sopii kaikkiin Fatum-ohjelman moduuliliittimiin ja on valmistettu viidelle moduulille. Laatikko on saatavana my\u00f6s samankokoisena, mutta allekirjoitusaukkona, katso 3205.03 (5015263). T\u00e4ydennet\u00e4\u00e4n allekirjoituskilvell\u00e4 sein\u00e4lle tuotenumero 3132.01 (5015560), lis\u00e4pistokkeella 0905.18 (5015540) ja sein\u00e4kiinnikkeill\u00e4 2590.04 (5015360)<\/p>","protected":false},"excerpt":{"rendered":"<p>Tukeva kotelo galvanoitua pelti\u00e4, jossa on lakattu valkoinen kansi ja valmiiksi rei&#039;itetyt kaapelin ulostulot, jotka on peitetty muovitulpilla. Mitat 128x247x38mm. Sopii kaikkiin Fatum-ohjelman moduuliliittimiin ja on valmistettu viidelle moduulille. Laatikko on siell\u00e4<\/p>","protected":false},"featured_media":142501,"template":"","meta":{"_acf_changed":false},"product_brand":[],"product_cat":[1547],"product_tag":[2210],"class_list":{"0":"post-52213","1":"product","2":"type-product","3":"status-publish","4":"has-post-thumbnail","6":"product_cat-plint-larm-telebox","7":"product_tag-box-plat","8":"product_shipping_class-tunga-paket","9":"pa_brands-alarmtech","10":"tm-no-options","12":"first","13":"instock","14":"sale","15":"taxable","16":"shipping-taxable","17":"purchasable","18":"product-type-simple"},"acf":[],"_links":{"self":[{"href":"https:\/\/secureus.se\/fi\/wp-json\/wp\/v2\/product\/52213","targetHints":{"allow":["GET"]}}],"collection":[{"href":"https:\/\/secureus.se\/fi\/wp-json\/wp\/v2\/product"}],"about":[{"href":"https:\/\/secureus.se\/fi\/wp-json\/wp\/v2\/types\/product"}],"wp:featuredmedia":[{"embeddable":true,"href":"https:\/\/secureus.se\/fi\/wp-json\/wp\/v2\/media\/142501"}],"wp:attachment":[{"href":"https:\/\/secureus.se\/fi\/wp-json\/wp\/v2\/media?parent=52213"}],"wp:term":[{"taxonomy":"product_brand","embeddable":true,"href":"https:\/\/secureus.se\/fi\/wp-json\/wp\/v2\/product_brand?post=52213"},{"taxonomy":"product_cat","embeddable":true,"href":"https:\/\/secureus.se\/fi\/wp-json\/wp\/v2\/product_cat?post=52213"},{"taxonomy":"product_tag","embeddable":true,"href":"https:\/\/secureus.se\/fi\/wp-json\/wp\/v2\/product_tag?post=52213"}],"curies":[{"name":"wp","href":"https:\/\/api.w.org\/{rel}","templated":true}]}}