{"id":52241,"date":"2022-06-29T12:45:44","date_gmt":"2022-06-29T10:45:44","guid":{"rendered":"https:\/\/secureus.se\/produkt\/relakort-rel-2-12-24v-2-pol\/"},"modified":"2026-04-08T16:45:44","modified_gmt":"2026-04-08T14:45:44","slug":"relakort-rel-2-12-24v-2-pol","status":"publish","type":"product","link":"https:\/\/secureus.se\/fi\/relakort-rel-2-12-24v-2-pol\/","title":{"rendered":"Relekortti Rel-2 12\/24V 2-Pol"},"content":{"rendered":"<p>\u2022 Eritt\u00e4in alhainen virrankulutus<br \/>\n\u2022 Suuri j\u00e4nnitealue<br \/>\n\u2022 LED ilmaisee, ett\u00e4 rele on vedettyn\u00e4<br \/>\n\u2022 Voidaan ohjata positiivisella tai negatiivisella j\u00e4nnitteell\u00e4<br \/>\n\u2022 Kaksi vapaasti vaihdettavaa kosketinta<br \/>\n\u2022 Pieni muoto<\/p>\n<p>Tiedot:<br \/>\nNormaali j\u00e4nnite 12-24 VDC (Rajaj\u00e4nnite 10-35 VDC)<br \/>\nKulutus. 10mA (12V)<br \/>\nYhteystiedot. 2 x 1A (2A)<br \/>\nL\u00e4mp\u00f6tila-alue: -25 - +65 C<\/p>\n<p>Relekorttia REL-2 k\u00e4ytet\u00e4\u00e4n kaikkialla, miss\u00e4 haluat, esim. Vaihda napaisuutta, lis\u00e4\u00e4 pistorasiaa, kytke NC\/NO l\u00e4ht\u00f6\u00f6n jne. Eritt\u00e4in alhainen virrankulutus. Suuri j\u00e4nnitealue. LED ilmaisee vedetyn releen. Voidaan ohjata positiivisella ja negatiivisella j\u00e4nnitteell\u00e4. Kaksi vapaasti vaihdettavaa kosketinta. Pieni muoto. Taajuusmuuttajan j\u00e4nnite: 11-28VDC. Kulutus: 10ma (12VDC). Yhteystiedot: 2 x 1A (30VDC). L\u00e4mp\u00f6tila-alue: -40 - +70 C.<\/p>","protected":false},"excerpt":{"rendered":"<p>Asentajan paras yst\u00e4v\u00e4.<\/p>\n<p>K\u00e4ytet\u00e4\u00e4n miss\u00e4 tahansa, esim. vaihtaa napaisuutta, lis\u00e4t\u00e4 pistorasiaa, vaihtaa NC\/NO l\u00e4hd\u00f6ss\u00e4 jne.<\/p>","protected":false},"featured_media":142658,"template":"","meta":{"_acf_changed":false},"product_brand":[],"product_cat":[4151,1548],"product_tag":[2234],"class_list":{"0":"post-52241","1":"product","2":"type-product","3":"status-publish","4":"has-post-thumbnail","6":"product_cat-rela-12-volt","7":"product_cat-relaer-elektronik","8":"product_tag-rela-12-24v","9":"product_shipping_class-postnord-varubrev","10":"tm-no-options","12":"first","13":"instock","14":"sale","15":"taxable","16":"shipping-taxable","17":"purchasable","18":"product-type-simple"},"acf":[],"_links":{"self":[{"href":"https:\/\/secureus.se\/fi\/wp-json\/wp\/v2\/product\/52241","targetHints":{"allow":["GET"]}}],"collection":[{"href":"https:\/\/secureus.se\/fi\/wp-json\/wp\/v2\/product"}],"about":[{"href":"https:\/\/secureus.se\/fi\/wp-json\/wp\/v2\/types\/product"}],"wp:featuredmedia":[{"embeddable":true,"href":"https:\/\/secureus.se\/fi\/wp-json\/wp\/v2\/media\/142658"}],"wp:attachment":[{"href":"https:\/\/secureus.se\/fi\/wp-json\/wp\/v2\/media?parent=52241"}],"wp:term":[{"taxonomy":"product_brand","embeddable":true,"href":"https:\/\/secureus.se\/fi\/wp-json\/wp\/v2\/product_brand?post=52241"},{"taxonomy":"product_cat","embeddable":true,"href":"https:\/\/secureus.se\/fi\/wp-json\/wp\/v2\/product_cat?post=52241"},{"taxonomy":"product_tag","embeddable":true,"href":"https:\/\/secureus.se\/fi\/wp-json\/wp\/v2\/product_tag?post=52241"}],"curies":[{"name":"wp","href":"https:\/\/api.w.org\/{rel}","templated":true}]}}