{"id":52282,"date":"2022-06-28T13:16:54","date_gmt":"2022-06-28T11:16:54","guid":{"rendered":"https:\/\/secureus.se\/produkt\/skylt-utrymning-midjeskylt\/"},"modified":"2026-03-26T11:53:54","modified_gmt":"2026-03-26T10:53:54","slug":"skylt-utrymning-midjeskylt","status":"publish","type":"product","link":"https:\/\/secureus.se\/fi\/skylt-utrymning-midjeskylt\/","title":{"rendered":"Merkki Evakuointi Vy\u00f6t\u00e4r\u00f6n merkki"},"content":{"rendered":"<p>Kyltti 800\u00d780 mm v\u00e4lys vy\u00f6t\u00e4r\u00f6merkki. Itseliimautuva alumiinikyltti, joka kutsuu E-valoa<\/p>","protected":false},"excerpt":{"rendered":"<p>Kyltti 800\u00d780 mm v\u00e4lys vy\u00f6t\u00e4r\u00f6merkki. Itseliimautuva alumiinikyltti, joka kutsuu E-valoa<\/p>","protected":false},"featured_media":142503,"template":"","meta":{"_acf_changed":false},"product_brand":[],"product_cat":[1559],"product_tag":[],"class_list":{"0":"post-52282","1":"product","2":"type-product","3":"status-publish","4":"has-post-thumbnail","6":"product_cat-anvisningsskyltar-brandskydd","7":"product_shipping_class-tunga-paket","8":"tm-no-options","10":"first","11":"outofstock","12":"sale","13":"taxable","14":"shipping-taxable","15":"purchasable","16":"product-type-simple"},"acf":[],"_links":{"self":[{"href":"https:\/\/secureus.se\/fi\/wp-json\/wp\/v2\/product\/52282","targetHints":{"allow":["GET"]}}],"collection":[{"href":"https:\/\/secureus.se\/fi\/wp-json\/wp\/v2\/product"}],"about":[{"href":"https:\/\/secureus.se\/fi\/wp-json\/wp\/v2\/types\/product"}],"wp:featuredmedia":[{"embeddable":true,"href":"https:\/\/secureus.se\/fi\/wp-json\/wp\/v2\/media\/142503"}],"wp:attachment":[{"href":"https:\/\/secureus.se\/fi\/wp-json\/wp\/v2\/media?parent=52282"}],"wp:term":[{"taxonomy":"product_brand","embeddable":true,"href":"https:\/\/secureus.se\/fi\/wp-json\/wp\/v2\/product_brand?post=52282"},{"taxonomy":"product_cat","embeddable":true,"href":"https:\/\/secureus.se\/fi\/wp-json\/wp\/v2\/product_cat?post=52282"},{"taxonomy":"product_tag","embeddable":true,"href":"https:\/\/secureus.se\/fi\/wp-json\/wp\/v2\/product_tag?post=52282"}],"curies":[{"name":"wp","href":"https:\/\/api.w.org\/{rel}","templated":true}]}}