{"id":52490,"date":"2022-06-28T13:16:47","date_gmt":"2022-06-28T11:16:47","guid":{"rendered":"https:\/\/secureus.se\/produkt\/dorrmagnet-cq-komp-24v-490n\/"},"modified":"2026-04-23T11:15:32","modified_gmt":"2026-04-23T09:15:32","slug":"dorrmagnet-cq-komp-24v-490n","status":"publish","type":"product","link":"https:\/\/secureus.se\/fi\/dorrmagnet-cq-komp-24v-490n\/","title":{"rendered":"Ovimagneetti Cq Comp. 24V\/490N"},"content":{"rendered":"<p>CQ Ovimagneetti t\u00e4ydellinen 24VDC, 490N M8 keskirei\u00e4ll\u00e4 sis. joustava ankkuripohjalevy toimitetaan pakkauksessa, joka on erotettu magneetista. Ovimagneetti hyv\u00e4ksytty palo-oviin harmonisoidun EU-standardin EN1155 mukaisesti. Integroidut diodit virtapiikkien k\u00e4sittelyyn. Keskitappi repulsiojousella est\u00e4\u00e4 ovea pysym\u00e4st\u00e4 pystyasennossa j\u00e4\u00e4nn\u00f6smagnetismin vuoksi. 490N, 24V, 62mA. Magneetin mitat mm: 50\u00d730. Muovisessa kaapelikotelossa on &quot;l\u00e4pivienti&quot; molemmilla puolilla kaapelin sis\u00e4\u00e4ntuloa varten sivulta. Kun k\u00e4yt\u00e4t CQ-kulmakannatinta (E6300008), k\u00e4yt\u00e4 CQ Komplettin ja CQ M8:n mukana toimitettuja M8-ruuveja, koska magneetin maksimikierre on 8 mm. CQ Komplett toimitetaan joustavalla ankkurilla, ovimagneetilla M8-keskirei\u00e4ll\u00e4, M8-ruuvilla, pohjalevyll\u00e4 erikseen ja 3 ruuvilla pohjalevyn kiinnitt\u00e4mist\u00e4 varten magneettiin tarvittaessa.<\/p>","protected":false},"excerpt":{"rendered":"<p>CQ Ovimagneetti t\u00e4ydellinen 24VDC, 490N M8 keskirei\u00e4ll\u00e4 sis. joustava ankkuripohjalevy toimitetaan pakkauksessa, joka on erotettu magneetista. Ovimagneetti hyv\u00e4ksytty palo-oviin harmonisoidun EU-standardin EN1155 mukaisesti. Integroidut diodit<\/p>","protected":false},"featured_media":142382,"template":"","meta":{"_acf_changed":false},"product_brand":[],"product_cat":[1560],"product_tag":[],"class_list":{"0":"post-52490","1":"product","2":"type-product","3":"status-publish","4":"has-post-thumbnail","6":"product_cat-branddorrstangning","7":"product_shipping_class-tunga-paket","8":"tm-no-options","10":"first","11":"outofstock","12":"sale","13":"taxable","14":"shipping-taxable","15":"purchasable","16":"product-type-simple"},"acf":[],"_links":{"self":[{"href":"https:\/\/secureus.se\/fi\/wp-json\/wp\/v2\/product\/52490","targetHints":{"allow":["GET"]}}],"collection":[{"href":"https:\/\/secureus.se\/fi\/wp-json\/wp\/v2\/product"}],"about":[{"href":"https:\/\/secureus.se\/fi\/wp-json\/wp\/v2\/types\/product"}],"wp:featuredmedia":[{"embeddable":true,"href":"https:\/\/secureus.se\/fi\/wp-json\/wp\/v2\/media\/142382"}],"wp:attachment":[{"href":"https:\/\/secureus.se\/fi\/wp-json\/wp\/v2\/media?parent=52490"}],"wp:term":[{"taxonomy":"product_brand","embeddable":true,"href":"https:\/\/secureus.se\/fi\/wp-json\/wp\/v2\/product_brand?post=52490"},{"taxonomy":"product_cat","embeddable":true,"href":"https:\/\/secureus.se\/fi\/wp-json\/wp\/v2\/product_cat?post=52490"},{"taxonomy":"product_tag","embeddable":true,"href":"https:\/\/secureus.se\/fi\/wp-json\/wp\/v2\/product_tag?post=52490"}],"curies":[{"name":"wp","href":"https:\/\/api.w.org\/{rel}","templated":true}]}}