{"id":52497,"date":"2022-06-28T13:15:40","date_gmt":"2022-06-28T11:15:40","guid":{"rendered":"https:\/\/secureus.se\/produkt\/brandslackarlarm-9v\/"},"modified":"2026-03-26T11:55:37","modified_gmt":"2026-03-26T10:55:37","slug":"brandslackarlarm-9v","status":"publish","type":"product","link":"https:\/\/secureus.se\/fi\/brandslackarlarm-9v\/","title":{"rendered":"Sammutinh\u00e4lytin 9V"},"content":{"rendered":"<p>BSA-1 on eritt\u00e4in n\u00e4kyv\u00e4 h\u00e4lytin, joka est\u00e4\u00e4 sammuttimien v\u00e4\u00e4rink\u00e4yt\u00f6n. Sammuttimen toiseen p\u00e4\u00e4h\u00e4n on asennettu johto ja toinen p\u00e4\u00e4 on kytketty palosammuttimen h\u00e4lyttimeen. Jos johto vedet\u00e4\u00e4n h\u00e4lyttimest\u00e4, kuuluu kova \u00e4\u00e4ni ja ymp\u00e4rist\u00f6 huomaa toiminnon.<\/p>","protected":false},"excerpt":{"rendered":"<p>BSA-1 on eritt\u00e4in n\u00e4kyv\u00e4 h\u00e4lytin, joka est\u00e4\u00e4 sammuttimien v\u00e4\u00e4rink\u00e4yt\u00f6n. Sammuttimen toiseen p\u00e4\u00e4h\u00e4n on asennettu johto ja toinen p\u00e4\u00e4 on kytketty palosammuttimen h\u00e4lyttimeen. Jos johto vedet\u00e4\u00e4n ulos<\/p>","protected":false},"featured_media":142427,"template":"","meta":{"_acf_changed":false},"product_brand":[],"product_cat":[1533],"product_tag":[],"class_list":{"0":"post-52497","1":"product","2":"type-product","3":"status-publish","4":"has-post-thumbnail","6":"product_cat-brandslackare","7":"product_shipping_class-tunga-paket","8":"tm-no-options","10":"first","11":"outofstock","12":"sale","13":"taxable","14":"shipping-taxable","15":"purchasable","16":"product-type-simple"},"acf":[],"_links":{"self":[{"href":"https:\/\/secureus.se\/fi\/wp-json\/wp\/v2\/product\/52497","targetHints":{"allow":["GET"]}}],"collection":[{"href":"https:\/\/secureus.se\/fi\/wp-json\/wp\/v2\/product"}],"about":[{"href":"https:\/\/secureus.se\/fi\/wp-json\/wp\/v2\/types\/product"}],"wp:featuredmedia":[{"embeddable":true,"href":"https:\/\/secureus.se\/fi\/wp-json\/wp\/v2\/media\/142427"}],"wp:attachment":[{"href":"https:\/\/secureus.se\/fi\/wp-json\/wp\/v2\/media?parent=52497"}],"wp:term":[{"taxonomy":"product_brand","embeddable":true,"href":"https:\/\/secureus.se\/fi\/wp-json\/wp\/v2\/product_brand?post=52497"},{"taxonomy":"product_cat","embeddable":true,"href":"https:\/\/secureus.se\/fi\/wp-json\/wp\/v2\/product_cat?post=52497"},{"taxonomy":"product_tag","embeddable":true,"href":"https:\/\/secureus.se\/fi\/wp-json\/wp\/v2\/product_tag?post=52497"}],"curies":[{"name":"wp","href":"https:\/\/api.w.org\/{rel}","templated":true}]}}