{"id":52500,"date":"2022-06-28T13:15:28","date_gmt":"2022-06-28T11:15:28","guid":{"rendered":"https:\/\/secureus.se\/produkt\/brandfilt-silikon-120x180cm\/"},"modified":"2026-04-23T11:15:32","modified_gmt":"2026-04-23T09:15:32","slug":"brandfilt-silikon-120x180cm","status":"publish","type":"product","link":"https:\/\/secureus.se\/fi\/brandfilt-silikon-120x180cm\/","title":{"rendered":"Silikoni sammutuspeite 120x180cm"},"content":{"rendered":"<h1>Silikoni sammutuspeite 120x180cm<\/h1>\n<p>Silikoninen sammutuspeite 120 x 180 cm.<\/p>\n<p>Silikonilla p\u00e4\u00e4llystetty sammutuspeite sammuttaa tulen nopeammin ja v\u00e4hent\u00e4\u00e4 merkitt\u00e4v\u00e4sti uudelleensyttymisriski\u00e4.<\/p>\n<p>Sammutuspeite kest\u00e4\u00e4 kaasun tunkeutumisen ja kest\u00e4\u00e4 jopa 500 asteen l\u00e4mp\u00f6tiloja ja sammuttaa nopeasti pienemm\u00e4t tulipalot esimerkiksi vaatteissa tai kattiloissa.<\/p>\n<p>Sammutint\u00e4 suositellaan t\u00e4ydent\u00e4m\u00e4\u00e4n 6 kg:n sammutinta.<\/p>\n<p>Sijoita sammutuspeite n\u00e4kyv\u00e4lle paikalle palovaaraan, esimerkiksi keitti\u00f6\u00f6n, autotalliin tai takan viereen.<\/p>\n<p>Kotelon mitat (LxK): 200 x 330 mm.<\/p>\n<p>Minimaalinen siivousty\u00f6 sammutuksen j\u00e4lkeen.<\/p>\n<p>Nopeampi sammutus, pienempi uudelleensyttymisriski.<\/p>\n<p>T\u00e4ytt\u00e4\u00e4 standardin EN 1869:2019 vaatimukset.<\/p>","protected":false},"excerpt":{"rendered":"<p>Sammutuspeite Silikoni 120X180Cm Sammutuspeite silikoni 120 x 180 cm. Silikonilla p\u00e4\u00e4llystetty sammutuspeite sammuttaa tulen nopeammin ja v\u00e4hent\u00e4\u00e4 merkitt\u00e4v\u00e4sti uudelleensyttymisriski\u00e4. Sammutuspeite kest\u00e4\u00e4 kaasun tunkeutumisen ja kest\u00e4\u00e4 l\u00e4mp\u00f6tiloja jopa<\/p>","protected":false},"featured_media":142540,"template":"","meta":{"_acf_changed":false},"product_brand":[],"product_cat":[1533],"product_tag":[],"class_list":{"0":"post-52500","1":"product","2":"type-product","3":"status-publish","4":"has-post-thumbnail","6":"product_cat-brandslackare","7":"product_shipping_class-tunga-paket","8":"tm-no-options","10":"first","11":"outofstock","12":"sale","13":"taxable","14":"shipping-taxable","15":"purchasable","16":"product-type-simple"},"acf":[],"_links":{"self":[{"href":"https:\/\/secureus.se\/fi\/wp-json\/wp\/v2\/product\/52500","targetHints":{"allow":["GET"]}}],"collection":[{"href":"https:\/\/secureus.se\/fi\/wp-json\/wp\/v2\/product"}],"about":[{"href":"https:\/\/secureus.se\/fi\/wp-json\/wp\/v2\/types\/product"}],"wp:featuredmedia":[{"embeddable":true,"href":"https:\/\/secureus.se\/fi\/wp-json\/wp\/v2\/media\/142540"}],"wp:attachment":[{"href":"https:\/\/secureus.se\/fi\/wp-json\/wp\/v2\/media?parent=52500"}],"wp:term":[{"taxonomy":"product_brand","embeddable":true,"href":"https:\/\/secureus.se\/fi\/wp-json\/wp\/v2\/product_brand?post=52500"},{"taxonomy":"product_cat","embeddable":true,"href":"https:\/\/secureus.se\/fi\/wp-json\/wp\/v2\/product_cat?post=52500"},{"taxonomy":"product_tag","embeddable":true,"href":"https:\/\/secureus.se\/fi\/wp-json\/wp\/v2\/product_tag?post=52500"}],"curies":[{"name":"wp","href":"https:\/\/api.w.org\/{rel}","templated":true}]}}