{"id":52501,"date":"2022-06-28T13:15:24","date_gmt":"2022-06-28T11:15:24","guid":{"rendered":"https:\/\/secureus.se\/produkt\/pulverslackare-2-kg-rod-13a\/"},"modified":"2026-04-08T16:46:54","modified_gmt":"2026-04-08T14:46:54","slug":"pulverslackare-2-kg-rod-13a","status":"publish","type":"product","link":"https:\/\/secureus.se\/fi\/pulverslackare-2-kg-rod-13a\/","title":{"rendered":"Jauhesammutin 2 kg Punainen 13A"},"content":{"rendered":"<p>Sopii asuntoon, kes\u00e4m\u00f6kkiin, varastohuoneeseen, asuntovaunuun, asuntovaunuun, autoon, veneeseen jne. Teholuokka 13A 89B C. DNV:n takaama ja sertifioima laatu. Uudelleent\u00e4ytt\u00f6 valtuutetun huoltoteknikon toimesta. Mukana sein\u00e4kiinnike. Painevarattu jauhesammutin, jauhe. Paino t\u00e4ytettyn\u00e4: 3,7 kg. Sammutusaineet: ABC-jauhe. Ponnekaasu: Typpi (N2). K\u00e4ytt\u00f6paine: 14 bar +20\u00b0C. Toimii -30\u00b0C ja +60\u00b0C v\u00e4lill\u00e4. Turvaet\u00e4isyys: 1 metri. Tyhjennysaika: 13 sek. Sammutin on tyyppihyv\u00e4ksytty standardin SS-EN3-7 mukaisesti. Sis\u00e4ltyy Pro Selectiin<\/p>","protected":false},"excerpt":{"rendered":"<p>Sopii asuntoon, kes\u00e4m\u00f6kkiin, varastohuoneeseen, asuntovaunuun, asuntovaunuun, autoon, veneeseen jne. Teholuokka 13A 89B C. DNV:n takaama ja sertifioima laatu. Uudelleent\u00e4ytt\u00f6 valtuutetun huoltoteknikon toimesta. Mukana sein\u00e4kiinnike. Painevarattu jauhesammutin, jauhe.<\/p>","protected":false},"featured_media":143312,"template":"","meta":{"_acf_changed":false},"product_brand":[],"product_cat":[1533],"product_tag":[],"class_list":{"0":"post-52501","1":"product","2":"type-product","3":"status-publish","4":"has-post-thumbnail","6":"product_cat-brandslackare","7":"product_shipping_class-tunga-paket","8":"tm-no-options","10":"first","11":"outofstock","12":"sale","13":"taxable","14":"shipping-taxable","15":"purchasable","16":"product-type-simple"},"acf":[],"_links":{"self":[{"href":"https:\/\/secureus.se\/fi\/wp-json\/wp\/v2\/product\/52501","targetHints":{"allow":["GET"]}}],"collection":[{"href":"https:\/\/secureus.se\/fi\/wp-json\/wp\/v2\/product"}],"about":[{"href":"https:\/\/secureus.se\/fi\/wp-json\/wp\/v2\/types\/product"}],"wp:featuredmedia":[{"embeddable":true,"href":"https:\/\/secureus.se\/fi\/wp-json\/wp\/v2\/media\/143312"}],"wp:attachment":[{"href":"https:\/\/secureus.se\/fi\/wp-json\/wp\/v2\/media?parent=52501"}],"wp:term":[{"taxonomy":"product_brand","embeddable":true,"href":"https:\/\/secureus.se\/fi\/wp-json\/wp\/v2\/product_brand?post=52501"},{"taxonomy":"product_cat","embeddable":true,"href":"https:\/\/secureus.se\/fi\/wp-json\/wp\/v2\/product_cat?post=52501"},{"taxonomy":"product_tag","embeddable":true,"href":"https:\/\/secureus.se\/fi\/wp-json\/wp\/v2\/product_tag?post=52501"}],"curies":[{"name":"wp","href":"https:\/\/api.w.org\/{rel}","templated":true}]}}