{"id":52503,"date":"2022-06-28T13:14:57","date_gmt":"2022-06-28T11:14:57","guid":{"rendered":"https:\/\/secureus.se\/produkt\/brandslackare-6-kg-palmblad\/"},"modified":"2026-04-23T11:15:49","modified_gmt":"2026-04-23T09:15:49","slug":"brandslackare-6-kg-palmblad","status":"publish","type":"product","link":"https:\/\/secureus.se\/fi\/brandslackare-6-kg-palmblad\/","title":{"rendered":"Sammutin 6 kg Palmunlehti\u00e4 - Tyylik\u00e4s muotoilu"},"content":{"rendered":"<p>Nexa-sammutin sopii huvilaan, asuntoon, kes\u00e4m\u00f6kkiin, asuntovaunuun, matkailuautoon, veneeseen jne. Tehokkuusluokka 43A 233B C. Painevarattu jauhesammutin, jauhe. Tarkasta painemittari s\u00e4\u00e4nn\u00f6llisesti v\u00e4hint\u00e4\u00e4n kerran vuodessa. Sammutusaineet: ABC-jauhe. Ponnekaasu: Typpi (N2). K\u00e4ytt\u00f6paine: 14 bar +20\u00b0. Toimii -30\u00b0 ja +60\u00b0 v\u00e4lill\u00e4. Mukana turvaet\u00e4isyys 1 m.<\/p>","protected":false},"excerpt":{"rendered":"<p>Nexa-sammutin sopii huvilaan, asuntoon, kes\u00e4m\u00f6kkiin, asuntovaunuun, matkailuautoon, veneeseen jne. Tehokkuusluokka 43A 233B C. Painevarattu jauhesammutin, jauhe. Tarkasta painemittari s\u00e4\u00e4nn\u00f6llisesti v\u00e4hint\u00e4\u00e4n kerran vuodessa. Sammutusaineet: ABC-jauhe. Ponnekaasu: typpi<\/p>","protected":false},"featured_media":142887,"template":"","meta":{"_acf_changed":false},"product_brand":[],"product_cat":[1533],"product_tag":[],"class_list":{"0":"post-52503","1":"product","2":"type-product","3":"status-publish","4":"has-post-thumbnail","6":"product_cat-brandslackare","7":"product_shipping_class-tunga-paket","8":"pa_brands-nexa","9":"tm-no-options","11":"first","12":"instock","13":"sale","14":"taxable","15":"shipping-taxable","16":"purchasable","17":"product-type-simple"},"acf":[],"_links":{"self":[{"href":"https:\/\/secureus.se\/fi\/wp-json\/wp\/v2\/product\/52503","targetHints":{"allow":["GET"]}}],"collection":[{"href":"https:\/\/secureus.se\/fi\/wp-json\/wp\/v2\/product"}],"about":[{"href":"https:\/\/secureus.se\/fi\/wp-json\/wp\/v2\/types\/product"}],"wp:featuredmedia":[{"embeddable":true,"href":"https:\/\/secureus.se\/fi\/wp-json\/wp\/v2\/media\/142887"}],"wp:attachment":[{"href":"https:\/\/secureus.se\/fi\/wp-json\/wp\/v2\/media?parent=52503"}],"wp:term":[{"taxonomy":"product_brand","embeddable":true,"href":"https:\/\/secureus.se\/fi\/wp-json\/wp\/v2\/product_brand?post=52503"},{"taxonomy":"product_cat","embeddable":true,"href":"https:\/\/secureus.se\/fi\/wp-json\/wp\/v2\/product_cat?post=52503"},{"taxonomy":"product_tag","embeddable":true,"href":"https:\/\/secureus.se\/fi\/wp-json\/wp\/v2\/product_tag?post=52503"}],"curies":[{"name":"wp","href":"https:\/\/api.w.org\/{rel}","templated":true}]}}