{"id":52520,"date":"2022-06-28T13:09:16","date_gmt":"2022-06-28T11:09:16","guid":{"rendered":"https:\/\/secureus.se\/produkt\/utomhussiren-blixtljus-as61\/"},"modified":"2026-03-26T11:58:22","modified_gmt":"2026-03-26T10:58:22","slug":"utomhussiren-blixtljus-as61","status":"publish","type":"product","link":"https:\/\/secureus.se\/fi\/utomhussiren-blixtljus-as61\/","title":{"rendered":"Outdoor Siren Strobe Light As610"},"content":{"rendered":"<h1>Utomhussiren Blixtljus As610<\/h1>\n<p data-start=\"167\" data-end=\"286\"><span class=\"relative -mx-px my-[-0.2rem] rounded px-px py-[0.2rem]\">AS610 \u00e4r en sj\u00e4laktiverande utomhussiren som kombinerar kraftfull ljudsignalering med ett integrerat blixtljus, vilket g\u00f6r den idealisk f\u00f6r att avskr\u00e4cka obeh\u00f6riga och informera om s\u00e4kerhetshot.<\/span><\/p>\n<p data-start=\"167\" data-end=\"286\"><span class=\"relative -mx-px my-[-0.2rem] rounded px-px py-[0.2rem]\">Den \u00e4r s\u00e4rskilt utformad f\u00f6r att motst\u00e5 b\u00e5de fysiska p\u00e5frestningar och ogynnsamma v\u00e4derf\u00f6rh\u00e5llanden, vilket s\u00e4kerst\u00e4ller l\u00e5ngvarig och p\u00e5litlig drift.<\/span>\u200b<\/p>\n<p data-start=\"288\" data-end=\"317\"><strong data-start=\"288\" data-end=\"317\">Tekniska specifikationer:<\/strong><\/p>\n<ul data-start=\"319\" data-end=\"1156\">\n<li data-start=\"319\" data-end=\"416\">\n<p data-start=\"321\" data-end=\"416\"><strong data-start=\"321\" data-end=\"334\">Ljudniv\u00e5:<\/strong> <span class=\"relative -mx-px my-[-0.2rem] rounded px-px py-[0.2rem]\">Sirenens ljudutg\u00e5ng uppg\u00e5r till 118 dB vid en meters avst\u00e5nd, vilket motsvarar 109 dB vid tre meters avst\u00e5nd. Detta s\u00e4kerst\u00e4ller att larmet \u00e4r h\u00f6rbart \u00e4ven i bullriga milj\u00f6er.<\/span>\u200b<\/p>\n<\/li>\n<li data-start=\"418\" data-end=\"516\">\n<p data-start=\"420\" data-end=\"516\"><strong data-start=\"420\" data-end=\"434\">Blixtljus:<\/strong> <span class=\"relative -mx-px my-[-0.2rem] rounded px-px py-[0.2rem]\">Utrustad med ett orange blixtljus som avger upp till 100 000 ljuslumens med en blinkfrekvens p\u00e5 60 blinkningar per minut.<\/span>\u200b<\/p>\n<\/li>\n<li data-start=\"518\" data-end=\"627\">\n<p data-start=\"520\" data-end=\"627\"><strong data-start=\"520\" data-end=\"541\">Str\u00f6mf\u00f6rs\u00f6rjning:<\/strong> <span class=\"relative -mx-px my-[-0.2rem] rounded px-px py-[0.2rem]\">Drivs med en sp\u00e4nning p\u00e5 13,0 till 14,2 VDC<\/span><\/p>\n<\/li>\n<li data-start=\"629\" data-end=\"738\">\n<p data-start=\"631\" data-end=\"738\"><strong data-start=\"631\" data-end=\"652\">Str\u00f6mf\u00f6rbrukning:<\/strong> <span class=\"relative -mx-px my-[-0.2rem] rounded px-px py-[0.2rem]\">Under drift f\u00f6rbrukar sirenen cirka 600 mA, medan vilostr\u00f6mmen \u00e4r cirka 25 mA.<\/span>\u200b<\/p>\n<\/li>\n<li data-start=\"740\" data-end=\"849\">\n<p data-start=\"742\" data-end=\"849\"><strong data-start=\"742\" data-end=\"763\">Temperaturomr\u00e5de:<\/strong> <span class=\"relative -mx-px my-[-0.2rem] rounded px-px py-[0.2rem]\">Konstruerad f\u00f6r att fungera i temperaturer fr\u00e5n -25 \u00b0C till +55 \u00b0C utan batteri, och fr\u00e5n 0 \u00b0C till +40 \u00b0C med batteri.<\/span><\/p>\n<\/li>\n<li data-start=\"851\" data-end=\"958\">\n<p data-start=\"853\" data-end=\"958\"><strong data-start=\"853\" data-end=\"872\">Kapslingsklass:<\/strong> <span class=\"relative -mx-px my-[-0.2rem] rounded px-px py-[0.2rem]\">IP35, vilket inneb\u00e4r att den \u00e4r skyddad mot damm och vattenst\u00e4nk.<\/span>\u200b<\/p>\n<\/li>\n<li data-start=\"960\" data-end=\"1057\">\n<p data-start=\"962\" data-end=\"1057\"><strong data-start=\"962\" data-end=\"971\">M\u00e5tt:<\/strong> <span class=\"relative -mx-px my-[-0.2rem] rounded px-px py-[0.2rem]\">305 mm i bredd, 220 mm i h\u00f6jd och 87 mm i djup.<\/span>\u200b<\/p>\n<\/li>\n<li data-start=\"1059\" data-end=\"1156\">\n<p data-start=\"1061\" data-end=\"1156\"><strong data-start=\"1061\" data-end=\"1070\">Vikt:<\/strong> <span class=\"relative -mx-px my-[-0.2rem] rounded px-px py-[0.2rem]\">Cirka 2,5 kg.<\/span>\u200b<\/p>\n<\/li>\n<\/ul>\n<p data-start=\"1158\" data-end=\"1187\"><strong data-start=\"1158\" data-end=\"1187\">Byglar och inst\u00e4llningar:<\/strong><\/p>\n<ul data-start=\"1189\" data-end=\"1400\">\n<li data-start=\"1189\" data-end=\"1292\">\n<p data-start=\"1191\" data-end=\"1292\"><strong data-start=\"1191\" data-end=\"1206\">Stopptimer:<\/strong> <span class=\"relative -mx-px my-[-0.2rem] rounded px-px py-[0.2rem]\">Levereras med en standardinst\u00e4lld stopptimer p\u00e5 3 minuter, justerbar till 5, 10 eller 20 minuter via byglarna J1 och J2<\/span><\/p>\n<\/li>\n<li data-start=\"1294\" data-end=\"1400\">\n<p data-start=\"1296\" data-end=\"1400\"><strong data-start=\"1296\" data-end=\"1314\">Startsp\u00e4nning:<\/strong> <span class=\"relative -mx-px my-[-0.2rem] rounded px-px py-[0.2rem]\">Genom att justera byglarna J4, J5, J6 och J7 kan man st\u00e4lla in startsp\u00e4nningen f\u00f6r b\u00e5de siren och blixtljus individuellt.<\/span>\u200b<\/p>\n<\/li>\n<\/ul>\n<p data-start=\"1402\" data-end=\"1433\"><strong data-start=\"1402\" data-end=\"1433\">Installation och montering:<\/strong><\/p>\n<p data-start=\"1435\" data-end=\"1560\"><span class=\"relative -mx-px my-[-0.2rem] rounded px-px py-[0.2rem]\">AS610 \u00e4r designad f\u00f6r enkel installation och levereras med tydliga instruktioner.<\/span> <span class=\"relative -mx-px my-[-0.2rem] rounded px-px py-[0.2rem]\">Det \u00e4r viktigt att f\u00f6lja installationsmanualen noggrant f\u00f6r att s\u00e4kerst\u00e4lla korrekt funktion och undvika skador.<\/span>\u200b<\/p>\n<p data-start=\"1562\" data-end=\"1581\"><strong data-start=\"1562\" data-end=\"1581\">Sammanfattning:<\/strong><\/p>\n<p data-start=\"1583\" data-end=\"1708\"><span class=\"relative -mx-px my-[-0.2rem] rounded px-px py-[0.2rem]\">AS610 utomhussiren kombinerar h\u00f6g ljudniv\u00e5 med ett kraftfullt blixtljus i en robust och v\u00e4dert\u00e5lig design.<\/span><\/p>\n<p data-start=\"1583\" data-end=\"1708\"><span class=\"relative -mx-px my-[-0.2rem] rounded px-px py-[0.2rem]\">Den erbjuder flexibilitet genom justerbara inst\u00e4llningar f\u00f6r stopptimer och startsp\u00e4nning, vilket g\u00f6r den till ett utm\u00e4rkt val f\u00f6r b\u00e5de nya installationer och uppgraderingar av befintliga s\u00e4kerhetssystem.<\/span><\/p>\n<p>&nbsp;<\/p>\n","protected":false},"excerpt":{"rendered":"<p><span class=\"relative -mx-px my-[-0.2rem] rounded px-px py-[0.2rem]\">AS610 \u00e4r en h\u00f6gkvalitativ utomhussiren med integrerad blixtljusfunktion, designad f\u00f6r att uppfylla moderna s\u00e4kerhets- och milj\u00f6krav.<\/span><\/p>\n<p><span class=\"relative -mx-px my-[-0.2rem] rounded px-px py-[0.2rem]\">Med en ljudniv\u00e5 p\u00e5 114 dB vid tre meters avst\u00e5nd och en h\u00e5llbar kapsling av UV-best\u00e4ndig polykarbonat, erbjuder den p\u00e5litlig prestanda i alla v\u00e4derf\u00f6rh\u00e5llanden.<\/span><\/p>\n","protected":false},"featured_media":143028,"template":"","meta":{"_acf_changed":false},"product_brand":[],"product_cat":[5103,1562],"product_tag":[2266,2262,2422,2420],"class_list":{"0":"post-52520","1":"product","2":"type-product","3":"status-publish","4":"has-post-thumbnail","6":"product_cat-blixtljus-kombisiren","7":"product_cat-larmdon-blixtljus","8":"product_tag-larmdon-blixtljus-blixtljus-i-samma-enhet","9":"product_tag-larmdon-siren-utomhus","10":"product_tag-rel-brand","11":"product_tag-rel-larmdonblixt","12":"product_shipping_class-tunga-paket","13":"pa_brands-aritech","14":"tm-no-options","16":"first","17":"instock","18":"sale","19":"taxable","20":"shipping-taxable","21":"purchasable","22":"product-type-simple"},"acf":[],"_links":{"self":[{"href":"https:\/\/secureus.se\/fi\/wp-json\/wp\/v2\/product\/52520","targetHints":{"allow":["GET"]}}],"collection":[{"href":"https:\/\/secureus.se\/fi\/wp-json\/wp\/v2\/product"}],"about":[{"href":"https:\/\/secureus.se\/fi\/wp-json\/wp\/v2\/types\/product"}],"wp:featuredmedia":[{"embeddable":true,"href":"https:\/\/secureus.se\/fi\/wp-json\/wp\/v2\/media\/143028"}],"wp:attachment":[{"href":"https:\/\/secureus.se\/fi\/wp-json\/wp\/v2\/media?parent=52520"}],"wp:term":[{"taxonomy":"product_brand","embeddable":true,"href":"https:\/\/secureus.se\/fi\/wp-json\/wp\/v2\/product_brand?post=52520"},{"taxonomy":"product_cat","embeddable":true,"href":"https:\/\/secureus.se\/fi\/wp-json\/wp\/v2\/product_cat?post=52520"},{"taxonomy":"product_tag","embeddable":true,"href":"https:\/\/secureus.se\/fi\/wp-json\/wp\/v2\/product_tag?post=52520"}],"curies":[{"name":"wp","href":"https:\/\/api.w.org\/{rel}","templated":true}]}}