{"id":53400,"date":"2022-06-23T15:28:45","date_gmt":"2022-06-23T13:28:45","guid":{"rendered":"https:\/\/secureus.se\/produkt\/sladdtr-kn-med-signut-p-v\/"},"modified":"2026-03-26T12:11:32","modified_gmt":"2026-03-26T11:11:32","slug":"sladdtr-kn-med-signut-p-v","status":"publish","type":"product","link":"https:\/\/secureus.se\/fi\/sladdtr-kn-med-signut-p-v\/","title":{"rendered":"Sladtr Kn Signut PV:n kanssa"},"content":{"rendered":"<p>RWC-johdon painike telepistokkeella RWC-h\u00e4t\u00e4signaalipainikkeelle, jossa on signaaliliit\u00e4nt\u00e4 (53 063 38). Toimitetaan pidikkeen kanssa. 1-napainen sulkeminen, max 20V DC, max 20mA, pituus 2 metri\u00e4, 2-napainen liit\u00e4nt\u00e4pistoke 6,35mm. Valmistettu termoplastista.<\/p>","protected":false},"excerpt":{"rendered":"<p>RWC-johdon painike telepistokkeella RWC-h\u00e4t\u00e4signaalipainikkeelle, jossa on signaaliliit\u00e4nt\u00e4 (53 063 38). Toimitetaan pidikkeen kanssa. 1-napainen sulkeminen, max 20V DC, max 20mA, pituus 2 metri\u00e4, 2-napainen liit\u00e4nt\u00e4pistoke 6,35mm. Tehty sis\u00e4\u00e4n<\/p>","protected":false},"featured_media":143495,"template":"","meta":{"_acf_changed":false},"product_brand":[],"product_cat":[1603],"product_tag":[],"class_list":{"0":"post-53400","1":"product","2":"type-product","3":"status-publish","4":"has-post-thumbnail","6":"product_cat-tillbehor-till-rwc-larm","7":"product_shipping_class-tunga-paket","8":"pa_farg-vit","9":"tm-no-options","11":"first","12":"instock","13":"sale","14":"taxable","15":"shipping-taxable","16":"purchasable","17":"product-type-simple"},"acf":[],"_links":{"self":[{"href":"https:\/\/secureus.se\/fi\/wp-json\/wp\/v2\/product\/53400","targetHints":{"allow":["GET"]}}],"collection":[{"href":"https:\/\/secureus.se\/fi\/wp-json\/wp\/v2\/product"}],"about":[{"href":"https:\/\/secureus.se\/fi\/wp-json\/wp\/v2\/types\/product"}],"wp:featuredmedia":[{"embeddable":true,"href":"https:\/\/secureus.se\/fi\/wp-json\/wp\/v2\/media\/143495"}],"wp:attachment":[{"href":"https:\/\/secureus.se\/fi\/wp-json\/wp\/v2\/media?parent=53400"}],"wp:term":[{"taxonomy":"product_brand","embeddable":true,"href":"https:\/\/secureus.se\/fi\/wp-json\/wp\/v2\/product_brand?post=53400"},{"taxonomy":"product_cat","embeddable":true,"href":"https:\/\/secureus.se\/fi\/wp-json\/wp\/v2\/product_cat?post=53400"},{"taxonomy":"product_tag","embeddable":true,"href":"https:\/\/secureus.se\/fi\/wp-json\/wp\/v2\/product_tag?post=53400"}],"curies":[{"name":"wp","href":"https:\/\/api.w.org\/{rel}","templated":true}]}}