{"id":53405,"date":"2022-06-23T15:27:16","date_gmt":"2022-06-23T13:27:16","guid":{"rendered":"https:\/\/secureus.se\/produkt\/rwc-nodsignalskn-drag-s-1-vit\/"},"modified":"2026-04-08T16:44:31","modified_gmt":"2026-04-08T14:44:31","slug":"rwc-nodsignalskn-drag-s-1-vit","status":"publish","type":"product","link":"https:\/\/secureus.se\/fi\/rwc-nodsignalskn-drag-s-1-vit\/","title":{"rendered":"Rwc H\u00e4t\u00e4signaali skn Ved\u00e4 S.1 Valkoinen"},"content":{"rendered":"<p>H\u00e4t\u00e4merkkipainike vetojohdolla, kehyksell\u00e4, vetojohdon pituus 2 metri\u00e4, sein\u00e4\/kiinnitys, ruuviliit\u00e4nt\u00e4, 24V, Sarja berker S.1, Valkoinen.<\/p>","protected":false},"excerpt":{"rendered":"<p>H\u00e4t\u00e4merkkipainike vetojohdolla, kehyksell\u00e4, vetojohdon pituus 2 metri\u00e4, sein\u00e4\/kiinnitys, ruuviliit\u00e4nt\u00e4, 24V, Sarja berker S.1, Valkoinen.<\/p>","protected":false},"featured_media":143376,"template":"","meta":{"_acf_changed":false},"product_brand":[],"product_cat":[1605],"product_tag":[],"class_list":{"0":"post-53405","1":"product","2":"type-product","3":"status-publish","4":"has-post-thumbnail","6":"product_cat-komponenter-till-rwc-larm","7":"product_shipping_class-tunga-paket","8":"pa_farg-vit","9":"tm-no-options","11":"first","12":"outofstock","13":"sale","14":"taxable","15":"shipping-taxable","16":"purchasable","17":"product-type-simple"},"acf":[],"_links":{"self":[{"href":"https:\/\/secureus.se\/fi\/wp-json\/wp\/v2\/product\/53405","targetHints":{"allow":["GET"]}}],"collection":[{"href":"https:\/\/secureus.se\/fi\/wp-json\/wp\/v2\/product"}],"about":[{"href":"https:\/\/secureus.se\/fi\/wp-json\/wp\/v2\/types\/product"}],"wp:featuredmedia":[{"embeddable":true,"href":"https:\/\/secureus.se\/fi\/wp-json\/wp\/v2\/media\/143376"}],"wp:attachment":[{"href":"https:\/\/secureus.se\/fi\/wp-json\/wp\/v2\/media?parent=53405"}],"wp:term":[{"taxonomy":"product_brand","embeddable":true,"href":"https:\/\/secureus.se\/fi\/wp-json\/wp\/v2\/product_brand?post=53405"},{"taxonomy":"product_cat","embeddable":true,"href":"https:\/\/secureus.se\/fi\/wp-json\/wp\/v2\/product_cat?post=53405"},{"taxonomy":"product_tag","embeddable":true,"href":"https:\/\/secureus.se\/fi\/wp-json\/wp\/v2\/product_tag?post=53405"}],"curies":[{"name":"wp","href":"https:\/\/api.w.org\/{rel}","templated":true}]}}