{"id":53413,"date":"2022-06-23T15:25:15","date_gmt":"2022-06-23T13:25:15","guid":{"rendered":"https:\/\/secureus.se\/produkt\/rwc-nodknapp\/"},"modified":"2026-04-23T11:55:56","modified_gmt":"2026-04-23T09:55:56","slug":"rwc-nodknapp","status":"publish","type":"product","link":"https:\/\/secureus.se\/fi\/rwc-nodknapp\/","title":{"rendered":"Rwc h\u00e4t\u00e4painike"},"content":{"rendered":"<p>H\u00e4t\u00e4signaalipainike on yhdistetty useisiin Exxact RWC -sarjan laitteisiin t\u00e4ydellisen j\u00e4rjestelm\u00e4n aikaansaamiseksi. Asennetaan laitelaatikkoon c\/c 60mm tai pinta-asennukseen 21mm laatikkoon. Mukana valinnainen Exxact-kehys.<\/p>","protected":false},"excerpt":{"rendered":"<p>H\u00e4t\u00e4signaalipainike on yhdistetty useisiin Exxact RWC -sarjan laitteisiin t\u00e4ydellisen j\u00e4rjestelm\u00e4n aikaansaamiseksi. Asennetaan laitelaatikkoon c\/c 60mm tai pinta-asennukseen 21mm laatikkoon. Mukana valinnainen Exxact-kehys.<\/p>","protected":false},"featured_media":144206,"template":"","meta":{"_acf_changed":false},"product_brand":[],"product_cat":[1605],"product_tag":[],"class_list":{"0":"post-53413","1":"product","2":"type-product","3":"status-publish","4":"has-post-thumbnail","6":"product_cat-komponenter-till-rwc-larm","7":"product_shipping_class-tunga-paket","8":"pa_farg-vit","9":"tm-no-options","11":"first","12":"instock","13":"sale","14":"taxable","15":"shipping-taxable","16":"purchasable","17":"product-type-simple"},"acf":[],"_links":{"self":[{"href":"https:\/\/secureus.se\/fi\/wp-json\/wp\/v2\/product\/53413","targetHints":{"allow":["GET"]}}],"collection":[{"href":"https:\/\/secureus.se\/fi\/wp-json\/wp\/v2\/product"}],"about":[{"href":"https:\/\/secureus.se\/fi\/wp-json\/wp\/v2\/types\/product"}],"wp:featuredmedia":[{"embeddable":true,"href":"https:\/\/secureus.se\/fi\/wp-json\/wp\/v2\/media\/144206"}],"wp:attachment":[{"href":"https:\/\/secureus.se\/fi\/wp-json\/wp\/v2\/media?parent=53413"}],"wp:term":[{"taxonomy":"product_brand","embeddable":true,"href":"https:\/\/secureus.se\/fi\/wp-json\/wp\/v2\/product_brand?post=53413"},{"taxonomy":"product_cat","embeddable":true,"href":"https:\/\/secureus.se\/fi\/wp-json\/wp\/v2\/product_cat?post=53413"},{"taxonomy":"product_tag","embeddable":true,"href":"https:\/\/secureus.se\/fi\/wp-json\/wp\/v2\/product_tag?post=53413"}],"curies":[{"name":"wp","href":"https:\/\/api.w.org\/{rel}","templated":true}]}}