{"id":53418,"date":"2022-06-23T15:11:42","date_gmt":"2022-06-23T13:11:42","guid":{"rendered":"https:\/\/secureus.se\/produkt\/signaluttag\/"},"modified":"2026-03-26T12:18:10","modified_gmt":"2026-03-26T11:18:10","slug":"signaluttag","status":"publish","type":"product","link":"https:\/\/secureus.se\/fi\/signaluttag\/","title":{"rendered":"Signaalin l\u00e4ht\u00f6"},"content":{"rendered":"<p>Signaaliliit\u00e4nt\u00e4 on sein\u00e4pistorasia 6,3 mm:n Jack-liit\u00e4nn\u00e4lle (stereo). Sit\u00e4 voidaan k\u00e4ytt\u00e4\u00e4 signaali- ja h\u00e4t\u00e4puheluj\u00e4rjestelmiss\u00e4 ohjauspainikkeen liit\u00e4nt\u00e4kaapelin ulostulona sek\u00e4 kuulokkeiden tai kaiuttimien liit\u00e4nt\u00e4n\u00e4. Merkint\u00e4mahdollisuus tyyppikilvess\u00e4.<\/p>","protected":false},"excerpt":{"rendered":"<p>Signaaliliit\u00e4nt\u00e4 on sein\u00e4pistorasia 6,3 mm:n Jack-liit\u00e4nn\u00e4lle (stereo). Sit\u00e4 voidaan k\u00e4ytt\u00e4\u00e4 signaali- ja h\u00e4t\u00e4puheluj\u00e4rjestelmiss\u00e4 ohjauspainikkeen liit\u00e4nt\u00e4kaapelin ulostulona sek\u00e4 kuulokkeiden tai kaiuttimien liit\u00e4nt\u00e4n\u00e4. Merkint\u00e4mahdollisuus tyyppikilvess\u00e4.<\/p>","protected":false},"featured_media":144259,"template":"","meta":{"_acf_changed":false},"product_brand":[],"product_cat":[1608],"product_tag":[],"class_list":{"0":"post-53418","1":"product","2":"type-product","3":"status-publish","4":"has-post-thumbnail","6":"product_cat-larmknappar","7":"product_shipping_class-tunga-paket","8":"pa_farg-vit","9":"tm-no-options","11":"first","12":"outofstock","13":"sale","14":"taxable","15":"shipping-taxable","16":"purchasable","17":"product-type-simple"},"acf":[],"_links":{"self":[{"href":"https:\/\/secureus.se\/fi\/wp-json\/wp\/v2\/product\/53418","targetHints":{"allow":["GET"]}}],"collection":[{"href":"https:\/\/secureus.se\/fi\/wp-json\/wp\/v2\/product"}],"about":[{"href":"https:\/\/secureus.se\/fi\/wp-json\/wp\/v2\/types\/product"}],"wp:featuredmedia":[{"embeddable":true,"href":"https:\/\/secureus.se\/fi\/wp-json\/wp\/v2\/media\/144259"}],"wp:attachment":[{"href":"https:\/\/secureus.se\/fi\/wp-json\/wp\/v2\/media?parent=53418"}],"wp:term":[{"taxonomy":"product_brand","embeddable":true,"href":"https:\/\/secureus.se\/fi\/wp-json\/wp\/v2\/product_brand?post=53418"},{"taxonomy":"product_cat","embeddable":true,"href":"https:\/\/secureus.se\/fi\/wp-json\/wp\/v2\/product_cat?post=53418"},{"taxonomy":"product_tag","embeddable":true,"href":"https:\/\/secureus.se\/fi\/wp-json\/wp\/v2\/product_tag?post=53418"}],"curies":[{"name":"wp","href":"https:\/\/api.w.org\/{rel}","templated":true}]}}