{"id":53422,"date":"2022-06-23T15:28:15","date_gmt":"2022-06-23T13:28:15","guid":{"rendered":"https:\/\/secureus.se\/produkt\/rwc-transformator-infalld\/"},"modified":"2026-04-23T11:58:32","modified_gmt":"2026-04-23T09:58:32","slug":"rwc-transformator-infalld","status":"publish","type":"product","link":"https:\/\/secureus.se\/fi\/rwc-transformator-infalld\/","title":{"rendered":"Upotettu Rwc-muuntaja"},"content":{"rendered":"<p>Muuntaja 230\/12V AC Exxact RWC -laitteiden virransy\u00f6tt\u00f6\u00f6n, sy\u00f6tt\u00e4\u00e4 tehoa enint\u00e4\u00e4n yhdelle RWC-paketille. Upotettavaa asennusta varten laitelaatikkoon 1-osastoinen RWC-tuote voidaan asentaa muuntajan p\u00e4\u00e4lle k\u00e4ytt\u00e4m\u00e4ll\u00e4 matalaa 21 mm:n rasiaa. Asennetaan laitelaatikkoon c\/c 60 mm tai pinta-asennukseen 35 mm laatikkoon. Mukana valinnainen Exxact-kehys.<\/p>","protected":false},"excerpt":{"rendered":"<p>Muuntaja 230\/12V AC Exxact RWC -laitteiden virransy\u00f6tt\u00f6\u00f6n, sy\u00f6tt\u00e4\u00e4 virtaa enint\u00e4\u00e4n yhdelle RWC-paketille. Upotettavaa asennusta varten laitelaatikkoon 1-osastoinen RWC-tuote voidaan asentaa muuntajan p\u00e4\u00e4lle k\u00e4ytt\u00e4m\u00e4ll\u00e4 matalaa laatikkoa 21<\/p>","protected":false},"featured_media":143513,"template":"","meta":{"_acf_changed":false},"product_brand":[],"product_cat":[1604],"product_tag":[],"class_list":{"0":"post-53422","1":"product","2":"type-product","3":"status-publish","4":"has-post-thumbnail","6":"product_cat-stromforsorjning-till-rwc-larm","7":"product_shipping_class-tunga-paket","8":"pa_brands-schneider-electric","9":"pa_farg-vit","10":"tm-no-options","12":"first","13":"instock","14":"sale","15":"taxable","16":"shipping-taxable","17":"purchasable","18":"product-type-simple"},"acf":[],"_links":{"self":[{"href":"https:\/\/secureus.se\/fi\/wp-json\/wp\/v2\/product\/53422","targetHints":{"allow":["GET"]}}],"collection":[{"href":"https:\/\/secureus.se\/fi\/wp-json\/wp\/v2\/product"}],"about":[{"href":"https:\/\/secureus.se\/fi\/wp-json\/wp\/v2\/types\/product"}],"wp:featuredmedia":[{"embeddable":true,"href":"https:\/\/secureus.se\/fi\/wp-json\/wp\/v2\/media\/143513"}],"wp:attachment":[{"href":"https:\/\/secureus.se\/fi\/wp-json\/wp\/v2\/media?parent=53422"}],"wp:term":[{"taxonomy":"product_brand","embeddable":true,"href":"https:\/\/secureus.se\/fi\/wp-json\/wp\/v2\/product_brand?post=53422"},{"taxonomy":"product_cat","embeddable":true,"href":"https:\/\/secureus.se\/fi\/wp-json\/wp\/v2\/product_cat?post=53422"},{"taxonomy":"product_tag","embeddable":true,"href":"https:\/\/secureus.se\/fi\/wp-json\/wp\/v2\/product_tag?post=53422"}],"curies":[{"name":"wp","href":"https:\/\/api.w.org\/{rel}","templated":true}]}}