{"id":53423,"date":"2022-06-23T15:27:55","date_gmt":"2022-06-23T13:27:55","guid":{"rendered":"https:\/\/secureus.se\/produkt\/anropsapp-drag-nodsignal\/"},"modified":"2026-04-08T16:46:06","modified_gmt":"2026-04-08T14:46:06","slug":"anropsapp-drag-nodsignal","status":"publish","type":"product","link":"https:\/\/secureus.se\/fi\/anropsapp-drag-nodsignal\/","title":{"rendered":"Soita sovellus Ved\u00e4 &quot;h\u00e4t\u00e4signaali&quot;"},"content":{"rendered":"<p>Laitteessa on 2 metrin vetonaru ja punainen kuittausdiodi kannessa olevan 2 mm:n valoohjaimen alla. Paina kantta: \u201dH\u00e4t\u00e4signaali\u201d. Kytkent\u00e4 tapahtuu nostettavalla ruuviliittimell\u00e4, jossa on johdinsuoja. Upotettavaan asennukseen py\u00f6re\u00e4\u00e4n laitelaatikkoon c\/c 60mm tai pinta-asennukseen sein\u00e4kehykseen 5020012 (korkeus 16mm). P\u00e4\u00e4llinen ruuvikiinnitykseen valkoista kestomuovia.<\/p>","protected":false},"excerpt":{"rendered":"<p>Laitteessa on 2 metrin vetonaru ja punainen kuittausdiodi kannessa olevan 2 mm:n valoohjaimen alla. Paina kantta: &quot;H\u00e4t\u00e4signaali&quot;. Kytkent\u00e4 tapahtuu nostettavalla ruuviliittimell\u00e4, jossa on johdinsuoja. Uppoasennukseen py\u00f6re\u00e4n\u00e4<\/p>","protected":false},"featured_media":143735,"template":"","meta":{"_acf_changed":false},"product_brand":[],"product_cat":[1605],"product_tag":[],"class_list":{"0":"post-53423","1":"product","2":"type-product","3":"status-publish","4":"has-post-thumbnail","6":"product_cat-komponenter-till-rwc-larm","7":"product_shipping_class-tunga-paket","8":"pa_farg-vit","9":"tm-no-options","11":"first","12":"outofstock","13":"sale","14":"taxable","15":"shipping-taxable","16":"purchasable","17":"product-type-simple"},"acf":[],"_links":{"self":[{"href":"https:\/\/secureus.se\/fi\/wp-json\/wp\/v2\/product\/53423","targetHints":{"allow":["GET"]}}],"collection":[{"href":"https:\/\/secureus.se\/fi\/wp-json\/wp\/v2\/product"}],"about":[{"href":"https:\/\/secureus.se\/fi\/wp-json\/wp\/v2\/types\/product"}],"wp:featuredmedia":[{"embeddable":true,"href":"https:\/\/secureus.se\/fi\/wp-json\/wp\/v2\/media\/143735"}],"wp:attachment":[{"href":"https:\/\/secureus.se\/fi\/wp-json\/wp\/v2\/media?parent=53423"}],"wp:term":[{"taxonomy":"product_brand","embeddable":true,"href":"https:\/\/secureus.se\/fi\/wp-json\/wp\/v2\/product_brand?post=53423"},{"taxonomy":"product_cat","embeddable":true,"href":"https:\/\/secureus.se\/fi\/wp-json\/wp\/v2\/product_cat?post=53423"},{"taxonomy":"product_tag","embeddable":true,"href":"https:\/\/secureus.se\/fi\/wp-json\/wp\/v2\/product_tag?post=53423"}],"curies":[{"name":"wp","href":"https:\/\/api.w.org\/{rel}","templated":true}]}}