{"id":53429,"date":"2022-06-23T15:23:52","date_gmt":"2022-06-23T13:23:52","guid":{"rendered":"https:\/\/secureus.se\/produkt\/rwc-set-rv\/"},"modified":"2026-04-08T16:46:43","modified_gmt":"2026-04-08T14:46:43","slug":"rwc-set-rv","status":"publish","type":"product","link":"https:\/\/secureus.se\/fi\/rwc-set-rv\/","title":{"rendered":"Rwc-Set Rv"},"content":{"rendered":"<p>RWC setti. T\u00e4ydellinen paketti laitteineen (ei virtal\u00e4hdett\u00e4) normaaliin asennukseen inva-wc:hen. Nimellisj\u00e4nnite: 24V AC\/DC. RWC-sarja koostuu 1 huonevalaisimesta, 2 signaalipainikkeesta ja 1 nollauspainikkeesta. J\u00e4rjestelm\u00e4 liitet\u00e4\u00e4n valinnaisesti 24V AC tai DC.<\/p>\n<ul class=\"\">\n<li><a class=\"produkt-slide-bild produkt-bild-fil\" href=\"http:\/\/www.elko.se\/5504540\" target=\"_blank\" rel=\"noopener\"><i class=\"fa fa-file-o\"><\/i>\u00a0Linkki tuotesivulle<\/a><\/li>\n<\/ul>","protected":false},"excerpt":{"rendered":"<p>RWC setti. T\u00e4ydellinen laitepaketti (paitsi virtal\u00e4hde) normaaliin asennukseen inva-wc:hen. Nimellisj\u00e4nnite: 24V AC\/DC. RWC-sarja koostuu 1 huonevalaisimesta, 2 signaalipainikkeesta ja 1 nollauspainikkeesta. Laitos<\/p>","protected":false},"featured_media":143404,"template":"","meta":{"_acf_changed":false},"product_brand":[],"product_cat":[1606],"product_tag":[],"class_list":{"0":"post-53429","1":"product","2":"type-product","3":"status-publish","4":"has-post-thumbnail","6":"product_cat-rwc-larm","7":"product_shipping_class-tunga-paket","8":"pa_brands-elko","9":"pa_farg-vit","10":"tm-no-options","12":"first","13":"instock","14":"sale","15":"taxable","16":"shipping-taxable","17":"purchasable","18":"product-type-simple"},"acf":[],"_links":{"self":[{"href":"https:\/\/secureus.se\/fi\/wp-json\/wp\/v2\/product\/53429","targetHints":{"allow":["GET"]}}],"collection":[{"href":"https:\/\/secureus.se\/fi\/wp-json\/wp\/v2\/product"}],"about":[{"href":"https:\/\/secureus.se\/fi\/wp-json\/wp\/v2\/types\/product"}],"wp:featuredmedia":[{"embeddable":true,"href":"https:\/\/secureus.se\/fi\/wp-json\/wp\/v2\/media\/143404"}],"wp:attachment":[{"href":"https:\/\/secureus.se\/fi\/wp-json\/wp\/v2\/media?parent=53429"}],"wp:term":[{"taxonomy":"product_brand","embeddable":true,"href":"https:\/\/secureus.se\/fi\/wp-json\/wp\/v2\/product_brand?post=53429"},{"taxonomy":"product_cat","embeddable":true,"href":"https:\/\/secureus.se\/fi\/wp-json\/wp\/v2\/product_cat?post=53429"},{"taxonomy":"product_tag","embeddable":true,"href":"https:\/\/secureus.se\/fi\/wp-json\/wp\/v2\/product_tag?post=53429"}],"curies":[{"name":"wp","href":"https:\/\/api.w.org\/{rel}","templated":true}]}}