{"id":53430,"date":"2022-06-23T15:23:29","date_gmt":"2022-06-23T13:23:29","guid":{"rendered":"https:\/\/secureus.se\/produkt\/nodlarm-rwc-paket-gra\/"},"modified":"2026-04-08T16:58:30","modified_gmt":"2026-04-08T14:58:30","slug":"nodlarm-rwc-paket-gra","status":"publish","type":"product","link":"https:\/\/secureus.se\/fi\/nodlarm-rwc-paket-gra\/","title":{"rendered":"H\u00e4t\u00e4h\u00e4lytys Rwc-paketti harmaa"},"content":{"rendered":"<p>H\u00e4lytykset aktivoidaan &quot;H\u00e4t\u00e4signaali&quot;-toimintopainikkeella nollauslaitteessa tai jossakin soittolaitteessa. H\u00e4lytyksen sattuessa n\u00e4ytt\u00f6paneelin akustinen ja optinen ilmaisin aktivoituu sek\u00e4 kuittausdiodi nollauslaitteessa ja soittolaitteissa. H\u00e4lytykset kuitataan toimintopainikkeella &quot;Reset&quot; tai ulkoisen kuittaustulon kautta. H\u00e4lytykset voidaan v\u00e4litt\u00e4\u00e4 nollauslaitteen relel\u00e4hd\u00f6st\u00e4.<\/p>","protected":false},"excerpt":{"rendered":"<p>H\u00e4lytykset aktivoidaan &quot;H\u00e4t\u00e4signaali&quot;-toimintopainikkeella nollauslaitteessa tai jossakin soittolaitteessa. H\u00e4lytyksen sattuessa n\u00e4ytt\u00f6paneelin akustinen ja optinen ilmaisin aktivoituu sek\u00e4 kuittausdiodi nollauslaitteessa ja kutsulaitteissa. H\u00e4lytys nollataan toimintopainikkeella<\/p>","protected":false},"featured_media":143552,"template":"","meta":{"_acf_changed":false},"product_brand":[],"product_cat":[1606],"product_tag":[],"class_list":{"0":"post-53430","1":"product","2":"type-product","3":"status-publish","4":"has-post-thumbnail","6":"product_cat-rwc-larm","7":"product_shipping_class-tunga-paket","8":"pa_farg-gra","9":"tm-no-options","11":"first","12":"outofstock","13":"sale","14":"taxable","15":"shipping-taxable","16":"purchasable","17":"product-type-simple"},"acf":[],"_links":{"self":[{"href":"https:\/\/secureus.se\/fi\/wp-json\/wp\/v2\/product\/53430","targetHints":{"allow":["GET"]}}],"collection":[{"href":"https:\/\/secureus.se\/fi\/wp-json\/wp\/v2\/product"}],"about":[{"href":"https:\/\/secureus.se\/fi\/wp-json\/wp\/v2\/types\/product"}],"wp:featuredmedia":[{"embeddable":true,"href":"https:\/\/secureus.se\/fi\/wp-json\/wp\/v2\/media\/143552"}],"wp:attachment":[{"href":"https:\/\/secureus.se\/fi\/wp-json\/wp\/v2\/media?parent=53430"}],"wp:term":[{"taxonomy":"product_brand","embeddable":true,"href":"https:\/\/secureus.se\/fi\/wp-json\/wp\/v2\/product_brand?post=53430"},{"taxonomy":"product_cat","embeddable":true,"href":"https:\/\/secureus.se\/fi\/wp-json\/wp\/v2\/product_cat?post=53430"},{"taxonomy":"product_tag","embeddable":true,"href":"https:\/\/secureus.se\/fi\/wp-json\/wp\/v2\/product_tag?post=53430"}],"curies":[{"name":"wp","href":"https:\/\/api.w.org\/{rel}","templated":true}]}}