{"id":53431,"date":"2022-06-23T15:23:17","date_gmt":"2022-06-23T13:23:17","guid":{"rendered":"https:\/\/secureus.se\/produkt\/rwc-set-impressivo-vit\/"},"modified":"2026-04-08T16:59:08","modified_gmt":"2026-04-08T14:59:08","slug":"rwc-set-impressivo-vit","status":"publish","type":"product","link":"https:\/\/secureus.se\/fi\/rwc-set-impressivo-vit\/","title":{"rendered":"Rwc-Set vaikuttava valkoinen"},"content":{"rendered":"<div class=\"col-12 col-lg-6\">\n<div class=\"product-description pe-lg-5\">T\u00e4ydellinen sarja RWC-asennuksiin (ilman muuntajaa) vaikuttavalla valkoisella muotoilulla. T\u00e4m\u00e4 sarja sis\u00e4lt\u00e4\u00e4: 1 yksik\u00f6n, jossa on 1 h\u00e4lytyspainike (vrt. FAP2001), 1 yksik\u00f6n, jossa on h\u00e4lytinpainike ja vetokosketin (vrt. FAP3002), 1 yksik\u00f6n, jossa on 1 nollauspainike, ja 1 h\u00e4lytyksen painike (vrt. FAP2002) ja 1 p\u00e4\u00e4laite h\u00e4lytyslaitteella (vertaa FEH2001) ja lopuksi 1. 1000 ohmin vastus.<\/div>\n<div class=\"product-description pe-lg-5\">\nT\u00e4m\u00e4 sarja voidaan t\u00e4ydent\u00e4\u00e4 tarvittaessa ylim\u00e4\u00e4r\u00e4isill\u00e4 signaalipainikkeilla\/liit\u00e4nn\u00f6ill\u00e4. Vihre\u00e4 ja punainen etiketti mukana<br \/>\nK\u00e4ytt\u00f6j\u00e4nnite 15-28Vac \/18-35Vdc.<br \/>\nVirrankulutus 110mAac\/60mA dc<\/div>\n<\/div>\n<div class=\"col-12 col-lg-6\">\n<div class=\"product-downloads\">\n<h3 class=\"mb-4\">Lataukset<\/h3>\n<ul class=\"list-unstyled\">\n<li><a class=\"d-flex mb-3 event-tracking-btn\" href=\"https:\/\/www.installationsprodukter.se\/product\/pdf?pdf_id=2TKA00003573\" target=\"_blank\" rel=\"noopener\" data-tracking-category=\"Product\" data-tracking-action=\"PDF Download\" data-tracking-label=\"2TKA00003573 | Impressivo Vit med larm och reset-knapp i samma enhet\" data-once=\"button\">PDF-tuotelehti<\/a><\/li>\n<li><a class=\"d-flex mb-3 event-tracking-btn\" href=\"https:\/\/search.abb.com\/library\/Download.aspx?DocumentID=9AKK107045A8158&amp;LanguageCode=en&amp;LanguageCode=sv&amp;DocumentPartId=&amp;Action=Launch\" target=\"_blank\" rel=\"noopener\" data-tracking-category=\"Product\" data-tracking-action=\"II Download\" data-tracking-label=\"2TKA00003573 | https:\/\/search.abb.com\/library\/Download.aspx?DocumentID=9AKK107045A8158&amp;LanguageCode=en&amp;LanguageCode=sv&amp;DocumentPartId=&amp;Action=Launch\" data-once=\"button\">Kokoamisohjeet<\/a><\/li>\n<li><a class=\"d-flex mb-3 event-tracking-btn\" href=\"https:\/\/search.abb.com\/library\/Download.aspx?DocumentID=9AKK108466A2494&amp;LanguageCode=sv&amp;DocumentPartId=&amp;Action=Launch\" target=\"_blank\" rel=\"noopener\" data-tracking-category=\"Product\" data-tracking-action=\"CE Download\" data-tracking-label=\"2TKA00003573 | https:\/\/search.abb.com\/library\/Download.aspx?DocumentID=9AKK108466A2494&amp;LanguageCode=sv&amp;DocumentPartId=&amp;Action=Launch\" data-once=\"button\">CE-vakuutus<\/a><\/li>\n<li><a class=\"d-flex mb-3 event-tracking-btn\" href=\"https:\/\/search.abb.com\/library\/Download.aspx?DocumentID=9AKK106713A4634&amp;LanguageCode=en&amp;DocumentPartId=&amp;Action=Launch\" target=\"_blank\" rel=\"noopener\" data-tracking-category=\"Product\" data-tracking-action=\"MD49 Download\" data-tracking-label=\"2TKA00003573 | https:\/\/search.abb.com\/library\/Download.aspx?DocumentID=9AKK106713A4634&amp;LanguageCode=en&amp;DocumentPartId=&amp;Action=Launch\" data-once=\"button\">RoHS-ilmoitus<\/a><\/li>\n<li><a class=\"d-flex mb-3 event-tracking-btn\" href=\"https:\/\/search.abb.com\/library\/Download.aspx?DocumentID=9AKK108466A2494&amp;LanguageCode=en&amp;DocumentPartId=&amp;Action=Launch\" target=\"_blank\" rel=\"noopener\" data-tracking-category=\"Product\" data-tracking-action=\"MD52 Download\" data-tracking-label=\"2TKA00003573 | https:\/\/search.abb.com\/library\/Download.aspx?DocumentID=9AKK108466A2494&amp;LanguageCode=en&amp;DocumentPartId=&amp;Action=Launch\" data-once=\"button\">Vaatimustenmukaisuusvakuutus CE<\/a><\/li>\n<li><a class=\"d-flex mb-3 event-tracking-btn\" href=\"https:\/\/search.abb.com\/library\/Download.aspx?DocumentID=9AKK106713A4633&amp;LanguageCode=en&amp;DocumentPartId=&amp;Action=Launch\" target=\"_blank\" rel=\"noopener\" data-tracking-category=\"Product\" data-tracking-action=\"MD05 Download\" data-tracking-label=\"2TKA00003573 | https:\/\/search.abb.com\/library\/Download.aspx?DocumentID=9AKK106713A4633&amp;LanguageCode=en&amp;DocumentPartId=&amp;Action=Launch\" data-once=\"button\">Deeplink REACH<\/a><\/li>\n<\/ul>\n<\/div>\n<\/div>","protected":false},"excerpt":{"rendered":"<p>T\u00e4ydellinen sarja RWC-asennuksiin (ilman muuntajaa) vaikuttavalla valkoisella muotoilulla. T\u00e4m\u00e4 setti sis\u00e4lt\u00e4\u00e4: 1 yksik\u00f6n, jossa on 1 h\u00e4lytinpainike (vrt. FAP2001), 1 yksikk\u00f6 h\u00e4lytyspainikkeella ja vetokosketin (vrt.<\/p>","protected":false},"featured_media":143760,"template":"","meta":{"_acf_changed":false},"product_brand":[],"product_cat":[1606],"product_tag":[],"class_list":{"0":"post-53431","1":"product","2":"type-product","3":"status-publish","4":"has-post-thumbnail","6":"product_cat-rwc-larm","7":"product_shipping_class-tunga-paket","8":"pa_brands-abb","9":"pa_farg-vit","10":"tm-no-options","12":"first","13":"outofstock","14":"sale","15":"taxable","16":"shipping-taxable","17":"purchasable","18":"product-type-simple"},"acf":[],"_links":{"self":[{"href":"https:\/\/secureus.se\/fi\/wp-json\/wp\/v2\/product\/53431","targetHints":{"allow":["GET"]}}],"collection":[{"href":"https:\/\/secureus.se\/fi\/wp-json\/wp\/v2\/product"}],"about":[{"href":"https:\/\/secureus.se\/fi\/wp-json\/wp\/v2\/types\/product"}],"wp:featuredmedia":[{"embeddable":true,"href":"https:\/\/secureus.se\/fi\/wp-json\/wp\/v2\/media\/143760"}],"wp:attachment":[{"href":"https:\/\/secureus.se\/fi\/wp-json\/wp\/v2\/media?parent=53431"}],"wp:term":[{"taxonomy":"product_brand","embeddable":true,"href":"https:\/\/secureus.se\/fi\/wp-json\/wp\/v2\/product_brand?post=53431"},{"taxonomy":"product_cat","embeddable":true,"href":"https:\/\/secureus.se\/fi\/wp-json\/wp\/v2\/product_cat?post=53431"},{"taxonomy":"product_tag","embeddable":true,"href":"https:\/\/secureus.se\/fi\/wp-json\/wp\/v2\/product_tag?post=53431"}],"curies":[{"name":"wp","href":"https:\/\/api.w.org\/{rel}","templated":true}]}}