{"id":53434,"date":"2022-06-23T15:22:41","date_gmt":"2022-06-23T13:22:41","guid":{"rendered":"https:\/\/secureus.se\/produkt\/rwc-set\/"},"modified":"2026-04-23T11:59:20","modified_gmt":"2026-04-23T09:59:20","slug":"rwc-set","status":"publish","type":"product","link":"https:\/\/secureus.se\/fi\/rwc-set\/","title":{"rendered":"RWC-setti \u2013 ELKO:n t\u00e4ydellinen h\u00e4t\u00e4h\u00e4lytyspaketti inva-WC:lle"},"content":{"rendered":"<div class=\"produkt-artikeltext\">\n<h4>RWC-setti \u2013 ELKO:n t\u00e4ydellinen h\u00e4t\u00e4h\u00e4lytyspaketti inva-WC:lle<\/h4>\n<p>RWC-setti on t\u00e4ydellinen paketti, joka tarjoaa luotettavan ja turvallisen ratkaisun h\u00e4t\u00e4h\u00e4lyttimien asentamiseen inva-wc-tiloihin. T\u00e4m\u00e4 sarja on erityisesti suunniteltu k\u00e4ytett\u00e4v\u00e4ksi julkisissa rakennuksissa, toimistoissa, teollisuudessa, hotelleissa ja terveydenhuoltolaitoksissa. Paketti sis\u00e4lt\u00e4\u00e4 kaikki vakioasennukseen tarvittavat komponentit virtal\u00e4hdett\u00e4 lukuun ottamatta. Helpon asennuksen ja k\u00e4ytt\u00e4j\u00e4yst\u00e4v\u00e4llisten ominaisuuksien ansiosta t\u00e4m\u00e4 RWC-sarja on t\u00e4ydellinen ratkaisu turvallisuuden ja esteett\u00f6myyden varmistamiseen tiloissasi.<\/p>\n<h3>Ominaisuudet ja edut<\/h3>\n<ul>\n<li><strong>T\u00e4ydellinen paketti<\/strong>: Sis\u00e4lt\u00e4\u00e4 1 huonevalon, 2 signaalipainiketta ja 1 nollauspainikkeen t\u00e4ydelliseen h\u00e4t\u00e4ratkaisuun.<\/li>\n<li><strong>Joustava j\u00e4nnite<\/strong>: Voidaan liitt\u00e4\u00e4 sek\u00e4 24V AC- ett\u00e4 DC-verkkoon, mik\u00e4 tarjoaa joustavuutta asennuksessa.<\/li>\n<li><strong>Yksinkertainen k\u00e4ytt\u00f6<\/strong>: Painikkeilla kalvo ja LED-ilmaisin helpottaa puhdistusta ja selke\u00e4\u00e4 signaalia.<\/li>\n<li><strong>Turvallisuus ja luotettavuus<\/strong>: Varustettu muistiyksik\u00f6ll\u00e4 ja h\u00e4lytysreleell\u00e4 turvallisen ja luotettavan toiminnan takaamiseksi.<\/li>\n<li><strong>Helppo asentaa<\/strong>: Voidaan asentaa upotettuna laitelaatikkoon 60 mm:n kiinnitysruuviv\u00e4lill\u00e4 tai ulkopuolelta jatkokehykseen.<\/li>\n<\/ul>\n<h3>Tuotteen tekniset tiedot<\/h3>\n<ul>\n<li><strong>Nimellisj\u00e4nnite<\/strong>: 24V AC +15% -20%, 24V DC +30% -20%<\/li>\n<li><strong>Virrankulutus<\/strong>: Max 3W (ilman ryhm\u00e4valoa)<\/li>\n<li><strong>Puhelulinja<\/strong>: 2-johdin, max 8 signaalipainiketta\/huonelamppu, silmukan valvontavirta 7mA DC, johdon resistanssi max. 100 ohmia<\/li>\n<li><strong>Palautuslinja<\/strong>: 2-johdin, max. 4 nollauspainike\/huonelamppu, linjavastus max. 100 ohmia<\/li>\n<li><strong>Kontaktin kuormitus<\/strong>: Pot.free vaihteisto liitin, AC 1 A \/ 42 V \/ 30 VA, DC 1 A \/ 60 V \/ 30 W<\/li>\n<li><strong>Suojausluokka<\/strong>: IP20<\/li>\n<li><strong>Ymp\u00e4rist\u00f6n l\u00e4mp\u00f6tila<\/strong>: +5\u00b0C - +40\u00b0C<\/li>\n<\/ul>\n<h3>K\u00e4ytt\u00f6alueet<\/h3>\n<ul>\n<li><strong>Inva-wc:t<\/strong>: Ihanteellinen saatavuuden ja turvallisuuden varmistamiseen.<\/li>\n<li><strong>Terveys- ja hoitopalvelut<\/strong>: T\u00e4ydellinen asennettavaksi terveydenhuoltolaitoksiin ja vammaisille soveltuviin koteihin.<\/li>\n<li><strong>Julkiset rakennukset<\/strong>: Soveltuu k\u00e4ytett\u00e4v\u00e4ksi toimistoissa, teollisuudessa ja hotelleissa.<\/li>\n<\/ul>\n<h3>Asennus ja k\u00e4ytt\u00f6<\/h3>\n<ol>\n<li><strong>Asennus<\/strong>: Voidaan asentaa upotettuna laitelaatikkoon 60 mm:n kiinnitysruuviv\u00e4lill\u00e4 tai ulkopuolelta jatkokehykseen.<\/li>\n<li><strong>Yhteys<\/strong>: Vaihtoehtoisesti kytkettyn\u00e4 24 V AC tai DC.<\/li>\n<li><strong>Huolto<\/strong>: J\u00e4rjestelm\u00e4n s\u00e4\u00e4nn\u00f6llinen tarkistus on suositeltavaa optimaalisen toiminnan ja turvallisuuden varmistamiseksi.<\/li>\n<\/ol>\n<\/div>\n<div id=\"document-list\">\n<ul class=\"\">\n<li><a class=\"produkt-slide-bild produkt-bild-fil\" href=\"https:\/\/www.enummerbanken.se\/UserContent\/ArticleDocs\/MONT\/MONT_14110_5504520.pdf\" target=\"_blank\" rel=\"noopener\"><img decoding=\"async\" src=\"https:\/\/secureus.se\/wp-content\/uploads\/2023\/05\/pdf-icon.png\" alt=\"PDF\"><i class=\"fa fa-file-o\"><\/i>\u00a0Kokoamisohjeet<\/a><\/li>\n<\/ul>\n<\/div>","protected":false},"excerpt":{"rendered":"<p><strong>RWC-setti - T\u00e4ydellinen paketti vammaisten WC:lle<\/strong><\/p>\n<p>T\u00e4ydellinen h\u00e4t\u00e4h\u00e4lytyspaketti liikuntarajoitteisille wc:lle huonevalolla, merkkipainikkeilla ja nollauspainikkeella. Yhdistet\u00e4\u00e4n 24 V AC tai DC joustavaan ja luotettavaan asennukseen.<\/p>","protected":false},"featured_media":143416,"template":"","meta":{"_acf_changed":false},"product_brand":[],"product_cat":[1606],"product_tag":[],"class_list":{"0":"post-53434","1":"product","2":"type-product","3":"status-publish","4":"has-post-thumbnail","6":"product_cat-rwc-larm","7":"product_shipping_class-tunga-paket","8":"pa_brands-elko","9":"pa_farg-vit","10":"tm-no-options","12":"first","13":"instock","14":"sale","15":"taxable","16":"shipping-taxable","17":"purchasable","18":"product-type-simple"},"acf":[],"_links":{"self":[{"href":"https:\/\/secureus.se\/fi\/wp-json\/wp\/v2\/product\/53434","targetHints":{"allow":["GET"]}}],"collection":[{"href":"https:\/\/secureus.se\/fi\/wp-json\/wp\/v2\/product"}],"about":[{"href":"https:\/\/secureus.se\/fi\/wp-json\/wp\/v2\/types\/product"}],"wp:featuredmedia":[{"embeddable":true,"href":"https:\/\/secureus.se\/fi\/wp-json\/wp\/v2\/media\/143416"}],"wp:attachment":[{"href":"https:\/\/secureus.se\/fi\/wp-json\/wp\/v2\/media?parent=53434"}],"wp:term":[{"taxonomy":"product_brand","embeddable":true,"href":"https:\/\/secureus.se\/fi\/wp-json\/wp\/v2\/product_brand?post=53434"},{"taxonomy":"product_cat","embeddable":true,"href":"https:\/\/secureus.se\/fi\/wp-json\/wp\/v2\/product_cat?post=53434"},{"taxonomy":"product_tag","embeddable":true,"href":"https:\/\/secureus.se\/fi\/wp-json\/wp\/v2\/product_tag?post=53434"}],"curies":[{"name":"wp","href":"https:\/\/api.w.org\/{rel}","templated":true}]}}