{"id":53436,"date":"2022-06-23T15:22:27","date_gmt":"2022-06-23T13:22:27","guid":{"rendered":"https:\/\/secureus.se\/produkt\/rwc-paket-med-trafo\/"},"modified":"2026-03-26T12:16:03","modified_gmt":"2026-03-26T11:16:03","slug":"rwc-paket-med-trafo","status":"publish","type":"product","link":"https:\/\/secureus.se\/fi\/rwc-paket-med-trafo\/","title":{"rendered":"RWC-paketti muuntajalla Exxact - T\u00e4ydellinen h\u00e4t\u00e4signaalij\u00e4rjestelm\u00e4"},"content":{"rendered":"<h4>Schneider Electric Exxact RWC -paketti muuntajilla - T\u00e4ydellinen h\u00e4t\u00e4signaalij\u00e4rjestelm\u00e4 turvallisuutta ja turvallisuutta varten<\/h4>\n<p>T\u00e4m\u00e4 Schneider Electric Exxact -sarjan RWC-paketti tarjoaa kattavan h\u00e4t\u00e4merkinantoratkaisun kaikentyyppisiin rakennuksiin. Paketti sis\u00e4lt\u00e4\u00e4 kaiken mit\u00e4 tarvitset nopeaan ja tehokkaaseen kommunikointiin h\u00e4t\u00e4tilanteissa, mukaan lukien muuntajan, h\u00e4t\u00e4painikkeet ja huonevalon summerilla. Valkoiset yksik\u00f6t ovat IP20-luokiteltuja ja ne voidaan helposti t\u00e4ydent\u00e4\u00e4 mill\u00e4 tahansa Exxact-kehyksell\u00e4 tyylikk\u00e4\u00e4n asennuksen takaamiseksi.<\/p>\n<h3>Ominaisuudet ja edut<\/h3>\n<ul>\n<li><strong>T\u00e4ydellinen paketti<\/strong>: Sis\u00e4lt\u00e4\u00e4 1 h\u00e4t\u00e4painikkeen, 1 h\u00e4t\u00e4painikkeen signaaliliittimell\u00e4, 1 muistiyksik\u00f6n nollaus-\/h\u00e4t\u00e4painikkeella ja 1 huonevalon summerilla.<\/li>\n<li><strong>Tehokas akustinen ilmaisin<\/strong>: Summeri, jonka \u00e4\u00e4nitaajuus on 3,1 kHz ja \u00e4\u00e4nitaso 80 dB 1 metrin et\u00e4isyydell\u00e4, mik\u00e4 varmistaa, ett\u00e4 h\u00e4lytys kuuluu selv\u00e4sti.<\/li>\n<li><strong>Visuaalinen ilmaisu<\/strong>: Punaiset LEDit osoittavat selke\u00e4sti h\u00e4t\u00e4tilanteita.<\/li>\n<li><strong>IP20 luokitus<\/strong>: Suojattu yli 12,5 mm:n kiinteilt\u00e4 esineilt\u00e4, joten se sopii sis\u00e4k\u00e4ytt\u00f6\u00f6n.<\/li>\n<li><strong>Helppo asennus<\/strong>: Yksik\u00f6t on uppoasennettu ja yhdistetty ruuviliitoksilla, mik\u00e4 tekee asennuksesta nopeaa ja helppoa.<\/li>\n<li><strong>Muokattava muotoilu<\/strong>: Voidaan t\u00e4ydent\u00e4\u00e4 mill\u00e4 tahansa Exxact-kehyksell\u00e4 sisustukseen sopivaksi.<\/li>\n<\/ul>\n<h3>Tekniset tiedot<\/h3>\n<ul>\n<li><strong>H\u00e4t\u00e4puhelupainikkeet<\/strong>:\n<ul>\n<li><strong>Sy\u00f6tt\u00f6j\u00e4nnite<\/strong>: Max 20V DC<\/li>\n<li><strong>Virrankulutus<\/strong>: Max 25mA kun laite on aktivoitu, Max 0.1mA levossa<\/li>\n<li><strong>Optinen ilmaisin<\/strong>: Punainen LED<\/li>\n<li><strong>Signaalipainike<\/strong>: 1-napainen p\u00e4\u00e4te j\u00e4rjestelm\u00e4n j\u00e4nnitteen plussaan<\/li>\n<\/ul>\n<\/li>\n<li><strong>Huonevalaisin summerilla<\/strong>:\n<ul>\n<li><strong>Sy\u00f6tt\u00f6j\u00e4nnite<\/strong>: Max 20VDC<\/li>\n<li><strong>Virrankulutus<\/strong>: Max 55mA aktiivisena, Max 6mA levossa<\/li>\n<li><strong>Optinen ilmaisin<\/strong>: Punaiset LEDit soikean linssin alla<\/li>\n<li><strong>Akustinen ilmaisu<\/strong>: Summerin taajuus 3,1 kHz \u00b1 0,8 kHz, \u00c4\u00e4nitaso noin 80 dB 1 metrin et\u00e4isyydell\u00e4<\/li>\n<\/ul>\n<\/li>\n<li><strong>Muuntaja<\/strong>:\n<ul>\n<li><strong>Ensisijainen j\u00e4nnite<\/strong>: 230V<\/li>\n<li><strong>Toissijainen j\u00e4nnite<\/strong>: 12V 500mA kuormalla<\/li>\n<li><strong>Ei kuormitusj\u00e4nnitett\u00e4<\/strong>: noin 16,8V<\/li>\n<li><strong>Vaikutus<\/strong>: 6VA<\/li>\n<li><strong>Sulakkeen tyyppi<\/strong>: Palautumaton l\u00e4mp\u00f6sulake<\/li>\n<\/ul>\n<\/li>\n<\/ul>\n<h3>Asennus ja k\u00e4ytt\u00f6<\/h3>\n<ol>\n<li><strong>Asennus<\/strong>: Kiinnit\u00e4 tukikehys laitelaatikkoon tai UP-laatikkoon ja liit\u00e4 RWC-laitteet kytkent\u00e4kaavion mukaisesti.<\/li>\n<li><strong>Investoinnit<\/strong>:\n<ul>\n<li>Muistiyksikk\u00f6 nollauksella ja h\u00e4t\u00e4painikkeella: 700 mm lattian yl\u00e4puolella<\/li>\n<li>Huonevalaisin summerilla: V\u00e4hint\u00e4\u00e4n 2200 mm lattian yl\u00e4puolella<\/li>\n<li>H\u00e4t\u00e4merkkipainike signaalipistorasialla: 550 mm lattian yl\u00e4puolella<\/li>\n<li>H\u00e4t\u00e4merkkipainike: 200 mm lattian yl\u00e4puolella<\/li>\n<\/ul>\n<\/li>\n<li><strong>Valmistuminen<\/strong>: Mukana valinnainen Exxact-kehys t\u00e4ydelliseen ja tyylikk\u00e4\u00e4seen asennukseen.<\/li>\n<\/ol>\n<ul class=\"\">\n<li><a class=\"produkt-slide-bild produkt-bild-fil\" href=\"https:\/\/www.enummerbanken.se\/UserContent\/ArticleDocs\/MILJ%C3%96\/MILJ%C3%96_28030_5506308.pdf\" target=\"_blank\" rel=\"noopener\"><img decoding=\"async\" src=\"https:\/\/secureus.se\/wp-content\/uploads\/2023\/05\/pdf-icon.png\" alt=\"PDF\">\u00a0Ymp\u00e4rist\u00f6asiakirja<\/a><\/li>\n<li><a class=\"produkt-slide-bild produkt-bild-fil\" href=\"https:\/\/www.se.com\/se\/sv\/product\/WDE002259\" target=\"_blank\" rel=\"noopener\"><i class=\"fa fa-file-o\"><\/i>\u00a0Linkki tuotesivulle<\/a><\/li>\n<li><a class=\"produkt-slide-bild produkt-bild-fil\" href=\"http:\/\/pdf.schneider-electric.nu\/Generatepdf.aspx?salesorgid=2&amp;dist=653&amp;lang=2&amp;form=no&amp;documenttype=plain&amp;productid=WDE002259&amp;render=eShopV3&amp;TemplateID=1\" target=\"_blank\" rel=\"noopener\"><i class=\"fa fa-file-o\"><\/i>\u00a0Tuotetiedot<\/a><\/li>\n<li><a class=\"produkt-slide-bild produkt-bild-fil\" href=\"https:\/\/download.schneider-electric.com\/files?p_enDocType=Instruction+sheet&amp;p_File_Name=S1A71629.pdf&amp;p_Doc_Ref=S1A71629\" target=\"_blank\" rel=\"noopener\"><i class=\"fa fa-file-o\"><\/i>\u00a0Kokoamisohjeet<\/a><\/li>\n<li><a class=\"produkt-slide-bild produkt-bild-fil\" href=\"https:\/\/checkaproduct.se.com\/DistantRequestDispatcher.aspx?action=exportPdfReach&amp;pid=62044145&amp;lang=en-us\" target=\"_blank\" rel=\"noopener\"><i class=\"fa fa-file-o\"><\/i>\u00a0Linkki REACH<\/a><\/li>\n<li><a class=\"produkt-slide-bild produkt-bild-fil\" href=\"https:\/\/www.e-nummersok.se\/infoDocs\/MILJ%C3%96\/MILJ%C3%96_28030_5506308.pdf\" target=\"_blank\" rel=\"noopener\"><img decoding=\"async\" src=\"https:\/\/secureus.se\/wp-content\/uploads\/2023\/05\/pdf-icon.png\" alt=\"PDF\"><i class=\"fa fa-file-o\"><\/i>\u00a0Ymp\u00e4rist\u00f6asiakirja<\/a><\/li>\n<\/ul>","protected":false},"excerpt":{"rendered":"<p>Schneider Electric Exxact sarjan muuntaja RWC paketti. Sis\u00e4lt\u00e4\u00e4 1 h\u00e4t\u00e4painikkeen, 1 h\u00e4t\u00e4painikkeen signaalipistorasialla, 1 muistiyksik\u00f6n nollaus-\/h\u00e4t\u00e4painikkeella ja 1 huonevalon summerilla. IP20-luokiteltu yksik\u00f6t valkoisina, jotka voidaan t\u00e4ydent\u00e4\u00e4 mill\u00e4 tahansa Exxact-kehyksell\u00e4.<\/p>","protected":false},"featured_media":143305,"template":"","meta":{"_acf_changed":false},"product_brand":[],"product_cat":[1606],"product_tag":[],"class_list":{"0":"post-53436","1":"product","2":"type-product","3":"status-publish","4":"has-post-thumbnail","6":"product_cat-rwc-larm","7":"product_shipping_class-tunga-paket","8":"pa_brands-schneider-electric","9":"pa_farg-vit","10":"tm-no-options","12":"first","13":"instock","14":"sale","15":"taxable","16":"shipping-taxable","17":"purchasable","18":"product-type-simple"},"acf":[],"_links":{"self":[{"href":"https:\/\/secureus.se\/fi\/wp-json\/wp\/v2\/product\/53436","targetHints":{"allow":["GET"]}}],"collection":[{"href":"https:\/\/secureus.se\/fi\/wp-json\/wp\/v2\/product"}],"about":[{"href":"https:\/\/secureus.se\/fi\/wp-json\/wp\/v2\/types\/product"}],"wp:featuredmedia":[{"embeddable":true,"href":"https:\/\/secureus.se\/fi\/wp-json\/wp\/v2\/media\/143305"}],"wp:attachment":[{"href":"https:\/\/secureus.se\/fi\/wp-json\/wp\/v2\/media?parent=53436"}],"wp:term":[{"taxonomy":"product_brand","embeddable":true,"href":"https:\/\/secureus.se\/fi\/wp-json\/wp\/v2\/product_brand?post=53436"},{"taxonomy":"product_cat","embeddable":true,"href":"https:\/\/secureus.se\/fi\/wp-json\/wp\/v2\/product_cat?post=53436"},{"taxonomy":"product_tag","embeddable":true,"href":"https:\/\/secureus.se\/fi\/wp-json\/wp\/v2\/product_tag?post=53436"}],"curies":[{"name":"wp","href":"https:\/\/api.w.org\/{rel}","templated":true}]}}