{"id":53437,"date":"2022-06-23T15:20:11","date_gmt":"2022-06-23T13:20:11","guid":{"rendered":"https:\/\/secureus.se\/produkt\/undercentral-evaq-2-kn\/"},"modified":"2026-04-08T17:00:32","modified_gmt":"2026-04-08T15:00:32","slug":"undercentral-evaq-2-kn","status":"publish","type":"product","link":"https:\/\/secureus.se\/fi\/undercentral-evaq-2-kn\/","title":{"rendered":"Sub-central Evaq 2 Kn"},"content":{"rendered":"<p>Laitteessa on n\u00e4ytt\u00f6, jossa on 8 punaista\/vihre\u00e4\u00e4 aakkosnumeerista merkki\u00e4 (merkin korkeus 12 mm) ja 2 vihre\u00e4\u00e4 toimintopainiketta. Punainen kuittausdiodi ja vihre\u00e4 toimintailmaisin kannessa olevan 2 mm:n valoohjaimen alla. Summeri s\u00e4\u00e4dett\u00e4v\u00e4ll\u00e4 \u00e4\u00e4nenvoimakkuudella ja tulo ohjaustoimintoa varten (&quot;Kuitin&quot; aktivointi). L\u00e4hd\u00f6t summerille, kokonaish\u00e4lytykselle ja vikah\u00e4lyttimelle: &quot;Kuitti&quot; on ruuviliittimell\u00e4, joka on sijoitettu pistokeliittimeen. Ohjelmointimalli t\u00e4ytet\u00e4\u00e4n ennen toimitusta.<\/p>","protected":false},"excerpt":{"rendered":"<p>Laitteessa on n\u00e4ytt\u00f6, jossa on 8 punaista\/vihre\u00e4\u00e4 aakkosnumeerista merkki\u00e4 (merkin korkeus 12 mm) ja 2 vihre\u00e4\u00e4 toimintopainiketta. Punainen kuittausdiodi ja vihre\u00e4 toimintailmaisin kannessa olevan 2 mm:n valoohjaimen alla. Summeri s\u00e4\u00e4dett\u00e4v\u00e4ll\u00e4 \u00e4\u00e4nenvoimakkuudella ja sis\u00e4\u00e4ntulolla<\/p>","protected":false},"featured_media":143764,"template":"","meta":{"_acf_changed":false},"product_brand":[],"product_cat":[1609],"product_tag":[],"class_list":{"0":"post-53437","1":"product","2":"type-product","3":"status-publish","4":"has-post-thumbnail","6":"product_cat-nod-evakueringslarm","7":"product_shipping_class-tunga-paket","8":"tm-no-options","10":"first","11":"outofstock","12":"sale","13":"taxable","14":"shipping-taxable","15":"purchasable","16":"product-type-simple"},"acf":[],"_links":{"self":[{"href":"https:\/\/secureus.se\/fi\/wp-json\/wp\/v2\/product\/53437","targetHints":{"allow":["GET"]}}],"collection":[{"href":"https:\/\/secureus.se\/fi\/wp-json\/wp\/v2\/product"}],"about":[{"href":"https:\/\/secureus.se\/fi\/wp-json\/wp\/v2\/types\/product"}],"wp:featuredmedia":[{"embeddable":true,"href":"https:\/\/secureus.se\/fi\/wp-json\/wp\/v2\/media\/143764"}],"wp:attachment":[{"href":"https:\/\/secureus.se\/fi\/wp-json\/wp\/v2\/media?parent=53437"}],"wp:term":[{"taxonomy":"product_brand","embeddable":true,"href":"https:\/\/secureus.se\/fi\/wp-json\/wp\/v2\/product_brand?post=53437"},{"taxonomy":"product_cat","embeddable":true,"href":"https:\/\/secureus.se\/fi\/wp-json\/wp\/v2\/product_cat?post=53437"},{"taxonomy":"product_tag","embeddable":true,"href":"https:\/\/secureus.se\/fi\/wp-json\/wp\/v2\/product_tag?post=53437"}],"curies":[{"name":"wp","href":"https:\/\/api.w.org\/{rel}","templated":true}]}}