{"id":53439,"date":"2022-06-23T15:19:56","date_gmt":"2022-06-23T13:19:56","guid":{"rendered":"https:\/\/secureus.se\/produkt\/anropsapp-aterstalln-evaq-2-kn\/"},"modified":"2026-04-23T12:00:44","modified_gmt":"2026-04-23T10:00:44","slug":"anropsapp-aterstalln-evaq-2-kn","status":"publish","type":"product","link":"https:\/\/secureus.se\/fi\/anropsapp-aterstalln-evaq-2-kn\/","title":{"rendered":"Tjeders EVAQ 2 Kn Soittolaite \/ Nollaa laite"},"content":{"rendered":"<p>Laitteessa on n\u00e4ytt\u00f6, jossa on 8 punaista\/vihre\u00e4\u00e4 aakkosnumeerista merkki\u00e4 (merkin korkeus 12mm), 1 punainen ja 1 vihre\u00e4 toimintopainike. Punainen kuittausdiodi ja vihre\u00e4 toimintailmaisin kannessa olevan 2 mm:n valoohjaimen alla. Summeri s\u00e4\u00e4dett\u00e4v\u00e4ll\u00e4 \u00e4\u00e4nenvoimakkuudella ja tulo\/l\u00e4ht\u00f6 h\u00e4lytyksi\u00e4 varten. Paina kantta: &quot;H\u00e4t\u00e4signaali&quot; ja &quot;Nollaa&quot;. Kytkent\u00e4 tapahtuu ruuviliittimell\u00e4, jossa on johtimien suojaus, joka on sijoitettu jakkitettavaan liit\u00e4nt\u00e4korttiin. Muista t\u00e4ytt\u00e4\u00e4 ohjelmointimalli tilauksen yhteydess\u00e4, sill\u00e4 ohjausyksikk\u00f6 ohjelmoidaan ennen toimitusta.<\/p>\n<p>S\u00e4hk\u00f6posti nro 5500531<\/p>\n<div id=\"section-c18\" class=\"section row section-1-cells entity-selectable\">\n<div class=\"cells wide\">\n<div id=\"c20\" class=\"cell column is-light twelve span-12 entity-selectable\">\n<div class=\"content\">\n<div class=\"widget html-widget\">\n<div class=\"tinymce\">\n<h2 id=\"ic_toc_link_1\"><strong>Soita App\/Restore Evaq 2 Kn C<\/strong><\/h2>\n<\/div>\n<\/div>\n<\/div>\n<\/div>\n<\/div>\n<\/div>\n<div id=\"section-c28\" class=\"section row section-2-cells entity-selectable\">\n<div class=\"cells wide\">\n<div id=\"c34\" class=\"cell column is-light four span-4 entity-selectable\">\n<div class=\"content\">\n<div class=\"widget html-widget\">\n<div class=\"tinymce\">\n<p>Soita ja nollaa laite Evaq, jossa on n\u00e4ytt\u00f6, punainen ja vihre\u00e4 toimintopainike. Teksti &quot;H\u00e4t\u00e4signaali&quot; ja &quot;Palautus&quot;.<\/p>\n<\/div>\n<\/div>\n<\/div>\n<\/div>\n<\/div>\n<\/div>\n<h3 class=\"action-buttons\"><strong>Toiminnallinen kuvaus<\/strong><\/h3>\n<div id=\"section-c48\" class=\"section row section-2-cells entity-selectable\">\n<div class=\"cells wide\">\n<div id=\"c50\" class=\"cell column is-light six span-6 entity-selectable\">\n<div class=\"content\">\n<div class=\"widget html-widget\">\n<div class=\"tinymce\">\n<p>Laitteessa on n\u00e4ytt\u00f6, jossa on 8 punaista\/vihre\u00e4\u00e4 aakkosnumeerista merkki\u00e4 (merkin korkeus 12 mm), 1 punainen ja 1 vihre\u00e4 toimintopainike.<\/p>\n<p>Punainen kuittausdiodi ja vihre\u00e4 toimintailmaisin kannessa olevan 2 mm:n valoohjaimen alla. Summeri s\u00e4\u00e4dett\u00e4v\u00e4ll\u00e4 \u00e4\u00e4nenvoimakkuudella ja h\u00e4lytystulolla\/l\u00e4hd\u00f6ll\u00e4. Paina kantta: &quot;H\u00e4t\u00e4signaali&quot; ja &quot;Nollaa&quot;. Kytkent\u00e4 tapahtuu ruuviliittimell\u00e4, jossa on johtimien suojaus, joka on sijoitettu jakkitettavaan liit\u00e4nt\u00e4korttiin.<\/p>\n<p>Uppoasennukseen py\u00f6re\u00e4\u00e4n laitelaatikkoon c\/c 60mm tai pinta-asennukseen sein\u00e4kehykseen 11060068 (E-nro 5020012) (korkeus 26mm). Ruuvikiinnityksen kansi valkoisesta kestomuovista.<\/p>\n<ul>\n<li><strong>H\u00e4lytystulo<\/strong><br \/>\nTulon aktivointi (sulkeutuva kosketin) luo h\u00e4lytyksen laitteeseen.<\/li>\n<li><strong>H\u00e4lytysl\u00e4ht\u00f6 1<\/strong><br \/>\nL\u00e4ht\u00f6 aktivoituu laitteen h\u00e4lytyksen yhteydess\u00e4 ja deaktivoituu, kun h\u00e4lytys nollataan.<\/li>\n<li><strong>H\u00e4lytysl\u00e4ht\u00f6 2<\/strong><br \/>\nL\u00e4ht\u00f6 aktivoituu laitteen h\u00e4lytyksen yhteydess\u00e4 ja deaktivoituu, kun h\u00e4lytys on kuitattu.<\/li>\n<\/ul>\n<\/div>\n<\/div>\n<\/div>\n<\/div>\n<div id=\"c54\" class=\"cell column is-light six span-6 entity-selectable\">\n<div class=\"content\">\n<div class=\"widget html-widget callout-widget left\">\n<div class=\"content-toolbar\"><\/div>\n<div class=\"tinymce callout\">\n<h3 id=\"ic_toc_link_4\"><strong>Tekniset tiedot<\/strong><\/h3>\n<table class=\"procydoTable\" border=\"1\">\n<tbody>\n<tr>\n<td>Paino<\/td>\n<td>133 g<\/td>\n<\/tr>\n<tr>\n<td>l\u00e4pimenoaika<\/td>\n<td>10 p\u00e4iv\u00e4\u00e4<\/td>\n<\/tr>\n<tr>\n<td>K\u00e4ytt\u00f6j\u00e4nnite<\/td>\n<td>12-24 VDC +\/-15%<\/td>\n<\/tr>\n<tr>\n<td>Sis\u00e4\u00e4ntulo signaalikoskettimelle<\/td>\n<td>Sulkeminen\/rikko<\/td>\n<\/tr>\n<tr>\n<td>Mitat (laite, ei pakkauksessa) (K*L*SJ, mm)<\/td>\n<td>90x90x29<\/td>\n<\/tr>\n<tr>\n<td>Mitat (Laite, pakattu laatikkoon) (K*L*SJ, mm)<\/td>\n<td>93x93x40<\/td>\n<\/tr>\n<tr>\n<td>Transistoril\u00e4ht\u00f6, avoimen kollektorin tyyppi (GND)<\/td>\n<td>Johtop\u00e4\u00e4t\u00f6s<\/td>\n<\/tr>\n<tr>\n<td>L\u00e4ht\u00f6, maksimij\u00e4nnite (VDC)<\/td>\n<td>50<\/td>\n<\/tr>\n<tr>\n<td>L\u00e4ht\u00f6, maksimivirta (mA)<\/td>\n<td>500<\/td>\n<\/tr>\n<tr>\n<td>Paino (grammaa)<\/td>\n<td>133<\/td>\n<\/tr>\n<tr>\n<td>Suurin virrankulutus 12 VDC (, mA)<\/td>\n<td>130<\/td>\n<\/tr>\n<tr>\n<td>Suurin virrankulutus 24 VDC (, mA)<\/td>\n<td>70<\/td>\n<\/tr>\n<\/tbody>\n<\/table>\n<\/div>\n<div class=\"pointer-container\"><\/div>\n<\/div>\n<\/div>\n<\/div>\n<\/div>\n<\/div>\n<div id=\"section-c68\" class=\"section row section-2-cells entity-selectable\">\n<div class=\"cells wide\">\n<div id=\"c74\" class=\"cell column is-light eight span-8 entity-selectable\">\n<div class=\"content\">\n<div class=\"widget html-widget\">\n<div class=\"tinymce\">\n<h4 id=\"ic_toc_link_5\"><strong>Asennus \/ Liit\u00e4nt\u00e4<\/strong><\/h4>\n<p>Laite asennetaan upotettuna py\u00f6re\u00e4\u00e4n laitelaatikkoon c\/c 60mm tai ulkopuolelta sein\u00e4kehykseen.<\/p>\n<p>Saatavilla on useita lis\u00e4varusteita asennettavaksi eri ymp\u00e4rist\u00f6ihin.<\/p>\n<p>Kytkent\u00e4 tapahtuu ruuviliittimill\u00e4, joissa on johdinsuoja.<br \/>\nH\u00e4lytystulon ja h\u00e4lytysl\u00e4ht\u00f6jen kytkent\u00e4 tehd\u00e4\u00e4n periaatekaavion mukaisesti.<\/p>\n<p><strong>Virtal\u00e4hde<\/strong><\/p>\n<p>Laite saa virtaa 12\u201324 VDC:st\u00e4. Laitteen tuloj\u00e4nnitealue kest\u00e4\u00e4 +\/- 15%.<\/p>\n<\/div>\n<\/div>\n<\/div>\n<\/div>\n<\/div>\n<\/div>\n<div id=\"section-c80\" class=\"section row section-1-cells entity-selectable\">\n<div class=\"cells wide\">\n<div id=\"c82\" class=\"cell column is-light twelve span-12 entity-selectable\">\n<div class=\"content\">\n<div class=\"widget html-widget\">\n<div class=\"tinymce\">\n<div class=\"image-cell\"><img decoding=\"async\" src=\"https:\/\/tjeders.infocaption.com\/media\/20210128\/247\/image_3.png\" alt=\"\" \/><\/div>\n<\/div>\n<\/div>\n<\/div>\n<\/div>\n<\/div>\n<\/div>\n<div id=\"section-c88\" class=\"section row section-1-cells entity-selectable\">\n<div class=\"section-sibling\"><\/div>\n<\/div>\n<div id=\"section-c96\" class=\"section row section-2-cells entity-selectable\">\n<div class=\"cells wide\">\n<div id=\"c102\" class=\"cell column is-light eight span-8 entity-selectable\">\n<div class=\"content\">\n<div class=\"widget html-widget\">\n<div class=\"tinymce\">\n<h4 id=\"ic_toc_link_6\"><strong>Kokoaminen \/ Sijoitus<\/strong><\/h4>\n<p>Uppoasennukseen py\u00f6re\u00e4\u00e4n laitelaatikkoon c\/c 60mm tai pinta-asennukseen sein\u00e4kehykseen 11060068 (E-nro 5020012) (korkeus 26mm). Ruuvikiinnityksen kansi valkoisesta kestomuovista.<\/p>\n<p>Laite voidaan sijoittaa mihin tahansa kohtaan silmukassa.<\/p>\n<\/div>\n<\/div>\n<\/div>\n<\/div>\n<\/div>\n<\/div>\n<div id=\"section-c116\" class=\"section row section-2-cells entity-selectable\">\n<div class=\"cells wide\">\n<div id=\"c122\" class=\"cell column is-light eight span-8 entity-selectable\">\n<div class=\"content\">\n<div class=\"widget html-widget\">\n<div class=\"content-toolbar\"><\/div>\n<div class=\"tinymce\">\n<h4 id=\"ic_toc_link_7\"><strong>Ohjelmointi \/ Osoittaminen \/ Asetukset<\/strong><\/h4>\n<p>Laitteen osoite asetetaan laitoksen erityisdokumentaation mukaan. Jokaisella osoitteella on oma uniikki tekstins\u00e4 keskusyksik\u00f6iden h\u00e4lytysn\u00e4ytt\u00f6\u00e4 varten.<\/p>\n<p>Kaikki Call App\/Restore -laitteet on osoitettava j\u00e4rjestyksess\u00e4 alkaen osoitteesta 1 ja enint\u00e4\u00e4n 50.<\/p>\n<\/div>\n<\/div>\n<\/div>\n<\/div>\n<\/div>\n<\/div>\n<div id=\"section-c128\" class=\"section row section-2-cells entity-selectable\">\n<div class=\"cells wide\">\n<div id=\"c130\" class=\"cell column is-light six span-6 entity-selectable\">\n<div class=\"content\">\n<div class=\"widget html-widget\">\n<div class=\"tinymce\">\n<div class=\"image-cell\"><img decoding=\"async\" src=\"https:\/\/tjeders.infocaption.com\/media\/20210128\/247\/image_1.png\" alt=\"\" \/><\/div>\n<\/div>\n<\/div>\n<\/div>\n<\/div>\n<div id=\"c134\" class=\"cell column is-light six span-6 entity-selectable\">\n<div class=\"action-buttons\"><\/div>\n<div class=\"content-toolbar\"><\/div>\n<div class=\"content\">\n<div class=\"widget html-widget\">\n<div class=\"content-toolbar\"><\/div>\n<div class=\"tinymce\">\n<div class=\"image-cell\"><img decoding=\"async\" src=\"https:\/\/tjeders.infocaption.com\/media\/20210128\/247\/image_2.png\" alt=\"\" \/><\/div>\n<\/div>\n<\/div>\n<\/div>\n<\/div>\n<\/div>\n<\/div>","protected":false},"excerpt":{"rendered":"<p>Laitteessa on n\u00e4ytt\u00f6, jossa on 8 punaista\/vihre\u00e4\u00e4 aakkosnumeerista merkki\u00e4 (merkin korkeus 12mm), 1 punainen ja 1 vihre\u00e4 toimintopainike. Punainen kuittausdiodi ja vihre\u00e4 toimintailmaisin kannessa olevan 2 mm:n valoohjaimen alla. Summeri s\u00e4\u00e4dett\u00e4v\u00e4ll\u00e4 \u00e4\u00e4nenvoimakkuudella<\/p>","protected":false},"featured_media":143774,"template":"","meta":{"_acf_changed":false},"product_brand":[],"product_cat":[1609],"product_tag":[],"class_list":{"0":"post-53439","1":"product","2":"type-product","3":"status-publish","4":"has-post-thumbnail","6":"product_cat-nod-evakueringslarm","7":"product_shipping_class-tunga-paket","8":"pa_brands-tjeders","9":"pa_farg-vit","10":"tm-no-options","12":"first","13":"instock","14":"sale","15":"taxable","16":"shipping-taxable","17":"purchasable","18":"product-type-simple"},"acf":[],"_links":{"self":[{"href":"https:\/\/secureus.se\/fi\/wp-json\/wp\/v2\/product\/53439","targetHints":{"allow":["GET"]}}],"collection":[{"href":"https:\/\/secureus.se\/fi\/wp-json\/wp\/v2\/product"}],"about":[{"href":"https:\/\/secureus.se\/fi\/wp-json\/wp\/v2\/types\/product"}],"wp:featuredmedia":[{"embeddable":true,"href":"https:\/\/secureus.se\/fi\/wp-json\/wp\/v2\/media\/143774"}],"wp:attachment":[{"href":"https:\/\/secureus.se\/fi\/wp-json\/wp\/v2\/media?parent=53439"}],"wp:term":[{"taxonomy":"product_brand","embeddable":true,"href":"https:\/\/secureus.se\/fi\/wp-json\/wp\/v2\/product_brand?post=53439"},{"taxonomy":"product_cat","embeddable":true,"href":"https:\/\/secureus.se\/fi\/wp-json\/wp\/v2\/product_cat?post=53439"},{"taxonomy":"product_tag","embeddable":true,"href":"https:\/\/secureus.se\/fi\/wp-json\/wp\/v2\/product_tag?post=53439"}],"curies":[{"name":"wp","href":"https:\/\/api.w.org\/{rel}","templated":true}]}}