{"id":53440,"date":"2022-06-23T15:19:47","date_gmt":"2022-06-23T13:19:47","guid":{"rendered":"https:\/\/secureus.se\/produkt\/centralenhet-evaq-2-kn\/"},"modified":"2026-04-23T12:00:56","modified_gmt":"2026-04-23T10:00:56","slug":"centralenhet-evaq-2-kn","status":"publish","type":"product","link":"https:\/\/secureus.se\/fi\/centralenhet-evaq-2-kn\/","title":{"rendered":"Keskusyksikk\u00f6 Evaq 2 Kn"},"content":{"rendered":"<p>Keskusyksikk\u00f6 voi hallita jopa 50 h\u00e4lytyspistett\u00e4. Laitteessa on n\u00e4ytt\u00f6, jossa on 8 punaista\/vihre\u00e4\u00e4 aakkosnumeerista merkki\u00e4 (merkin korkeus 12 mm) ja 2 vihre\u00e4\u00e4 toimintopainiketta. Punainen kuittausdiodi ja vihre\u00e4 toimintailmaisin kannessa olevan 2 mm:n valoohjaimen alla. Summeri s\u00e4\u00e4dett\u00e4v\u00e4ll\u00e4 \u00e4\u00e4nenvoimakkuudella ja tulolla ohjaustoimintoa varten (&quot;Kuitin&quot; aktivointi). L\u00e4hd\u00f6t summerille, kokonaish\u00e4lytykselle ja virheh\u00e4lyttimelle Paina kantta: &quot;Kuitti&quot; kytket\u00e4\u00e4n ruuviliittimeen, jossa on johtimien suojaus.<\/p>","protected":false},"excerpt":{"rendered":"<p>Ohjauspaneeli pystyy k\u00e4sittelem\u00e4\u00e4n jopa 50 h\u00e4lytyspistett\u00e4. Laitteessa on n\u00e4ytt\u00f6, jossa on 8 punaista\/vihre\u00e4\u00e4 aakkosnumeerista merkki\u00e4 (merkin korkeus 12 mm) ja 2 vihre\u00e4\u00e4 toimintopainiketta. Punainen kuittausdiodi ja vihre\u00e4 toiminnan merkkivalo 2 mm:n valojohtimen alla.<\/p>","protected":false},"featured_media":143425,"template":"","meta":{"_acf_changed":false},"product_brand":[],"product_cat":[1609],"product_tag":[],"class_list":{"0":"post-53440","1":"product","2":"type-product","3":"status-publish","4":"has-post-thumbnail","6":"product_cat-nod-evakueringslarm","7":"product_shipping_class-tunga-paket","8":"tm-no-options","10":"first","11":"outofstock","12":"sale","13":"taxable","14":"shipping-taxable","15":"purchasable","16":"product-type-simple"},"acf":[],"_links":{"self":[{"href":"https:\/\/secureus.se\/fi\/wp-json\/wp\/v2\/product\/53440","targetHints":{"allow":["GET"]}}],"collection":[{"href":"https:\/\/secureus.se\/fi\/wp-json\/wp\/v2\/product"}],"about":[{"href":"https:\/\/secureus.se\/fi\/wp-json\/wp\/v2\/types\/product"}],"wp:featuredmedia":[{"embeddable":true,"href":"https:\/\/secureus.se\/fi\/wp-json\/wp\/v2\/media\/143425"}],"wp:attachment":[{"href":"https:\/\/secureus.se\/fi\/wp-json\/wp\/v2\/media?parent=53440"}],"wp:term":[{"taxonomy":"product_brand","embeddable":true,"href":"https:\/\/secureus.se\/fi\/wp-json\/wp\/v2\/product_brand?post=53440"},{"taxonomy":"product_cat","embeddable":true,"href":"https:\/\/secureus.se\/fi\/wp-json\/wp\/v2\/product_cat?post=53440"},{"taxonomy":"product_tag","embeddable":true,"href":"https:\/\/secureus.se\/fi\/wp-json\/wp\/v2\/product_tag?post=53440"}],"curies":[{"name":"wp","href":"https:\/\/api.w.org\/{rel}","templated":true}]}}