{"id":53441,"date":"2022-06-23T15:18:33","date_gmt":"2022-06-23T13:18:33","guid":{"rendered":"https:\/\/secureus.se\/produkt\/nodlarm-bfl-paket\/"},"modified":"2026-03-26T12:16:41","modified_gmt":"2026-03-26T11:16:41","slug":"nodlarm-bfl-paket","status":"publish","type":"product","link":"https:\/\/secureus.se\/fi\/nodlarm-bfl-paket\/","title":{"rendered":"H\u00e4t\u00e4h\u00e4lytys Bfl-paketti"},"content":{"rendered":"<p>H\u00e4lytys aktivoidaan nollauslaitteen toimintopainikkeella &quot;H\u00e4t\u00e4signaali&quot;. H\u00e4lytyksen sattuessa osoitinlevyn akustinen ja optinen ilmaisin sek\u00e4 kuittausdiodi aktivoituvat nollauslaitteessa. H\u00e4lytykset kuitataan &quot;Reset&quot;-toimintopainikkeella. H\u00e4lytykset voidaan v\u00e4litt\u00e4\u00e4 muistilla varustetun kuittauslaitteen relel\u00e4hd\u00f6st\u00e4.<\/p>","protected":false},"excerpt":{"rendered":"<p>H\u00e4lytys aktivoidaan nollauslaitteen toimintopainikkeella &quot;H\u00e4t\u00e4signaali&quot;. H\u00e4lytyksen sattuessa osoitinlevyn akustinen ja optinen ilmaisin sek\u00e4 kuittausdiodi aktivoituvat nollauslaitteessa. H\u00e4lytykset kuitataan &quot;Reset&quot;-toimintopainikkeella. H\u00e4lytykset voidaan v\u00e4litt\u00e4\u00e4 relel\u00e4hd\u00f6st\u00e4 i<\/p>","protected":false},"featured_media":144232,"template":"","meta":{"_acf_changed":false},"product_brand":[],"product_cat":[1610],"product_tag":[],"class_list":{"0":"post-53441","1":"product","2":"type-product","3":"status-publish","4":"has-post-thumbnail","6":"product_cat-instangningslarm","7":"product_shipping_class-tunga-paket","8":"tm-no-options","10":"first","11":"outofstock","12":"sale","13":"taxable","14":"shipping-taxable","15":"purchasable","16":"product-type-simple"},"acf":[],"_links":{"self":[{"href":"https:\/\/secureus.se\/fi\/wp-json\/wp\/v2\/product\/53441","targetHints":{"allow":["GET"]}}],"collection":[{"href":"https:\/\/secureus.se\/fi\/wp-json\/wp\/v2\/product"}],"about":[{"href":"https:\/\/secureus.se\/fi\/wp-json\/wp\/v2\/types\/product"}],"wp:featuredmedia":[{"embeddable":true,"href":"https:\/\/secureus.se\/fi\/wp-json\/wp\/v2\/media\/144232"}],"wp:attachment":[{"href":"https:\/\/secureus.se\/fi\/wp-json\/wp\/v2\/media?parent=53441"}],"wp:term":[{"taxonomy":"product_brand","embeddable":true,"href":"https:\/\/secureus.se\/fi\/wp-json\/wp\/v2\/product_brand?post=53441"},{"taxonomy":"product_cat","embeddable":true,"href":"https:\/\/secureus.se\/fi\/wp-json\/wp\/v2\/product_cat?post=53441"},{"taxonomy":"product_tag","embeddable":true,"href":"https:\/\/secureus.se\/fi\/wp-json\/wp\/v2\/product_tag?post=53441"}],"curies":[{"name":"wp","href":"https:\/\/api.w.org\/{rel}","templated":true}]}}