{"id":53442,"date":"2022-06-23T15:16:41","date_gmt":"2022-06-23T13:16:41","guid":{"rendered":"https:\/\/secureus.se\/produkt\/dm-panel-pr0510s\/"},"modified":"2026-03-26T12:16:49","modified_gmt":"2026-03-26T11:16:49","slug":"dm-panel-pr0510s","status":"publish","type":"product","link":"https:\/\/secureus.se\/fi\/dm-panel-pr0510s\/","title":{"rendered":"Dm-paneeli Pr0510S"},"content":{"rendered":"<p>DM Touch ker\u00e4\u00e4 l\u00e4mp\u00f6tilalukemat tai muut halutut valvotut pisteet. J\u00e4rjestelm\u00e4 h\u00e4lytt\u00e4\u00e4 l\u00e4mp\u00f6tilasta mm. kylm\u00e4huone alittaa tai ylitt\u00e4\u00e4 asetetut rajat tai jos ovi j\u00e4tet\u00e4\u00e4n auki pidemp\u00e4\u00e4n kuin sallitun ajan.<br \/>\nJ\u00e4rjestelm\u00e4 soveltuu tiloihin, jotka vaativat valvontaa h\u00e4lytyksell\u00e4, jos olosuhteet ylittyv\u00e4t. Esimerkiksi auki oleva ovi tai ravintolakeitti\u00f6t, koulukeitti\u00f6t, pienet laboratoriot ja pienet leipomot jne. joissa on t\u00e4rke\u00e4\u00e4 yll\u00e4pit\u00e4\u00e4 oikeat l\u00e4mp\u00f6tilat erityyppisiss\u00e4 kylm\u00e4tiloissa osittain tuotteiden laadun varmistamiseksi, mutta my\u00f6s Ymp\u00e4rist\u00f6 &amp; Terveys -vaatimusten vuoksi. itsehillint\u00e4\u00e4 varten.<br \/>\nData Manager toimitetaan vakiona, jossa on tilaa 12 anturille l\u00e4mp\u00f6tiloja tai koskettimia varten, esim. j\u00e4rjestelm\u00e4 voi h\u00e4lytt\u00e4\u00e4, jos kylm\u00e4huoneen ovi j\u00e4tet\u00e4\u00e4n auki liian pitk\u00e4ksi aikaa. Asentaja sijoittaa anturit oikeaan paikkaan. Yksikk\u00f6 voidaan laajentaa enint\u00e4\u00e4n 48 anturiin.<br \/>\nJ\u00e4rjestelm\u00e4 on helppok\u00e4ytt\u00f6inen kaikille, valikot ovat ruotsinkielisi\u00e4, yksi painallus kosketusn\u00e4yt\u00f6ss\u00e4 ja erilaiset komennot n\u00e4kyv\u00e4t aivan kuten iPadissa. J\u00e4rjestelm\u00e4 my\u00f6s tallentaa tapahtumat suoraan laitteeseen.<br \/>\nJos haluat l\u00e4hett\u00e4\u00e4 h\u00e4lytyksen vartiointiliikkeelle, se on valmis ja voit l\u00e4hett\u00e4\u00e4 h\u00e4lytyksen my\u00f6s suoraan DMTouchista matkapuhelimeen.<\/p>","protected":false},"excerpt":{"rendered":"<p>DM Touch ker\u00e4\u00e4 l\u00e4mp\u00f6tilalukemat tai muut halutut valvotut pisteet. J\u00e4rjestelm\u00e4 h\u00e4lytt\u00e4\u00e4 l\u00e4mp\u00f6tilasta mm. kylm\u00e4huone alittaa tai ylitt\u00e4\u00e4 asetetut rajat tai jos ovi on auki<\/p>","protected":false},"featured_media":144240,"template":"","meta":{"_acf_changed":false},"product_brand":[],"product_cat":[1308,1611],"product_tag":[],"class_list":{"0":"post-53442","1":"product","2":"type-product","3":"status-publish","4":"has-post-thumbnail","6":"product_cat-driftlarm-kyla-vatten-temp","7":"product_cat-kyllarm","8":"product_shipping_class-tunga-paket","9":"tm-no-options","11":"first","12":"outofstock","13":"sale","14":"taxable","15":"shipping-taxable","16":"purchasable","17":"product-type-simple"},"acf":[],"_links":{"self":[{"href":"https:\/\/secureus.se\/fi\/wp-json\/wp\/v2\/product\/53442","targetHints":{"allow":["GET"]}}],"collection":[{"href":"https:\/\/secureus.se\/fi\/wp-json\/wp\/v2\/product"}],"about":[{"href":"https:\/\/secureus.se\/fi\/wp-json\/wp\/v2\/types\/product"}],"wp:featuredmedia":[{"embeddable":true,"href":"https:\/\/secureus.se\/fi\/wp-json\/wp\/v2\/media\/144240"}],"wp:attachment":[{"href":"https:\/\/secureus.se\/fi\/wp-json\/wp\/v2\/media?parent=53442"}],"wp:term":[{"taxonomy":"product_brand","embeddable":true,"href":"https:\/\/secureus.se\/fi\/wp-json\/wp\/v2\/product_brand?post=53442"},{"taxonomy":"product_cat","embeddable":true,"href":"https:\/\/secureus.se\/fi\/wp-json\/wp\/v2\/product_cat?post=53442"},{"taxonomy":"product_tag","embeddable":true,"href":"https:\/\/secureus.se\/fi\/wp-json\/wp\/v2\/product_tag?post=53442"}],"curies":[{"name":"wp","href":"https:\/\/api.w.org\/{rel}","templated":true}]}}