{"id":53448,"date":"2022-06-23T15:13:26","date_gmt":"2022-06-23T13:13:26","guid":{"rendered":"https:\/\/secureus.se\/produkt\/aterstalln-enkel-2-kn-2\/"},"modified":"2026-03-26T12:17:26","modified_gmt":"2026-03-26T11:17:26","slug":"aterstalln-enkel-2-kn-2","status":"publish","type":"product","link":"https:\/\/secureus.se\/fi\/aterstalln-enkel-2-kn-2\/","title":{"rendered":"Reset Simple 2 Kn"},"content":{"rendered":"<p>Laitteessa on 1 punainen ja 1 vihre\u00e4 toimintopainike sek\u00e4 punainen kuittausdiodi kannessa olevan 2 mm valoohjaimen alla. Paina kantta: &quot;H\u00e4t\u00e4signaali&quot; ja &quot;Nollaa&quot;. Kytkent\u00e4 tapahtuu nostettavilla ruuviliittimill\u00e4, joissa on johdinsuoja. Uppoasennukseen py\u00f6re\u00e4\u00e4n laitelaatikkoon c\/c 60mm tai pinta-asennukseen sein\u00e4kehykseen 5020012 (korkeus 26mm). P\u00e4\u00e4llinen ruuvikiinnitykseen valkoista kestomuovia.<\/p>","protected":false},"excerpt":{"rendered":"<p>Laitteessa on 1 punainen ja 1 vihre\u00e4 toimintopainike sek\u00e4 punainen kuittausdiodi kannessa olevan 2 mm valoohjaimen alla. Paina kantta: &quot;H\u00e4t\u00e4signaali&quot; ja &quot;Nollaa&quot;. Kytkent\u00e4 tapahtuu kytkett\u00e4vill\u00e4 ruuviliittimill\u00e4, joissa on johdinsuoja.<\/p>","protected":false},"featured_media":143577,"template":"","meta":{"_acf_changed":false},"product_brand":[],"product_cat":[1612],"product_tag":[],"class_list":{"0":"post-53448","1":"product","2":"type-product","3":"status-publish","4":"has-post-thumbnail","6":"product_cat-aterstallningsenhet","7":"product_shipping_class-tunga-paket","8":"pa_farg-vit","9":"tm-no-options","11":"first","12":"outofstock","13":"sale","14":"taxable","15":"shipping-taxable","16":"purchasable","17":"product-type-simple"},"acf":[],"_links":{"self":[{"href":"https:\/\/secureus.se\/fi\/wp-json\/wp\/v2\/product\/53448","targetHints":{"allow":["GET"]}}],"collection":[{"href":"https:\/\/secureus.se\/fi\/wp-json\/wp\/v2\/product"}],"about":[{"href":"https:\/\/secureus.se\/fi\/wp-json\/wp\/v2\/types\/product"}],"wp:featuredmedia":[{"embeddable":true,"href":"https:\/\/secureus.se\/fi\/wp-json\/wp\/v2\/media\/143577"}],"wp:attachment":[{"href":"https:\/\/secureus.se\/fi\/wp-json\/wp\/v2\/media?parent=53448"}],"wp:term":[{"taxonomy":"product_brand","embeddable":true,"href":"https:\/\/secureus.se\/fi\/wp-json\/wp\/v2\/product_brand?post=53448"},{"taxonomy":"product_cat","embeddable":true,"href":"https:\/\/secureus.se\/fi\/wp-json\/wp\/v2\/product_cat?post=53448"},{"taxonomy":"product_tag","embeddable":true,"href":"https:\/\/secureus.se\/fi\/wp-json\/wp\/v2\/product_tag?post=53448"}],"curies":[{"name":"wp","href":"https:\/\/api.w.org\/{rel}","templated":true}]}}