{"id":53449,"date":"2022-06-23T15:13:12","date_gmt":"2022-06-23T13:13:12","guid":{"rendered":"https:\/\/secureus.se\/produkt\/aterstalln-enkel-2-kn\/"},"modified":"2026-04-08T16:48:02","modified_gmt":"2026-04-08T14:48:02","slug":"aterstalln-enkel-2-kn","status":"publish","type":"product","link":"https:\/\/secureus.se\/fi\/aterstalln-enkel-2-kn\/","title":{"rendered":"Reset Simple 2 Kn"},"content":{"rendered":"<p>Reset-laite, joka sis\u00e4lt\u00e4\u00e4 1 punaisen ja 1 vihre\u00e4n toimintopainikkeen ja punaisen kuittausdiodin kannessa olevan 2 mm:n valoohjaimen alla. Paina kantta: &quot;Signaali&quot; ja &quot;Reset&quot;. Kytkent\u00e4 tapahtuu nostettavalla ruuviliittimell\u00e4, jossa on johdinsuoja. Uppoasennukseen py\u00f6re\u00e4\u00e4n laitelaatikkoon c\/c 60mm tai pinta-asennukseen sein\u00e4kehykseen 5020012 (korkeus 26mm). P\u00e4\u00e4llinen ruuvikiinnitykseen valkoista kestomuovia.<\/p>","protected":false},"excerpt":{"rendered":"<p>Reset-laite, joka sis\u00e4lt\u00e4\u00e4 1 punaisen ja 1 vihre\u00e4n toimintopainikkeen ja punaisen kuittausdiodin kannessa olevan 2 mm valoohjaimen alla. Paina kantta: \u201cSignaali\u201d ja \u201cNollaa\u201d. Kytkent\u00e4 tapahtuu nostettavalla ruuviliittimell\u00e4, jossa on johdinsuoja.<\/p>","protected":false},"featured_media":143796,"template":"","meta":{"_acf_changed":false},"product_brand":[],"product_cat":[1612],"product_tag":[],"class_list":{"0":"post-53449","1":"product","2":"type-product","3":"status-publish","4":"has-post-thumbnail","6":"product_cat-aterstallningsenhet","7":"product_shipping_class-tunga-paket","8":"pa_farg-vit","9":"tm-no-options","11":"first","12":"outofstock","13":"sale","14":"taxable","15":"shipping-taxable","16":"purchasable","17":"product-type-simple"},"acf":[],"_links":{"self":[{"href":"https:\/\/secureus.se\/fi\/wp-json\/wp\/v2\/product\/53449","targetHints":{"allow":["GET"]}}],"collection":[{"href":"https:\/\/secureus.se\/fi\/wp-json\/wp\/v2\/product"}],"about":[{"href":"https:\/\/secureus.se\/fi\/wp-json\/wp\/v2\/types\/product"}],"wp:featuredmedia":[{"embeddable":true,"href":"https:\/\/secureus.se\/fi\/wp-json\/wp\/v2\/media\/143796"}],"wp:attachment":[{"href":"https:\/\/secureus.se\/fi\/wp-json\/wp\/v2\/media?parent=53449"}],"wp:term":[{"taxonomy":"product_brand","embeddable":true,"href":"https:\/\/secureus.se\/fi\/wp-json\/wp\/v2\/product_brand?post=53449"},{"taxonomy":"product_cat","embeddable":true,"href":"https:\/\/secureus.se\/fi\/wp-json\/wp\/v2\/product_cat?post=53449"},{"taxonomy":"product_tag","embeddable":true,"href":"https:\/\/secureus.se\/fi\/wp-json\/wp\/v2\/product_tag?post=53449"}],"curies":[{"name":"wp","href":"https:\/\/api.w.org\/{rel}","templated":true}]}}