{"id":53450,"date":"2022-06-23T15:13:07","date_gmt":"2022-06-23T13:13:07","guid":{"rendered":"https:\/\/secureus.se\/produkt\/aterst-kapslad-ip65-2kn\/"},"modified":"2026-04-23T12:02:44","modified_gmt":"2026-04-23T10:02:44","slug":"aterst-kapslad-ip65-2kn","status":"publish","type":"product","link":"https:\/\/secureus.se\/fi\/aterst-kapslad-ip65-2kn\/","title":{"rendered":"Rest.Encapsulated Ip65 2Kn"},"content":{"rendered":"<p>Laitteessa on 1 punainen ja 1 vihre\u00e4 toimintopainike sek\u00e4 punainen kuittausdiodi punaisessa toimintopainikkeessa. Paina kantta :&quot;H\u00c4T\u00c4SIGNAL&quot; ja &quot;RESTORE&quot;. Kytkent\u00e4 tapahtuu ruuviliittimell\u00e4. Tukevassa kotelossa (suojausluokka IP65), joka on tarkoitettu pinta-asennukseen ruuvikiinnityksell\u00e4 ja pohjassa reik\u00e4 kaapelin l\u00e4pivienti\u00e4 varten.<\/p>","protected":false},"excerpt":{"rendered":"<p>Laitteessa on 1 punainen ja 1 vihre\u00e4 toimintopainike sek\u00e4 punainen kuittausdiodi punaisessa toimintopainikkeessa. Paina kantta :&quot;H\u00c4T\u00c4SIGNAL&quot; ja &quot;RESTORE&quot;. Kytkent\u00e4 tapahtuu ruuviliittimell\u00e4. Tarkoitettu tukevaan koteloon (suojausluokka IP65).<\/p>","protected":false},"featured_media":144253,"template":"","meta":{"_acf_changed":false},"product_brand":[],"product_cat":[1612],"product_tag":[],"class_list":{"0":"post-53450","1":"product","2":"type-product","3":"status-publish","4":"has-post-thumbnail","6":"product_cat-aterstallningsenhet","7":"product_shipping_class-tunga-paket","8":"tm-no-options","10":"first","11":"outofstock","12":"sale","13":"taxable","14":"shipping-taxable","15":"purchasable","16":"product-type-simple"},"acf":[],"_links":{"self":[{"href":"https:\/\/secureus.se\/fi\/wp-json\/wp\/v2\/product\/53450","targetHints":{"allow":["GET"]}}],"collection":[{"href":"https:\/\/secureus.se\/fi\/wp-json\/wp\/v2\/product"}],"about":[{"href":"https:\/\/secureus.se\/fi\/wp-json\/wp\/v2\/types\/product"}],"wp:featuredmedia":[{"embeddable":true,"href":"https:\/\/secureus.se\/fi\/wp-json\/wp\/v2\/media\/144253"}],"wp:attachment":[{"href":"https:\/\/secureus.se\/fi\/wp-json\/wp\/v2\/media?parent=53450"}],"wp:term":[{"taxonomy":"product_brand","embeddable":true,"href":"https:\/\/secureus.se\/fi\/wp-json\/wp\/v2\/product_brand?post=53450"},{"taxonomy":"product_cat","embeddable":true,"href":"https:\/\/secureus.se\/fi\/wp-json\/wp\/v2\/product_cat?post=53450"},{"taxonomy":"product_tag","embeddable":true,"href":"https:\/\/secureus.se\/fi\/wp-json\/wp\/v2\/product_tag?post=53450"}],"curies":[{"name":"wp","href":"https:\/\/api.w.org\/{rel}","templated":true}]}}