{"id":53453,"date":"2022-06-23T15:12:39","date_gmt":"2022-06-23T13:12:39","guid":{"rendered":"https:\/\/secureus.se\/produkt\/aterstalln-minne-kn\/"},"modified":"2026-04-08T17:01:18","modified_gmt":"2026-04-08T15:01:18","slug":"aterstalln-minne-kn","status":"publish","type":"product","link":"https:\/\/secureus.se\/fi\/aterstalln-minne-kn\/","title":{"rendered":"Palauta muisti Kn"},"content":{"rendered":"<p>Laitteessa on vihre\u00e4 toimintopainike ja punainen kuittausdiodi kannessa olevan 2 mm:n valoohjaimen alla. Muistitoiminto ja tulot h\u00e4lytyksi\u00e4 ja kuittausta varten. Relel\u00e4hd\u00f6t h\u00e4lytyksi\u00e4 varten. Napauta kantta: &quot;Palauta&quot;. Kytkent\u00e4 tapahtuu ruuviliittimell\u00e4, jossa on johdinsuoja. Uppoasennukseen py\u00f6re\u00e4\u00e4n laitelaatikkoon c\/c 60mm tai pinta-asennukseen sein\u00e4kehykseen 5020012 (korkeus 26mm). Ruuvikiinnityksen kansi valkoisesta kestomuovista.<\/p>","protected":false},"excerpt":{"rendered":"<p>Laitteessa on vihre\u00e4 toimintopainike ja punainen kuittausdiodi kannessa olevan 2 mm:n valoohjaimen alla. Muistitoiminto ja tulot h\u00e4lytyksi\u00e4 ja kuittausta varten. Relel\u00e4hd\u00f6t h\u00e4lytyksi\u00e4 varten. Napauta kantta: &quot;Palauta&quot;. Yhteys tapahtuu<\/p>","protected":false},"featured_media":143807,"template":"","meta":{"_acf_changed":false},"product_brand":[],"product_cat":[1612],"product_tag":[],"class_list":{"0":"post-53453","1":"product","2":"type-product","3":"status-publish","4":"has-post-thumbnail","6":"product_cat-aterstallningsenhet","7":"product_shipping_class-tunga-paket","8":"pa_farg-vit","9":"tm-no-options","11":"first","12":"outofstock","13":"sale","14":"taxable","15":"shipping-taxable","16":"purchasable","17":"product-type-simple"},"acf":[],"_links":{"self":[{"href":"https:\/\/secureus.se\/fi\/wp-json\/wp\/v2\/product\/53453","targetHints":{"allow":["GET"]}}],"collection":[{"href":"https:\/\/secureus.se\/fi\/wp-json\/wp\/v2\/product"}],"about":[{"href":"https:\/\/secureus.se\/fi\/wp-json\/wp\/v2\/types\/product"}],"wp:featuredmedia":[{"embeddable":true,"href":"https:\/\/secureus.se\/fi\/wp-json\/wp\/v2\/media\/143807"}],"wp:attachment":[{"href":"https:\/\/secureus.se\/fi\/wp-json\/wp\/v2\/media?parent=53453"}],"wp:term":[{"taxonomy":"product_brand","embeddable":true,"href":"https:\/\/secureus.se\/fi\/wp-json\/wp\/v2\/product_brand?post=53453"},{"taxonomy":"product_cat","embeddable":true,"href":"https:\/\/secureus.se\/fi\/wp-json\/wp\/v2\/product_cat?post=53453"},{"taxonomy":"product_tag","embeddable":true,"href":"https:\/\/secureus.se\/fi\/wp-json\/wp\/v2\/product_tag?post=53453"}],"curies":[{"name":"wp","href":"https:\/\/api.w.org\/{rel}","templated":true}]}}