{"id":53454,"date":"2022-06-23T15:11:32","date_gmt":"2022-06-23T13:11:32","guid":{"rendered":"https:\/\/secureus.se\/produkt\/anropsapp-kn-drag-2\/"},"modified":"2026-04-08T16:50:57","modified_gmt":"2026-04-08T14:50:57","slug":"anropsapp-kn-drag-2","status":"publish","type":"product","link":"https:\/\/secureus.se\/fi\/anropsapp-kn-drag-2\/","title":{"rendered":"Soittosovellus Kn Drag"},"content":{"rendered":"<p>Laitteessa on punainen toimintopainike, 2 metrin johto ja punainen kuittausdiodi yhden alla<br \/>\n2mm valonohjain kannessa. Paina kantta: &quot;H\u00e4t\u00e4signaali&quot;. Kytkent\u00e4 tapahtuu pistokeliittimell\u00e4<br \/>\nlangan suojaus. Uppoasennukseen py\u00f6re\u00e4\u00e4n laitelaatikkoon c\/c 60mm tai pinta-asennukseen sein\u00e4kehykseen<br \/>\n5020088 (korkeus 16 mm). P\u00e4\u00e4llinen ruuvikiinnitykseen valkoista kestomuovia.<\/p>","protected":false},"excerpt":{"rendered":"<p>Laitteessa on punainen toimintopainike, 2 metrin johto ja punainen kuittausdiodi kannessa olevan 2 mm:n valoohjaimen alla. Paina kantta: &quot;H\u00e4t\u00e4signaali&quot;. Kytkent\u00e4 tapahtuu nostettavalla ruuviliittimell\u00e4, jossa on johdinsuoja. Uppoasennukseen<\/p>","protected":false},"featured_media":143345,"template":"","meta":{"_acf_changed":false},"product_brand":[],"product_cat":[1608],"product_tag":[],"class_list":{"0":"post-53454","1":"product","2":"type-product","3":"status-publish","4":"has-post-thumbnail","6":"product_cat-larmknappar","7":"product_shipping_class-tunga-paket","8":"pa_farg-vit","9":"tm-no-options","11":"first","12":"outofstock","13":"sale","14":"taxable","15":"shipping-taxable","16":"purchasable","17":"product-type-simple"},"acf":[],"_links":{"self":[{"href":"https:\/\/secureus.se\/fi\/wp-json\/wp\/v2\/product\/53454","targetHints":{"allow":["GET"]}}],"collection":[{"href":"https:\/\/secureus.se\/fi\/wp-json\/wp\/v2\/product"}],"about":[{"href":"https:\/\/secureus.se\/fi\/wp-json\/wp\/v2\/types\/product"}],"wp:featuredmedia":[{"embeddable":true,"href":"https:\/\/secureus.se\/fi\/wp-json\/wp\/v2\/media\/143345"}],"wp:attachment":[{"href":"https:\/\/secureus.se\/fi\/wp-json\/wp\/v2\/media?parent=53454"}],"wp:term":[{"taxonomy":"product_brand","embeddable":true,"href":"https:\/\/secureus.se\/fi\/wp-json\/wp\/v2\/product_brand?post=53454"},{"taxonomy":"product_cat","embeddable":true,"href":"https:\/\/secureus.se\/fi\/wp-json\/wp\/v2\/product_cat?post=53454"},{"taxonomy":"product_tag","embeddable":true,"href":"https:\/\/secureus.se\/fi\/wp-json\/wp\/v2\/product_tag?post=53454"}],"curies":[{"name":"wp","href":"https:\/\/api.w.org\/{rel}","templated":true}]}}