{"id":53456,"date":"2022-06-23T15:11:29","date_gmt":"2022-06-23T13:11:29","guid":{"rendered":"https:\/\/secureus.se\/produkt\/anropsapp-kn-signal\/"},"modified":"2026-04-23T11:57:33","modified_gmt":"2026-04-23T09:57:33","slug":"anropsapp-kn-signal","status":"publish","type":"product","link":"https:\/\/secureus.se\/fi\/anropsapp-kn-signal\/","title":{"rendered":"Soittosovellus Kn \u201cSignal\u201d"},"content":{"rendered":"<p>Soittolaite, joka sis\u00e4lt\u00e4\u00e4 punaisen toimintopainikkeen ja punaisen kuittausdiodin kannessa olevan 2 mm:n valoohjaimen alla. Paina kantta: &quot;Signaali&quot;. Kytkent\u00e4 tapahtuu nostettavalla ruuviliittimell\u00e4, jossa on johdinsuoja. Uppoasennukseen py\u00f6re\u00e4\u00e4n laitelaatikkoon c\/c 60mm tai pinta-asennukseen sein\u00e4kehykseen 5020012 (korkeus 26mm). Ruuvikiinnityksen kansi valkoisesta kestomuovista<\/p>","protected":false},"excerpt":{"rendered":"<p>Soittolaite, joka sis\u00e4lt\u00e4\u00e4 punaisen toimintopainikkeen ja punaisen kuittausdiodin kannessa olevan 2 mm valoohjaimen alla. Paina kantta: &quot;Signaali&quot;. Kytkent\u00e4 tapahtuu nostettavalla ruuviliittimell\u00e4, jossa on johdinsuoja. Uppoasennukseen py\u00f6re\u00e4\u00e4n laitelaatikkoon<\/p>","protected":false},"featured_media":143594,"template":"","meta":{"_acf_changed":false},"product_brand":[],"product_cat":[1608],"product_tag":[],"class_list":{"0":"post-53456","1":"product","2":"type-product","3":"status-publish","4":"has-post-thumbnail","6":"product_cat-larmknappar","7":"product_shipping_class-tunga-paket","8":"pa_farg-vit","9":"tm-no-options","11":"first","12":"outofstock","13":"sale","14":"taxable","15":"shipping-taxable","16":"purchasable","17":"product-type-simple"},"acf":[],"_links":{"self":[{"href":"https:\/\/secureus.se\/fi\/wp-json\/wp\/v2\/product\/53456","targetHints":{"allow":["GET"]}}],"collection":[{"href":"https:\/\/secureus.se\/fi\/wp-json\/wp\/v2\/product"}],"about":[{"href":"https:\/\/secureus.se\/fi\/wp-json\/wp\/v2\/types\/product"}],"wp:featuredmedia":[{"embeddable":true,"href":"https:\/\/secureus.se\/fi\/wp-json\/wp\/v2\/media\/143594"}],"wp:attachment":[{"href":"https:\/\/secureus.se\/fi\/wp-json\/wp\/v2\/media?parent=53456"}],"wp:term":[{"taxonomy":"product_brand","embeddable":true,"href":"https:\/\/secureus.se\/fi\/wp-json\/wp\/v2\/product_brand?post=53456"},{"taxonomy":"product_cat","embeddable":true,"href":"https:\/\/secureus.se\/fi\/wp-json\/wp\/v2\/product_cat?post=53456"},{"taxonomy":"product_tag","embeddable":true,"href":"https:\/\/secureus.se\/fi\/wp-json\/wp\/v2\/product_tag?post=53456"}],"curies":[{"name":"wp","href":"https:\/\/api.w.org\/{rel}","templated":true}]}}