{"id":53458,"date":"2022-06-23T15:11:27","date_gmt":"2022-06-23T13:11:27","guid":{"rendered":"https:\/\/secureus.se\/produkt\/anropsapp-kn-drag\/"},"modified":"2026-04-08T16:52:30","modified_gmt":"2026-04-08T14:52:30","slug":"anropsapp-kn-drag","status":"publish","type":"product","link":"https:\/\/secureus.se\/fi\/anropsapp-kn-drag\/","title":{"rendered":"Soittosovellus Kn Drag"},"content":{"rendered":"<p>Soittolaite, joka sis\u00e4lt\u00e4\u00e4 punaisen toimintopainikkeen ja punaisen kuittausdiodin kannessa olevan 2 mm valoohjaimen alla.<br \/>\nPaina kantta: &quot;&quot;Signaali&quot;&quot;.<br \/>\nKytkent\u00e4 tapahtuu nostettavalla ruuviliittimell\u00e4, jossa on johdinsuoja.<br \/>\nUppoasennukseen py\u00f6re\u00e4\u00e4n laitelaatikkoon c\/c 60 mm tai pinta-asennukseen sein\u00e4kehykseen 5020088 (korkeus 16 mm).<br \/>\nP\u00e4\u00e4llinen ruuvikiinnitykseen valkoista kestomuovia.<\/p>","protected":false},"excerpt":{"rendered":"<p>Soittolaite, joka sis\u00e4lt\u00e4\u00e4 punaisen toimintopainikkeen ja punaisen kuittausdiodin kannessa olevan 2 mm:n valoohjaimen alla. Paina kantta: &quot;&quot;Signaali&quot;&quot;. Kytkent\u00e4 tapahtuu nostettavalla ruuviliittimell\u00e4, jossa on johdinsuoja. Uppoasennukseen py\u00f6re\u00e4\u00e4n laitelaatikkoon<\/p>","protected":false},"featured_media":144267,"template":"","meta":{"_acf_changed":false},"product_brand":[],"product_cat":[1608],"product_tag":[],"class_list":{"0":"post-53458","1":"product","2":"type-product","3":"status-publish","4":"has-post-thumbnail","6":"product_cat-larmknappar","7":"product_shipping_class-tunga-paket","8":"pa_farg-vit","9":"tm-no-options","11":"first","12":"outofstock","13":"sale","14":"taxable","15":"shipping-taxable","16":"purchasable","17":"product-type-simple"},"acf":[],"_links":{"self":[{"href":"https:\/\/secureus.se\/fi\/wp-json\/wp\/v2\/product\/53458","targetHints":{"allow":["GET"]}}],"collection":[{"href":"https:\/\/secureus.se\/fi\/wp-json\/wp\/v2\/product"}],"about":[{"href":"https:\/\/secureus.se\/fi\/wp-json\/wp\/v2\/types\/product"}],"wp:featuredmedia":[{"embeddable":true,"href":"https:\/\/secureus.se\/fi\/wp-json\/wp\/v2\/media\/144267"}],"wp:attachment":[{"href":"https:\/\/secureus.se\/fi\/wp-json\/wp\/v2\/media?parent=53458"}],"wp:term":[{"taxonomy":"product_brand","embeddable":true,"href":"https:\/\/secureus.se\/fi\/wp-json\/wp\/v2\/product_brand?post=53458"},{"taxonomy":"product_cat","embeddable":true,"href":"https:\/\/secureus.se\/fi\/wp-json\/wp\/v2\/product_cat?post=53458"},{"taxonomy":"product_tag","embeddable":true,"href":"https:\/\/secureus.se\/fi\/wp-json\/wp\/v2\/product_tag?post=53458"}],"curies":[{"name":"wp","href":"https:\/\/api.w.org\/{rel}","templated":true}]}}