{"id":53460,"date":"2022-06-23T15:11:23","date_gmt":"2022-06-23T13:11:23","guid":{"rendered":"https:\/\/secureus.se\/produkt\/signaltryck-signaluttag\/"},"modified":"2026-04-08T16:53:26","modified_gmt":"2026-04-08T14:53:26","slug":"signaltryck-signaluttag","status":"publish","type":"product","link":"https:\/\/secureus.se\/fi\/signaltryck-signaluttag\/","title":{"rendered":"Signaalin paine. Signaalin l\u00e4ht\u00f6"},"content":{"rendered":"<p>Laitteessa on merkkivalolla varustettu painike ja liit\u00e4nt\u00e4 6,3 mm:n Jack-liit\u00e4nt\u00e4\u00e4 varten. Merkint\u00e4mahdollisuus painikkeessa ja tyyppikilvess\u00e4. Merkkivalon (LED) k\u00e4ytt\u00f6j\u00e4nnite \/ virrankulutus: 9,5-28 Vac \/ 20 mA tai 9,5-35 Vdc \/ 10 mA. Painikkeen max. kytkent\u00e4j\u00e4nnite \/ kytkent\u00e4virta \/ kytkent\u00e4teho: 30 Vac \/ 35 Vdc \/ 100 mA ac\/dc \/ 3VA\/W.<\/p>","protected":false},"excerpt":{"rendered":"<p>Laitteessa on merkkivalolla varustettu painike ja liit\u00e4nt\u00e4 6,3 mm:n Jack-liit\u00e4nt\u00e4\u00e4 varten. Merkint\u00e4mahdollisuus painikkeessa ja tyyppikilvess\u00e4. Merkkivalon (LED) k\u00e4ytt\u00f6j\u00e4nnite \/ virrankulutus: 9,5-28 Vac \/ 20 mA tai 9,5-35<\/p>","protected":false},"featured_media":143604,"template":"","meta":{"_acf_changed":false},"product_brand":[],"product_cat":[1608],"product_tag":[],"class_list":{"0":"post-53460","1":"product","2":"type-product","3":"status-publish","4":"has-post-thumbnail","6":"product_cat-larmknappar","7":"product_shipping_class-tunga-paket","8":"pa_farg-vit","9":"tm-no-options","11":"first","12":"outofstock","13":"sale","14":"taxable","15":"shipping-taxable","16":"purchasable","17":"product-type-simple"},"acf":[],"_links":{"self":[{"href":"https:\/\/secureus.se\/fi\/wp-json\/wp\/v2\/product\/53460","targetHints":{"allow":["GET"]}}],"collection":[{"href":"https:\/\/secureus.se\/fi\/wp-json\/wp\/v2\/product"}],"about":[{"href":"https:\/\/secureus.se\/fi\/wp-json\/wp\/v2\/types\/product"}],"wp:featuredmedia":[{"embeddable":true,"href":"https:\/\/secureus.se\/fi\/wp-json\/wp\/v2\/media\/143604"}],"wp:attachment":[{"href":"https:\/\/secureus.se\/fi\/wp-json\/wp\/v2\/media?parent=53460"}],"wp:term":[{"taxonomy":"product_brand","embeddable":true,"href":"https:\/\/secureus.se\/fi\/wp-json\/wp\/v2\/product_brand?post=53460"},{"taxonomy":"product_cat","embeddable":true,"href":"https:\/\/secureus.se\/fi\/wp-json\/wp\/v2\/product_cat?post=53460"},{"taxonomy":"product_tag","embeddable":true,"href":"https:\/\/secureus.se\/fi\/wp-json\/wp\/v2\/product_tag?post=53460"}],"curies":[{"name":"wp","href":"https:\/\/api.w.org\/{rel}","templated":true}]}}