{"id":53463,"date":"2022-06-22T11:25:24","date_gmt":"2022-06-22T09:25:24","guid":{"rendered":"https:\/\/secureus.se\/produkt\/radiosandare-s2tr2641e4\/"},"modified":"2026-04-08T16:58:36","modified_gmt":"2026-04-08T14:58:36","slug":"radiosandare-s2tr2641e4","status":"publish","type":"product","link":"https:\/\/secureus.se\/fi\/radiosandare-s2tr2641e4\/","title":{"rendered":"Radiol\u00e4hetin S2Tr2641E4 \u2013 CDVI 433 MHz, 4 painiketta, KeeLoq\u00ae"},"content":{"rendered":"<h3 data-start=\"1148\" data-end=\"1212\">Radiol\u00e4hetin, jossa on nelj\u00e4 painiketta \u2013 helppok\u00e4ytt\u00f6inen, eritt\u00e4in turvallinen<\/h3>\n<p data-start=\"1213\" data-end=\"1484\">CDVI Erone S2TR2641E4 on ergonominen radiol\u00e4hetin, jossa on <strong data-start=\"1269\" data-end=\"1303\">nelj\u00e4 isoa ja selke\u00e4\u00e4 nappia<\/strong>, suunniteltu helppok\u00e4ytt\u00f6iseksi, vaikka sinulla olisi hieman heikommat k\u00e4det. T\u00e4ydellinen esim. <strong data-start=\"1413\" data-end=\"1483\">ovenavaajat, portit, autotallin ovet, valaistus- tai h\u00e4lytystoiminnot<\/strong>.<\/p>\n<h3 data-start=\"1486\" data-end=\"1526\">Suojattu signaali KeeLoq-rullavalla koodilla<\/h3>\n<p data-start=\"1527\" data-end=\"1711\">L\u00e4hetin k\u00e4ytt\u00e4\u00e4 <strong data-start=\"1545\" data-end=\"1576\">KeeLoq-hyppely-\/vieriv\u00e4 koodi<\/strong>, mik\u00e4 tarkoittaa, ett\u00e4 koodi muuttuu jokaisella n\u00e4pp\u00e4inpainalluksella kopiointiriskin v\u00e4hent\u00e4miseksi.<\/p>\n<h3 data-start=\"1713\" data-end=\"1758\">Sopii CDVI\/Erone-vastaanottimiin taajuudella 433,92 MHz<\/h3>\n<p data-start=\"1759\" data-end=\"1970\">S2TR2641E4 toimii kaikkien kanssa <strong data-start=\"1783\" data-end=\"1808\">CDVI-radiovastaanotin<\/strong> joka k\u00e4ytt\u00e4\u00e4 samaa taajuutta (<strong data-start=\"1838\" data-end=\"1852\">433,92 MHz<\/strong>) ja se voidaan ohjelmoida yhteen tai useampaan vastaanottimeen asennuksesta riippuen.<\/p>\n<h3 data-start=\"1972\" data-end=\"1998\">Akku ja merkkivalo<\/h3>\n<p data-start=\"1999\" data-end=\"2222\">L\u00e4hetin saa virtansa <strong data-start=\"2021\" data-end=\"2048\">23A\/L1028 12 V akku<\/strong>LED-valo ilmaisee l\u00e4hetyksen olevan k\u00e4ynniss\u00e4, ja akun alhaisella varaustasolla LED-valo voi toimia eri tavalla (esim. vilkkua), mik\u00e4 on hyv\u00e4 merkki akun vaihtamisesta.<\/p>\n<p class=\"not-prose mt-0! mb-0! flex-auto truncate\">K\u00e4ytt\u00f6ohje S2TR2641Ex FI<\/p>\n<hr data-start=\"2224\" data-end=\"2227\" \/>\n<h2 data-start=\"2229\" data-end=\"2253\">Edut<\/h2>\n<ul data-start=\"2254\" data-end=\"2750\">\n<li data-start=\"2254\" data-end=\"2321\">\n<p data-start=\"2256\" data-end=\"2321\"><strong data-start=\"2256\" data-end=\"2281\">4 nappia \/ 4 kanavaa<\/strong><\/p>\n<\/li>\n<li data-start=\"2322\" data-end=\"2387\">\n<p data-start=\"2324\" data-end=\"2387\"><strong data-start=\"2324\" data-end=\"2338\">433,92 MHz<\/strong> (AM\/ASK)<\/p>\n<\/li>\n<li data-start=\"2388\" data-end=\"2470\">\n<p data-start=\"2390\" data-end=\"2470\"><strong data-start=\"2390\" data-end=\"2413\">KeeLoq-liukuva koodi<\/strong> (korkea turvallisuus)<\/p>\n<\/li>\n<li data-start=\"2471\" data-end=\"2553\">\n<p data-start=\"2473\" data-end=\"2553\"><strong data-start=\"2473\" data-end=\"2511\">Kantama avoimella kent\u00e4ll\u00e4 noin 150\u2013250 m<\/strong><\/p>\n<\/li>\n<li data-start=\"2554\" data-end=\"2594\">\n<p data-start=\"2556\" data-end=\"2594\"><strong data-start=\"2556\" data-end=\"2592\">Ergonominen muotoilu, suuret painikkeet<\/strong><\/p>\n<\/li>\n<li data-start=\"2595\" data-end=\"2639\">\n<p data-start=\"2597\" data-end=\"2639\">Sopii <strong data-start=\"2604\" data-end=\"2627\">sein\u00e4pidike SESMT03<\/strong> (valinnainen)<\/p>\n<\/li>\n<li data-start=\"2640\" data-end=\"2750\">\n<p data-start=\"2642\" data-end=\"2750\">Akku: <strong data-start=\"2651\" data-end=\"2672\">23A \/ L1028 (12V)<\/strong>, tyypillinen k\u00e4ytt\u00f6ik\u00e4 <strong data-start=\"2691\" data-end=\"2708\">12\u201318 kuukautta<\/strong><\/p>\n<\/li>\n<\/ul>","protected":false},"excerpt":{"rendered":"<p>Ergonominen nelipainikkeinen radiol\u00e4hetin (433,92 MHz) KeeLoq-salauksella esimerkiksi ovikoneistojen, porttien, valaistuksen ja h\u00e4lytysten turvalliseen ohjaukseen. Sopii samalla taajuudella toimiviin CDVI\/Erone-vastaanottimiin ja toimii my\u00f6s sein\u00e4pidikeemme kanssa.<\/p>","protected":false},"featured_media":143400,"template":"","meta":{"_acf_changed":false},"product_brand":[],"product_cat":[1616],"product_tag":[2273],"class_list":{"0":"post-53463","1":"product","2":"type-product","3":"status-publish","4":"has-post-thumbnail","6":"product_cat-radiosandare-mottagare","7":"product_tag-radio-sandare-erone","8":"product_shipping_class-postnord-varubrev","9":"pa_brands-cdvi","10":"tm-no-options","12":"first","13":"instock","14":"sale","15":"taxable","16":"shipping-taxable","17":"purchasable","18":"product-type-simple"},"acf":[],"_links":{"self":[{"href":"https:\/\/secureus.se\/fi\/wp-json\/wp\/v2\/product\/53463","targetHints":{"allow":["GET"]}}],"collection":[{"href":"https:\/\/secureus.se\/fi\/wp-json\/wp\/v2\/product"}],"about":[{"href":"https:\/\/secureus.se\/fi\/wp-json\/wp\/v2\/types\/product"}],"wp:featuredmedia":[{"embeddable":true,"href":"https:\/\/secureus.se\/fi\/wp-json\/wp\/v2\/media\/143400"}],"wp:attachment":[{"href":"https:\/\/secureus.se\/fi\/wp-json\/wp\/v2\/media?parent=53463"}],"wp:term":[{"taxonomy":"product_brand","embeddable":true,"href":"https:\/\/secureus.se\/fi\/wp-json\/wp\/v2\/product_brand?post=53463"},{"taxonomy":"product_cat","embeddable":true,"href":"https:\/\/secureus.se\/fi\/wp-json\/wp\/v2\/product_cat?post=53463"},{"taxonomy":"product_tag","embeddable":true,"href":"https:\/\/secureus.se\/fi\/wp-json\/wp\/v2\/product_tag?post=53463"}],"curies":[{"name":"wp","href":"https:\/\/api.w.org\/{rel}","templated":true}]}}