{"id":53469,"date":"2022-06-22T11:22:35","date_gmt":"2022-06-22T09:22:35","guid":{"rendered":"https:\/\/secureus.se\/produkt\/radiosandare-setmc1c12v\/"},"modified":"2026-04-08T16:43:30","modified_gmt":"2026-04-08T14:43:30","slug":"radiosandare-setmc1c12v","status":"publish","type":"product","link":"https:\/\/secureus.se\/fi\/radiosandare-setmc1c12v\/","title":{"rendered":"Radiol\u00e4hetin Setmc1C12V"},"content":{"rendered":"<p>Pieni sis\u00e4\u00e4nrakennettu radiol\u00e4hetin, sopii erinomaisesti muihin laitteisiin, tarvitaan 12 Vdc virtal\u00e4hde. Sopii kaikkiin CDVI-radiovastaanottimiin, jotka toimivat samalla taajuudella (433.92MHz). Erinomainen automaattiovien, valaistuksen, h\u00e4lyttimien jne.<\/p>","protected":false},"excerpt":{"rendered":"<p>Liten radios\u00e4ndare f\u00f6r inbyggnad, perfekt f\u00f6r att bygga in i andra enheter, 12Vdc str\u00f6mf\u00f6rs\u00f6rjning kr\u00e4vs. Passar till alla CDVI:s radiomottagare som arbetar p\u00e5 samma frekvens (433.92MHz). Utm\u00e4rkt f\u00f6r att styra<\/p>","protected":false},"featured_media":143414,"template":"","meta":{"_acf_changed":false},"product_brand":[],"product_cat":[1616],"product_tag":[2273],"class_list":{"0":"post-53469","1":"product","2":"type-product","3":"status-publish","4":"has-post-thumbnail","6":"product_cat-radiosandare-mottagare","7":"product_tag-radio-sandare-erone","8":"product_shipping_class-postnord-varubrev","9":"pa_brands-cdvi","10":"tm-no-options","12":"first","13":"outofstock","14":"sale","15":"taxable","16":"shipping-taxable","17":"purchasable","18":"product-type-simple"},"acf":[],"_links":{"self":[{"href":"https:\/\/secureus.se\/fi\/wp-json\/wp\/v2\/product\/53469","targetHints":{"allow":["GET"]}}],"collection":[{"href":"https:\/\/secureus.se\/fi\/wp-json\/wp\/v2\/product"}],"about":[{"href":"https:\/\/secureus.se\/fi\/wp-json\/wp\/v2\/types\/product"}],"wp:featuredmedia":[{"embeddable":true,"href":"https:\/\/secureus.se\/fi\/wp-json\/wp\/v2\/media\/143414"}],"wp:attachment":[{"href":"https:\/\/secureus.se\/fi\/wp-json\/wp\/v2\/media?parent=53469"}],"wp:term":[{"taxonomy":"product_brand","embeddable":true,"href":"https:\/\/secureus.se\/fi\/wp-json\/wp\/v2\/product_brand?post=53469"},{"taxonomy":"product_cat","embeddable":true,"href":"https:\/\/secureus.se\/fi\/wp-json\/wp\/v2\/product_cat?post=53469"},{"taxonomy":"product_tag","embeddable":true,"href":"https:\/\/secureus.se\/fi\/wp-json\/wp\/v2\/product_tag?post=53469"}],"curies":[{"name":"wp","href":"https:\/\/api.w.org\/{rel}","templated":true}]}}