{"id":53472,"date":"2022-06-22T11:21:10","date_gmt":"2022-06-22T09:21:10","guid":{"rendered":"https:\/\/secureus.se\/produkt\/radiosandare-setr2641am2-b\/"},"modified":"2026-03-26T12:17:10","modified_gmt":"2026-03-26T11:17:10","slug":"radiosandare-setr2641am2-b","status":"publish","type":"product","link":"https:\/\/secureus.se\/fi\/radiosandare-setr2641am2-b\/","title":{"rendered":"Radiol\u00e4hetin Setr2641Am2.B"},"content":{"rendered":"<p>Pieni radiol\u00e4hetin kahdella painikkeella tyylikk\u00e4\u00e4ss\u00e4 muotoilussa, saatavana useissa eri v\u00e4reiss\u00e4. Sopii kaikkiin CDVI-radiovastaanottimiin, jotka toimivat samalla taajuudella (433.92MHz). Erinomainen automaattiovien, valaistuksen, h\u00e4lyttimien jne.<\/p>","protected":false},"excerpt":{"rendered":"<p>Pieni radiol\u00e4hetin kahdella painikkeella tyylikk\u00e4\u00e4sti muotoiltu, saatavana useissa eri v\u00e4reiss\u00e4. Sopii kaikkiin CDVI-radiovastaanottimiin, jotka toimivat samalla taajuudella (433.92MHz). Sopii erinomaisesti automaattisten ovien ohjaamiseen, valaistukseen,<\/p>","protected":false},"featured_media":143677,"template":"","meta":{"_acf_changed":false},"product_brand":[],"product_cat":[1616],"product_tag":[2273],"class_list":{"0":"post-53472","1":"product","2":"type-product","3":"status-publish","4":"has-post-thumbnail","6":"product_cat-radiosandare-mottagare","7":"product_tag-radio-sandare-erone","8":"product_shipping_class-postnord-varubrev","9":"pa_brands-cdvi","10":"tm-no-options","12":"first","13":"outofstock","14":"sale","15":"taxable","16":"shipping-taxable","17":"purchasable","18":"product-type-simple"},"acf":[],"_links":{"self":[{"href":"https:\/\/secureus.se\/fi\/wp-json\/wp\/v2\/product\/53472","targetHints":{"allow":["GET"]}}],"collection":[{"href":"https:\/\/secureus.se\/fi\/wp-json\/wp\/v2\/product"}],"about":[{"href":"https:\/\/secureus.se\/fi\/wp-json\/wp\/v2\/types\/product"}],"wp:featuredmedia":[{"embeddable":true,"href":"https:\/\/secureus.se\/fi\/wp-json\/wp\/v2\/media\/143677"}],"wp:attachment":[{"href":"https:\/\/secureus.se\/fi\/wp-json\/wp\/v2\/media?parent=53472"}],"wp:term":[{"taxonomy":"product_brand","embeddable":true,"href":"https:\/\/secureus.se\/fi\/wp-json\/wp\/v2\/product_brand?post=53472"},{"taxonomy":"product_cat","embeddable":true,"href":"https:\/\/secureus.se\/fi\/wp-json\/wp\/v2\/product_cat?post=53472"},{"taxonomy":"product_tag","embeddable":true,"href":"https:\/\/secureus.se\/fi\/wp-json\/wp\/v2\/product_tag?post=53472"}],"curies":[{"name":"wp","href":"https:\/\/api.w.org\/{rel}","templated":true}]}}