{"id":53476,"date":"2022-06-22T11:19:30","date_gmt":"2022-06-22T09:19:30","guid":{"rendered":"https:\/\/secureus.se\/produkt\/radiosandare-setr2641am2-n\/"},"modified":"2026-04-25T21:02:24","modified_gmt":"2026-04-25T19:02:24","slug":"radiosandare-setr2641am2-n","status":"publish","type":"product","link":"https:\/\/secureus.se\/fi\/radiosandare-setr2641am2-n\/","title":{"rendered":"Radiol\u00e4hetin SETR2641AM2.N \u2013 CDVI 433 MHz, 2 painiketta, KeeLoq\u00ae"},"content":{"rendered":"<h3 data-start=\"593\" data-end=\"661\">Radiol\u00e4hetin SETR2641AM2.N \u2013 CDVI 433 MHz, 2 painiketta, KeeLoq\u00ae<\/h3>\n<p data-start=\"662\" data-end=\"954\"><strong data-start=\"662\" data-end=\"679\">SETR2641AM2.N<\/strong> on yksi <strong data-start=\"686\" data-end=\"710\">kompakti radiol\u00e4hetin<\/strong> kahdella toimintopainikkeella, jotka on kehitetty turvalliseen ja luotettavaan hallintaan <strong data-start=\"782\" data-end=\"839\">automaattiovet, portit, valaistus- ja h\u00e4lytysj\u00e4rjestelm\u00e4t<\/strong>.<br data-start=\"840\" data-end=\"843\" \/>L\u00e4hetin on osa <strong data-start=\"865\" data-end=\"889\">CDVI:n 433 MHz:n sarja<\/strong> ja on t\u00e4ysin yhteensopiva samalla taajuusalueella toimivien vastaanottimien kanssa.<\/p>\n<p data-start=\"956\" data-end=\"1137\">Se k\u00e4ytt\u00e4\u00e4 <strong data-start=\"969\" data-end=\"993\">KeeLoq\u00ae-hyppelykoodi<\/strong>, edistynyt salaustekniikka, joka luo uuden koodin jokaisella l\u00e4hetyksell\u00e4 \u2013 suojaten tehokkaasti signaalin skannaukselta ja kopioinnilta.<\/p>\n<hr data-start=\"1139\" data-end=\"1142\" \/>\n<h3 data-start=\"1144\" data-end=\"1170\">Tekniset ominaisuudet<\/h3>\n<ul data-start=\"1171\" data-end=\"1544\">\n<li data-start=\"1171\" data-end=\"1199\">\n<p data-start=\"1173\" data-end=\"1199\"><strong data-start=\"1173\" data-end=\"1186\">Taajuus:<\/strong> 433,92 MHz<\/p>\n<\/li>\n<li data-start=\"1200\" data-end=\"1224\">\n<p data-start=\"1202\" data-end=\"1224\"><strong data-start=\"1202\" data-end=\"1220\">Painikkeiden lukum\u00e4\u00e4r\u00e4:<\/strong> 2<\/p>\n<\/li>\n<li data-start=\"1225\" data-end=\"1268\">\n<p data-start=\"1227\" data-end=\"1268\"><strong data-start=\"1227\" data-end=\"1240\">Laajuus:<\/strong> jopa 200 m (n\u00e4k\u00f6yhteys)<\/p>\n<\/li>\n<li data-start=\"1269\" data-end=\"1309\">\n<p data-start=\"1271\" data-end=\"1309\"><strong data-start=\"1271\" data-end=\"1286\">Salaus:<\/strong> KeeLoq\u00ae-hyppelykoodi<\/p>\n<\/li>\n<li data-start=\"1310\" data-end=\"1344\">\n<p data-start=\"1312\" data-end=\"1344\"><strong data-start=\"1312\" data-end=\"1324\">Akku:<\/strong> 2 \u00d7 CR2016 litiumparistoa<\/p>\n<\/li>\n<li data-start=\"1345\" data-end=\"1371\">\n<p data-start=\"1347\" data-end=\"1371\"><strong data-start=\"1347\" data-end=\"1365\">K\u00e4ytt\u00f6j\u00e4nnite:<\/strong> 3 V<\/p>\n<\/li>\n<li data-start=\"1372\" data-end=\"1417\">\n<p data-start=\"1374\" data-end=\"1417\"><strong data-start=\"1374\" data-end=\"1383\">Maali:<\/strong> Harmaa (saatavana my\u00f6s useissa v\u00e4reiss\u00e4)<\/p>\n<\/li>\n<li data-start=\"1418\" data-end=\"1476\">\n<p data-start=\"1420\" data-end=\"1476\"><strong data-start=\"1420\" data-end=\"1429\">Mitata:<\/strong> Kompakti muotoilu \u2013 helppo kantaa avaimenper\u00e4ss\u00e4<\/p>\n<\/li>\n<li data-start=\"1477\" data-end=\"1544\">\n<p data-start=\"1479\" data-end=\"1544\"><strong data-start=\"1479\" data-end=\"1498\">Yhteensopivuus:<\/strong> Sopii kaikkiin 433 MHz:n sarjan CDVI-vastaanottimiin<\/p>\n<\/li>\n<\/ul>\n<hr data-start=\"1546\" data-end=\"1549\" \/>\n<h3 data-start=\"1551\" data-end=\"1581\">Toiminto ja k\u00e4ytt\u00f6<\/h3>\n<p data-start=\"1582\" data-end=\"1819\">Jokaiselle l\u00e4hettimelle on annettu yksil\u00f6llinen sarjanumero, ja se synkronoituu automaattisesti vastaanottimen kanssa.<br data-start=\"1673\" data-end=\"1676\" \/>J\u00e4rjestelm\u00e4 tallentaa tunnukset ja salausavaimet EEPROM-muistiin, mik\u00e4 mahdollistaa useiden l\u00e4hettimien k\u00e4yt\u00f6n vastaanotinta kohden \u2013 t\u00e4ydellinen <strong data-start=\"1794\" data-end=\"1816\">monen k\u00e4ytt\u00e4j\u00e4n j\u00e4rjestelm\u00e4<\/strong>.<\/p>\n<p data-start=\"1821\" data-end=\"1861\">L\u00e4hetint\u00e4 voidaan k\u00e4ytt\u00e4\u00e4 seuraavien ohjaamiseen:<\/p>\n<ul data-start=\"1862\" data-end=\"2007\">\n<li data-start=\"1862\" data-end=\"1890\">\n<p data-start=\"1864\" data-end=\"1890\">Portit ja autotallin ovet<\/p>\n<\/li>\n<li data-start=\"1891\" data-end=\"1923\">\n<p data-start=\"1893\" data-end=\"1923\">Automaattiset ovet ja ikkunaluukut<\/p>\n<\/li>\n<li data-start=\"1924\" data-end=\"1956\">\n<p data-start=\"1926\" data-end=\"1956\">H\u00e4lytys- ja valaistusohjaus<\/p>\n<\/li>\n<li data-start=\"1957\" data-end=\"2007\">\n<p data-start=\"1959\" data-end=\"2007\">Turvallisuustoiminnot teollisuudessa ja kiinteist\u00f6alalla<\/p>\n<\/li>\n<\/ul>\n<hr data-start=\"2009\" data-end=\"2012\" \/>\n<h3 data-start=\"2014\" data-end=\"2029\">Edut<\/h3>\n<ul data-start=\"2030\" data-end=\"2237\">\n<li data-start=\"2030\" data-end=\"2069\">\n<p data-start=\"2032\" data-end=\"2069\">Korkea turvallisuus KeeLoq\u00ae-salauksella<\/p>\n<\/li>\n<li data-start=\"2070\" data-end=\"2109\">\n<p data-start=\"2072\" data-end=\"2109\">Yhteensopiva koko CDVI 433 -sarjan kanssa<\/p>\n<\/li>\n<li data-start=\"2110\" data-end=\"2141\">\n<p data-start=\"2112\" data-end=\"2141\">Kantama jopa 200 metri\u00e4<\/p>\n<\/li>\n<li data-start=\"2142\" data-end=\"2196\">\n<p data-start=\"2144\" data-end=\"2196\">Pieni ja kest\u00e4v\u00e4 muotoilu \u2013 t\u00e4ydellinen avaimenper\u00e4\u00e4n<\/p>\n<\/li>\n<li data-start=\"2197\" data-end=\"2237\">\n<p data-start=\"2199\" data-end=\"2237\">Helppo asennus ja ohjelmointi<\/p>\n<\/li>\n<\/ul>\n<hr data-start=\"2239\" data-end=\"2242\" \/>\n<h3 data-start=\"2244\" data-end=\"2259\">Sis\u00e4lt\u00f6<\/h3>\n<ul data-start=\"2260\" data-end=\"2359\">\n<li data-start=\"2260\" data-end=\"2294\">\n<p data-start=\"2262\" data-end=\"2294\">1 \u00d7 Radiol\u00e4hetin SETR2641AM2.N<\/p>\n<\/li>\n<li data-start=\"2295\" data-end=\"2340\">\n<p data-start=\"2297\" data-end=\"2340\">2 \u00d7 CR2016-litiumparistoa (esiasennettu)<\/p>\n<\/li>\n<li data-start=\"2341\" data-end=\"2359\">\n<p data-start=\"2343\" data-end=\"2359\">K\u00e4ytt\u00f6ohjeet<\/p>\n<\/li>\n<\/ul>","protected":false},"excerpt":{"rendered":"<p>Kompakti <strong data-start=\"282\" data-end=\"303\">CDVI-radiol\u00e4hetin<\/strong> kanssa <strong data-start=\"308\" data-end=\"323\">kaksi nappia<\/strong> ja jopa <strong data-start=\"337\" data-end=\"355\">200 metrin kantama<\/strong>.<br data-start=\"356\" data-end=\"359\" \/>K\u00e4ytt\u00f6tarkoitukset <strong data-start=\"368\" data-end=\"392\">KeeLoq\u00ae-hyppelykoodi<\/strong> korkean turvallisuuden takaamiseksi.<br data-start=\"410\" data-end=\"413\" \/>Yhteensopiva kaikkien kanssa <strong data-start=\"433\" data-end=\"462\">CDVI 433,92 MHz:n vastaanotin<\/strong> \u2013 ihanteellinen hallintaan <strong data-start=\"490\" data-end=\"529\">portit, ovet, valaistus ja h\u00e4lytykset<\/strong>.<\/p>","protected":false},"featured_media":143924,"template":"","meta":{"_acf_changed":false},"product_brand":[],"product_cat":[1616],"product_tag":[2273],"class_list":{"0":"post-53476","1":"product","2":"type-product","3":"status-publish","4":"has-post-thumbnail","6":"product_cat-radiosandare-mottagare","7":"product_tag-radio-sandare-erone","8":"product_shipping_class-postnord-varubrev","9":"pa_brands-cdvi","10":"tm-has-options","12":"first","13":"instock","14":"taxable","15":"shipping-taxable","16":"purchasable","17":"product-type-simple"},"acf":[],"_links":{"self":[{"href":"https:\/\/secureus.se\/fi\/wp-json\/wp\/v2\/product\/53476","targetHints":{"allow":["GET"]}}],"collection":[{"href":"https:\/\/secureus.se\/fi\/wp-json\/wp\/v2\/product"}],"about":[{"href":"https:\/\/secureus.se\/fi\/wp-json\/wp\/v2\/types\/product"}],"wp:featuredmedia":[{"embeddable":true,"href":"https:\/\/secureus.se\/fi\/wp-json\/wp\/v2\/media\/143924"}],"wp:attachment":[{"href":"https:\/\/secureus.se\/fi\/wp-json\/wp\/v2\/media?parent=53476"}],"wp:term":[{"taxonomy":"product_brand","embeddable":true,"href":"https:\/\/secureus.se\/fi\/wp-json\/wp\/v2\/product_brand?post=53476"},{"taxonomy":"product_cat","embeddable":true,"href":"https:\/\/secureus.se\/fi\/wp-json\/wp\/v2\/product_cat?post=53476"},{"taxonomy":"product_tag","embeddable":true,"href":"https:\/\/secureus.se\/fi\/wp-json\/wp\/v2\/product_tag?post=53476"}],"curies":[{"name":"wp","href":"https:\/\/api.w.org\/{rel}","templated":true}]}}