{"id":53497,"date":"2022-06-22T11:34:33","date_gmt":"2022-06-22T09:34:33","guid":{"rendered":"https:\/\/secureus.se\/produkt\/digitag-sandare-dtxt5434mp\/"},"modified":"2026-03-26T12:19:13","modified_gmt":"2026-03-26T11:19:13","slug":"digitag-sandare-dtxt5434mp","status":"publish","type":"product","link":"https:\/\/secureus.se\/fi\/digitag-sandare-dtxt5434mp\/","title":{"rendered":"Digitag-l\u00e4hetin Dtxt5434Mp"},"content":{"rendered":"<p>Kontaktittomat DigiTag LR -l\u00e4hettimet ovat ainutlaatuinen sarja niin sanottuja aktiivisia prox-tunnisteita tai pitk\u00e4n matkan tunnisteita todella kosketuksettomaan kulkemiseen, l\u00e4hettimess\u00e4 on sis\u00e4\u00e4nrakennettu liiketunnistin, mik\u00e4 tarkoittaa, ett\u00e4 jos l\u00e4hetin on paikallaan, se siirtyy lepotilaan ja lopettaa signaalien l\u00e4hett\u00e4misen akun k\u00e4ytt\u00f6i\u00e4n pident\u00e4miseksi. Sopii hyvin sairaaloihin, parkkihalliin, varastoihin\/liikkeisiin ja muihin tiloihin, jotka tarvitsevat kosketuksetonta kulkua suojattujen tilojen l\u00e4pi. L\u00e4hettimen ja vastaanottimen v\u00e4linen signaali on salattu Kelloq\u00ae &quot;Rolling code&quot; -koodilla, mik\u00e4 tekee kopioimisesta eritt\u00e4in vaikeaa. Kortissa on my\u00f6s sis\u00e4\u00e4nrakennettu 125 kHz EM-siru. CE-hyv\u00e4ksytty ja R&amp;TTE-sertifioitu. Virrankulutus: 4mA l\u00e4hetett\u00e4ess\u00e4. Taajuus: 433.92MHz AM.<\/p>","protected":false},"excerpt":{"rendered":"<p>DigiTag LR kontaktiton l\u00e4hetin on ainutlaatuinen sarja niin kutsuttuja aktiivisia prox-tunnisteita tai pitk\u00e4n matkan tunnisteita todella kontaktivapaata kulkua varten, l\u00e4hettimess\u00e4 on sis\u00e4\u00e4nrakennettu liiketunnistin, mik\u00e4 tarkoittaa, ett\u00e4 jos l\u00e4hetin on<\/p>","protected":false},"featured_media":144271,"template":"","meta":{"_acf_changed":false},"product_brand":[],"product_cat":[1616],"product_tag":[2277],"class_list":{"0":"post-53497","1":"product","2":"type-product","3":"status-publish","4":"has-post-thumbnail","6":"product_cat-radiosandare-mottagare","7":"product_tag-radio-sandare-digitag","8":"product_shipping_class-tunga-paket","9":"tm-no-options","11":"first","12":"outofstock","13":"sale","14":"taxable","15":"shipping-taxable","16":"purchasable","17":"product-type-simple"},"acf":[],"_links":{"self":[{"href":"https:\/\/secureus.se\/fi\/wp-json\/wp\/v2\/product\/53497","targetHints":{"allow":["GET"]}}],"collection":[{"href":"https:\/\/secureus.se\/fi\/wp-json\/wp\/v2\/product"}],"about":[{"href":"https:\/\/secureus.se\/fi\/wp-json\/wp\/v2\/types\/product"}],"wp:featuredmedia":[{"embeddable":true,"href":"https:\/\/secureus.se\/fi\/wp-json\/wp\/v2\/media\/144271"}],"wp:attachment":[{"href":"https:\/\/secureus.se\/fi\/wp-json\/wp\/v2\/media?parent=53497"}],"wp:term":[{"taxonomy":"product_brand","embeddable":true,"href":"https:\/\/secureus.se\/fi\/wp-json\/wp\/v2\/product_brand?post=53497"},{"taxonomy":"product_cat","embeddable":true,"href":"https:\/\/secureus.se\/fi\/wp-json\/wp\/v2\/product_cat?post=53497"},{"taxonomy":"product_tag","embeddable":true,"href":"https:\/\/secureus.se\/fi\/wp-json\/wp\/v2\/product_tag?post=53497"}],"curies":[{"name":"wp","href":"https:\/\/api.w.org\/{rel}","templated":true}]}}