{"id":53502,"date":"2022-06-22T11:30:13","date_gmt":"2022-06-22T09:30:13","guid":{"rendered":"https:\/\/secureus.se\/produkt\/radiomottagare-sel2641r433-z2\/"},"modified":"2026-03-26T12:19:20","modified_gmt":"2026-03-26T11:19:20","slug":"radiomottagare-sel2641r433-z2","status":"publish","type":"product","link":"https:\/\/secureus.se\/fi\/radiomottagare-sel2641r433-z2\/","title":{"rendered":"Radiovastaanotin Sel2641R433-Z2"},"content":{"rendered":"<p>Langaton radiovastaanotin, jossa tilaa 85 l\u00e4hettimelle. Erinomainen porttien, porttien, valaistuksen, h\u00e4lyttimien jne. ohjaamiseen. Kaksi relel\u00e4ht\u00f6\u00e4 ohjelmoitavissa pulssi- tai vuorotellen. Radiovastaanotin on asennettu suljettuun koteloon, IP-56. Kantamaa on mahdollista laajentaa k\u00e4ytt\u00e4m\u00e4ll\u00e4 ulkoista antennia (SEA433). Salaus: KeeLoq\u00ae Rolling Code. Taajuus: 433,92 MHz.<\/p>","protected":false},"excerpt":{"rendered":"<p>Langaton radiovastaanotin, jossa tilaa 85 l\u00e4hettimelle. Erinomainen porttien, porttien, valaistuksen, h\u00e4lyttimien jne. ohjaamiseen. Kaksi relel\u00e4ht\u00f6\u00e4 ohjelmoitavissa pulssi- tai vuorotellen. Radiovastaanotin on asennettu suljettuun laatikkoon,<\/p>","protected":false},"featured_media":143478,"template":"","meta":{"_acf_changed":false},"product_brand":[],"product_cat":[1616],"product_tag":[2272],"class_list":{"0":"post-53502","1":"product","2":"type-product","3":"status-publish","4":"has-post-thumbnail","6":"product_cat-radiosandare-mottagare","7":"product_tag-radio-mottagare-erone","8":"product_shipping_class-tunga-paket","9":"tm-no-options","11":"first","12":"instock","13":"sale","14":"taxable","15":"shipping-taxable","16":"purchasable","17":"product-type-simple"},"acf":[],"_links":{"self":[{"href":"https:\/\/secureus.se\/fi\/wp-json\/wp\/v2\/product\/53502","targetHints":{"allow":["GET"]}}],"collection":[{"href":"https:\/\/secureus.se\/fi\/wp-json\/wp\/v2\/product"}],"about":[{"href":"https:\/\/secureus.se\/fi\/wp-json\/wp\/v2\/types\/product"}],"wp:featuredmedia":[{"embeddable":true,"href":"https:\/\/secureus.se\/fi\/wp-json\/wp\/v2\/media\/143478"}],"wp:attachment":[{"href":"https:\/\/secureus.se\/fi\/wp-json\/wp\/v2\/media?parent=53502"}],"wp:term":[{"taxonomy":"product_brand","embeddable":true,"href":"https:\/\/secureus.se\/fi\/wp-json\/wp\/v2\/product_brand?post=53502"},{"taxonomy":"product_cat","embeddable":true,"href":"https:\/\/secureus.se\/fi\/wp-json\/wp\/v2\/product_cat?post=53502"},{"taxonomy":"product_tag","embeddable":true,"href":"https:\/\/secureus.se\/fi\/wp-json\/wp\/v2\/product_tag?post=53502"}],"curies":[{"name":"wp","href":"https:\/\/api.w.org\/{rel}","templated":true}]}}