{"id":53509,"date":"2022-06-22T11:28:20","date_gmt":"2022-06-22T09:28:20","guid":{"rendered":"https:\/\/secureus.se\/produkt\/radiomottagare-sel2641r433-xpl-5\/"},"modified":"2026-04-08T16:55:46","modified_gmt":"2026-04-08T14:55:46","slug":"radiomottagare-sel2641r433-xpl-5","status":"publish","type":"product","link":"https:\/\/secureus.se\/fi\/radiomottagare-sel2641r433-xpl-5\/","title":{"rendered":"Radiovastaanotin Sel2641R433-Xpl"},"content":{"rendered":"<p>Langaton radiovastaanotin, jossa tilaa 500 l\u00e4hettimelle. Erinomainen porttien, porttien, valaistuksen, h\u00e4lyttimien jne. ohjaamiseen. Kaksi relel\u00e4ht\u00f6\u00e4 ohjelmoitavissa pulssi-, vuoro- tai aikaohjatuksi. Radiovastaanottimessa on valaistu LCD-n\u00e4ytt\u00f6 helppoa ohjelmointia varten. Mahdollisuus suorittaa l\u00e4hettimien er\u00e4lataus sarjanumeroj\u00e4rjestyksess\u00e4 ja varmuuskopiointi muistiin (MXPL) sek\u00e4 mahdollisuus laajentaa kantamaa ulkoisen antennin (SEA433) avulla. Salaus: KeeLoq\u00ae Rolling Code. Taajuus: 433,92 MHz.<\/p>","protected":false},"excerpt":{"rendered":"<p>Langaton radiovastaanotin, jossa tilaa 500 l\u00e4hettimelle. Erinomainen porttien, porttien, valaistuksen, h\u00e4lyttimien jne. ohjaamiseen. Kaksi relel\u00e4ht\u00f6\u00e4 ohjelmoitavissa pulssi-, vuoro- tai aikaohjatuksi. Radiovastaanottimessa on valaistu LCD-n\u00e4ytt\u00f6<\/p>","protected":false},"featured_media":143383,"template":"","meta":{"_acf_changed":false},"product_brand":[],"product_cat":[1616],"product_tag":[2272],"class_list":{"0":"post-53509","1":"product","2":"type-product","3":"status-publish","4":"has-post-thumbnail","6":"product_cat-radiosandare-mottagare","7":"product_tag-radio-mottagare-erone","8":"product_shipping_class-tunga-paket","9":"tm-no-options","11":"first","12":"outofstock","13":"sale","14":"taxable","15":"shipping-taxable","16":"purchasable","17":"product-type-simple"},"acf":[],"_links":{"self":[{"href":"https:\/\/secureus.se\/fi\/wp-json\/wp\/v2\/product\/53509","targetHints":{"allow":["GET"]}}],"collection":[{"href":"https:\/\/secureus.se\/fi\/wp-json\/wp\/v2\/product"}],"about":[{"href":"https:\/\/secureus.se\/fi\/wp-json\/wp\/v2\/types\/product"}],"wp:featuredmedia":[{"embeddable":true,"href":"https:\/\/secureus.se\/fi\/wp-json\/wp\/v2\/media\/143383"}],"wp:attachment":[{"href":"https:\/\/secureus.se\/fi\/wp-json\/wp\/v2\/media?parent=53509"}],"wp:term":[{"taxonomy":"product_brand","embeddable":true,"href":"https:\/\/secureus.se\/fi\/wp-json\/wp\/v2\/product_brand?post=53509"},{"taxonomy":"product_cat","embeddable":true,"href":"https:\/\/secureus.se\/fi\/wp-json\/wp\/v2\/product_cat?post=53509"},{"taxonomy":"product_tag","embeddable":true,"href":"https:\/\/secureus.se\/fi\/wp-json\/wp\/v2\/product_tag?post=53509"}],"curies":[{"name":"wp","href":"https:\/\/api.w.org\/{rel}","templated":true}]}}