{"id":53518,"date":"2022-06-22T11:23:45","date_gmt":"2022-06-22T09:23:45","guid":{"rendered":"https:\/\/secureus.se\/produkt\/radiosandare-tths2641e1b\/"},"modified":"2026-03-26T12:14:22","modified_gmt":"2026-03-26T11:14:22","slug":"radiosandare-tths2641e1b","status":"publish","type":"product","link":"https:\/\/secureus.se\/fi\/radiosandare-tths2641e1b\/","title":{"rendered":"Radiol\u00e4hetin Tths2641E1B"},"content":{"rendered":"<p>Sein\u00e4\u00e4n kiinnitett\u00e4v\u00e4 yksikanavainen radiol\u00e4hetin, radiol\u00e4hetin on asennettu kapseloituun laatikkoon ja aktivoituu t\u00e4ysin ilman kosketusta jopa 4 cm:n et\u00e4isyydelt\u00e4. T\u00e4ydellinen porttien, automaattiovien ja porttien ohjaamiseen, radiol\u00e4hetin soveltuu yht\u00e4 hyvin yksityisiin mukautuksiin kodeissa kuin teollisuusymp\u00e4rist\u00f6iss\u00e4. Radiol\u00e4hettimess\u00e4 on LED-valo ja summeri, jotka ilmaisevat, ett\u00e4 se l\u00e4hett\u00e4\u00e4 radiosignaalia, sek\u00e4 ilmaisee, ett\u00e4 paristo on vaihdettava, jolloin radiol\u00e4hetin syttyy aktivoituna punaisena vihre\u00e4n sijaan. Radiol\u00e4hettimen viestint\u00e4 on salattu Keeloq\u00ae Rolling Codella ja siin\u00e4 on 264 koodiyhdistelm\u00e4\u00e4, mik\u00e4 antaa sille eritt\u00e4in korkean turvallisuustason.<\/p>","protected":false},"excerpt":{"rendered":"<p>Sein\u00e4\u00e4n kiinnitett\u00e4v\u00e4 yksikanavainen radiol\u00e4hetin, radiol\u00e4hetin on asennettu kapseloituun laatikkoon ja aktivoituu t\u00e4ysin ilman kosketusta jopa 4 cm:n et\u00e4isyydelt\u00e4. T\u00e4ydellinen porttien, automaattisten ovien ohjaamiseen<\/p>","protected":false},"featured_media":143651,"template":"","meta":{"_acf_changed":false},"product_brand":[],"product_cat":[1616],"product_tag":[2273],"class_list":{"0":"post-53518","1":"product","2":"type-product","3":"status-publish","4":"has-post-thumbnail","6":"product_cat-radiosandare-mottagare","7":"product_tag-radio-sandare-erone","8":"product_shipping_class-postnord-varubrev","9":"pa_brands-cdvi","10":"tm-no-options","12":"first","13":"outofstock","14":"sale","15":"taxable","16":"shipping-taxable","17":"purchasable","18":"product-type-simple"},"acf":[],"_links":{"self":[{"href":"https:\/\/secureus.se\/fi\/wp-json\/wp\/v2\/product\/53518","targetHints":{"allow":["GET"]}}],"collection":[{"href":"https:\/\/secureus.se\/fi\/wp-json\/wp\/v2\/product"}],"about":[{"href":"https:\/\/secureus.se\/fi\/wp-json\/wp\/v2\/types\/product"}],"wp:featuredmedia":[{"embeddable":true,"href":"https:\/\/secureus.se\/fi\/wp-json\/wp\/v2\/media\/143651"}],"wp:attachment":[{"href":"https:\/\/secureus.se\/fi\/wp-json\/wp\/v2\/media?parent=53518"}],"wp:term":[{"taxonomy":"product_brand","embeddable":true,"href":"https:\/\/secureus.se\/fi\/wp-json\/wp\/v2\/product_brand?post=53518"},{"taxonomy":"product_cat","embeddable":true,"href":"https:\/\/secureus.se\/fi\/wp-json\/wp\/v2\/product_cat?post=53518"},{"taxonomy":"product_tag","embeddable":true,"href":"https:\/\/secureus.se\/fi\/wp-json\/wp\/v2\/product_tag?post=53518"}],"curies":[{"name":"wp","href":"https:\/\/api.w.org\/{rel}","templated":true}]}}