{"id":53525,"date":"2022-06-22T11:20:26","date_gmt":"2022-06-22T09:20:26","guid":{"rendered":"https:\/\/secureus.se\/produkt\/radiosandare-tmf2641e1\/"},"modified":"2026-03-26T12:21:28","modified_gmt":"2026-03-26T11:21:28","slug":"radiosandare-tmf2641e1","status":"publish","type":"product","link":"https:\/\/secureus.se\/fi\/radiosandare-tmf2641e1\/","title":{"rendered":"Radiol\u00e4hetin Tmf2641E1"},"content":{"rendered":"<p>Eritt\u00e4in pieni ja joustava radiol\u00e4hetin asennettavaksi, sopii t\u00e4ydellisesti laitekoteloihin. T\u00e4ll\u00e4 pienell\u00e4 radiol\u00e4hettimell\u00e4 muutat NO-l\u00e4hd\u00f6n radiosignaaliksi. Sinun ei tarvitse vet\u00e4\u00e4 kaapeleita, kun saat luotettavan ja kustannustehokkaan ratkaisun. Radiol\u00e4hettimen kantama on jopa 500 metri\u00e4 ja se saa virtansa 230 Vac kiinte\u00e4st\u00e4 j\u00e4nnitteest\u00e4. Radiol\u00e4hettimen viestint\u00e4 on salattu Keeloq\u00ae Rolling Codella ja siin\u00e4 on 264 koodiyhdistelm\u00e4\u00e4, mik\u00e4 antaa sille eritt\u00e4in korkean turvallisuustason.<\/p>","protected":false},"excerpt":{"rendered":"<p>V\u00e4ldigt liten och smidig radios\u00e4ndare f\u00f6r inbyggnad, perfekt f\u00f6r att bygga in i apparatdosor. Med den h\u00e4r lilla radios\u00e4ndaren f\u00f6r du om vilken NO-utg\u00e5ng som helst till en radiosignal. Du<\/p>","protected":false},"featured_media":143539,"template":"","meta":{"_acf_changed":false},"product_brand":[],"product_cat":[1616],"product_tag":[2273],"class_list":{"0":"post-53525","1":"product","2":"type-product","3":"status-publish","4":"has-post-thumbnail","6":"product_cat-radiosandare-mottagare","7":"product_tag-radio-sandare-erone","8":"product_shipping_class-postnord-varubrev","9":"pa_brands-cdvi","10":"tm-no-options","12":"first","13":"outofstock","14":"sale","15":"taxable","16":"shipping-taxable","17":"purchasable","18":"product-type-simple"},"acf":[],"_links":{"self":[{"href":"https:\/\/secureus.se\/fi\/wp-json\/wp\/v2\/product\/53525","targetHints":{"allow":["GET"]}}],"collection":[{"href":"https:\/\/secureus.se\/fi\/wp-json\/wp\/v2\/product"}],"about":[{"href":"https:\/\/secureus.se\/fi\/wp-json\/wp\/v2\/types\/product"}],"wp:featuredmedia":[{"embeddable":true,"href":"https:\/\/secureus.se\/fi\/wp-json\/wp\/v2\/media\/143539"}],"wp:attachment":[{"href":"https:\/\/secureus.se\/fi\/wp-json\/wp\/v2\/media?parent=53525"}],"wp:term":[{"taxonomy":"product_brand","embeddable":true,"href":"https:\/\/secureus.se\/fi\/wp-json\/wp\/v2\/product_brand?post=53525"},{"taxonomy":"product_cat","embeddable":true,"href":"https:\/\/secureus.se\/fi\/wp-json\/wp\/v2\/product_cat?post=53525"},{"taxonomy":"product_tag","embeddable":true,"href":"https:\/\/secureus.se\/fi\/wp-json\/wp\/v2\/product_tag?post=53525"}],"curies":[{"name":"wp","href":"https:\/\/api.w.org\/{rel}","templated":true}]}}