{"id":53528,"date":"2022-06-22T11:19:27","date_gmt":"2022-06-22T09:19:27","guid":{"rendered":"https:\/\/secureus.se\/produkt\/radiosandare-tth2641e1b\/"},"modified":"2026-03-26T12:17:46","modified_gmt":"2026-03-26T11:17:46","slug":"radiosandare-tth2641e1b","status":"publish","type":"product","link":"https:\/\/secureus.se\/fi\/radiosandare-tth2641e1b\/","title":{"rendered":"Radiol\u00e4hetin Tth2641E1B"},"content":{"rendered":"<p>Sein\u00e4\u00e4n kiinnitett\u00e4v\u00e4, tyylikk\u00e4\u00e4sti muotoiltu radiol\u00e4hetin yhdell\u00e4 kanavalla ja kosketustoiminnolla, voidaan asentaa ulos (IP55) ja sill\u00e4 on pitk\u00e4 kantama. Sopii kaikkiin CDVI-radiovastaanottimiin, jotka toimivat samalla taajuudella (433.92MHz). Sopii erinomaisesti ovien, valaistuksen, h\u00e4lyttimien jne. ohjaukseen. Saatavana my\u00f6s mustana.<\/p>","protected":false},"excerpt":{"rendered":"<p>V\u00e4ggmonterad radios\u00e4ndare i snygg design med en kanal och touch funktion, kan monteras utomhus (IP55) och har l\u00e5ng r\u00e4ckvidd. Passar till alla CDVI:s radiomottagare som arbetar p\u00e5 samma frekvens (433.92MHz).<\/p>","protected":false},"featured_media":143553,"template":"","meta":{"_acf_changed":false},"product_brand":[],"product_cat":[1616],"product_tag":[2273],"class_list":{"0":"post-53528","1":"product","2":"type-product","3":"status-publish","4":"has-post-thumbnail","6":"product_cat-radiosandare-mottagare","7":"product_tag-radio-sandare-erone","8":"product_shipping_class-postnord-varubrev","9":"pa_brands-cdvi","10":"tm-no-options","12":"first","13":"outofstock","14":"sale","15":"taxable","16":"shipping-taxable","17":"purchasable","18":"product-type-simple"},"acf":[],"_links":{"self":[{"href":"https:\/\/secureus.se\/fi\/wp-json\/wp\/v2\/product\/53528","targetHints":{"allow":["GET"]}}],"collection":[{"href":"https:\/\/secureus.se\/fi\/wp-json\/wp\/v2\/product"}],"about":[{"href":"https:\/\/secureus.se\/fi\/wp-json\/wp\/v2\/types\/product"}],"wp:featuredmedia":[{"embeddable":true,"href":"https:\/\/secureus.se\/fi\/wp-json\/wp\/v2\/media\/143553"}],"wp:attachment":[{"href":"https:\/\/secureus.se\/fi\/wp-json\/wp\/v2\/media?parent=53528"}],"wp:term":[{"taxonomy":"product_brand","embeddable":true,"href":"https:\/\/secureus.se\/fi\/wp-json\/wp\/v2\/product_brand?post=53528"},{"taxonomy":"product_cat","embeddable":true,"href":"https:\/\/secureus.se\/fi\/wp-json\/wp\/v2\/product_cat?post=53528"},{"taxonomy":"product_tag","embeddable":true,"href":"https:\/\/secureus.se\/fi\/wp-json\/wp\/v2\/product_tag?post=53528"}],"curies":[{"name":"wp","href":"https:\/\/api.w.org\/{rel}","templated":true}]}}