{"id":53537,"date":"2022-06-21T17:57:40","date_gmt":"2022-06-21T15:57:40","guid":{"rendered":"https:\/\/secureus.se\/produkt\/fargo-dtc4500e-dual-sided-id-card-printer-with-dual-sided-lamination\/"},"modified":"2026-03-26T10:17:12","modified_gmt":"2026-03-26T09:17:12","slug":"kortskrivare-fargo-dtc4500e-lamination-magnetic-encoder","status":"publish","type":"product","link":"https:\/\/secureus.se\/fi\/kortskrivare-fargo-dtc4500e-lamination-magnetic-encoder\/","title":{"rendered":"Fargo DTC4500e kaksipuolinen korttitulostin - laminoinnilla ja ISO magneettisella kooderilla"},"content":{"rendered":"<div class=\"long_desc\">\n<p><strong>Suurin suorituskyky Fargo DTC4500e:ll\u00e4:<\/strong> Fargo DTC4500e kaksipuolinen henkil\u00f6korttitulostin on suunniteltu organisaatioille, jotka tarvitsevat suurta kapasiteettia ja joustavuutta henkil\u00f6korttitulostukseensa. Tukevan ja luotettavan tulostuskoneen ansiosta t\u00e4m\u00e4 tulostin tarjoaa nopeutta, tehoa ja monipuolisuutta.<\/p>\n<p><strong>Ominaisuudet ja edut:<\/strong><\/p>\n<ul>\n<li><strong>Suuri kapasiteetti:<\/strong> Varustettu suurilla rullilla, jotka mahdollistavat kaksi kertaa enemm\u00e4n v\u00e4rikorttia ennen kuin rulla on vaihdettava, mik\u00e4 s\u00e4\u00e4st\u00e4\u00e4 aikaa ja lis\u00e4\u00e4 tehokkuutta.<\/li>\n<li><strong>Turvallisuus:<\/strong> Patentoidun turvaratkaisun ja ISO Magnetic Encoderin avulla voit koodata kortteja suojaustiedoilla.<\/li>\n<li><strong>Joustavuus:<\/strong> Suunnittelun modulaarisuus mahdollistaa laminointi- ja korttikoodaustekniikan kentt\u00e4p\u00e4ivitykset.<\/li>\n<li><strong>Liit\u00e4nn\u00e4t:<\/strong> Integroituu helposti olemassa oleviin IT-infrastruktuureihin USB:n ja Ethernetin kautta, mik\u00e4 mahdollistaa henkil\u00f6korttien keskitetyn tai et\u00e4my\u00f6nnyksen.<\/li>\n<\/ul>\n<p><strong>Tekniset tiedot:<\/strong><\/p>\n<ul>\n<li><strong>Tulostusnopeus:<\/strong> Jopa 120 korttia tunnissa (v\u00e4ritulostus, kaksipuolinen).<\/li>\n<li><strong>Kapasiteetti:<\/strong> Kaksituloinen korttisy\u00f6tt\u00f6laite 200 kortille ja jopa 100 kortin ulostulo.<\/li>\n<li><strong>Kortin tyyppi:<\/strong> ISO 7810 formaatti, CR80, ID-1 koko, yhteensopiva PVC:n, PET:n ja PC-kortin kanssa.<\/li>\n<\/ul>\n<p>Kolmen vuoden takuunsa ja kest\u00e4v\u00e4n suunnittelunsa ansiosta Fargo DTC4500e tarjoaa luotettavan ja pitk\u00e4n aikav\u00e4lin ratkaisun kaikkiin henkil\u00f6korttitulostustarpeisiisi.<\/p>\n<\/div>","protected":false},"excerpt":{"rendered":"<p>Fargo DTC4500e on kaksipuolinen henkil\u00f6korttitulostin, jossa on USB, Ethernet ja ISO Magnetic Stripe Encoder.<\/p>\n<p>Se tarjoaa suuren volyymin ja laadun laminoinnilla, mik\u00e4 takaa pitk\u00e4ik\u00e4iset ja turvalliset henkil\u00f6kortit.<\/p>\n<p>Lukittavat lokerot lis\u00e4\u00e4v\u00e4t turvallisuutta ja vaikuttava tulostuskapasiteetti, joten DTC4500e on t\u00e4ydellinen ratkaisu henkil\u00f6korttitarpeisiisi.<\/p>","protected":false},"featured_media":144294,"template":"","meta":{"_acf_changed":false},"product_brand":[],"product_cat":[3206],"product_tag":[2830,3172,3177,4863,3069],"class_list":{"0":"post-53537","1":"product","2":"type-product","3":"status-publish","4":"has-post-thumbnail","6":"product_cat-fargo","7":"product_tag-kortprinter-direct-to-card","8":"product_tag-dubbelsidig-dual-side","9":"product_tag-fargo","10":"product_tag-pf","11":"product_tag-trade-produkt","12":"product_shipping_class-tunga-paket","13":"pa_brands-fargo","14":"pa_fabrikat-kortskrivare-fargo","15":"tm-no-options","17":"first","18":"outofstock","19":"sale","20":"taxable","21":"shipping-taxable","22":"purchasable","23":"product-type-simple"},"acf":[],"_links":{"self":[{"href":"https:\/\/secureus.se\/fi\/wp-json\/wp\/v2\/product\/53537","targetHints":{"allow":["GET"]}}],"collection":[{"href":"https:\/\/secureus.se\/fi\/wp-json\/wp\/v2\/product"}],"about":[{"href":"https:\/\/secureus.se\/fi\/wp-json\/wp\/v2\/types\/product"}],"wp:featuredmedia":[{"embeddable":true,"href":"https:\/\/secureus.se\/fi\/wp-json\/wp\/v2\/media\/144294"}],"wp:attachment":[{"href":"https:\/\/secureus.se\/fi\/wp-json\/wp\/v2\/media?parent=53537"}],"wp:term":[{"taxonomy":"product_brand","embeddable":true,"href":"https:\/\/secureus.se\/fi\/wp-json\/wp\/v2\/product_brand?post=53537"},{"taxonomy":"product_cat","embeddable":true,"href":"https:\/\/secureus.se\/fi\/wp-json\/wp\/v2\/product_cat?post=53537"},{"taxonomy":"product_tag","embeddable":true,"href":"https:\/\/secureus.se\/fi\/wp-json\/wp\/v2\/product_tag?post=53537"}],"curies":[{"name":"wp","href":"https:\/\/api.w.org\/{rel}","templated":true}]}}