{"id":53558,"date":"2022-06-21T18:15:55","date_gmt":"2022-06-21T16:15:55","guid":{"rendered":"https:\/\/secureus.se\/produkt\/evolis-r2015-white-monochrome-ribbon-1000-prints\/"},"modified":"2026-05-06T09:51:09","modified_gmt":"2026-05-06T07:51:09","slug":"ribbon-evolis-r2015-white-monochrome-ribbon-1000-prints","status":"publish","type":"product","link":"https:\/\/secureus.se\/fi\/ribbon-evolis-r2015-white-monochrome-ribbon-1000-prints\/","title":{"rendered":"Evolis R2015 valkoinen yksiv\u00e4rinen v\u00e4rinauha (1000 tulostetta)"},"content":{"rendered":"<h1>Nauha<br \/>\n  Evolis \u2013 R2015, valkoinen yksiv\u00e4rinen (1000 vedosta)<\/h1>\n<p>Evolis-nauha \u2013 R2015, valkoinen yksiv\u00e4rinen (1000 tulostetta) on<br \/>\n  valkoinen yksiv\u00e4rinen v\u00e4rinauha, joka sopii kirkkaaseen tulostukseen tummille tai<br \/>\n  r\u00e4\u00e4t\u00e4l\u00f6ityj\u00e4 kortteja, kuten esittelykortteja ja etikettej\u00e4.<\/p>\n<p>Sopii henkil\u00f6korteille, kulkukorteille, j\u00e4senkorteille ja muille<br \/>\n  muovikortteja, joissa vaaditaan korkeaa tulostuslaatua ja luotettavuutta<br \/>\n  t\u00e4rke\u00e4.<\/p>\n<ul>\n<li>Kapasiteetti: jopa 1 000 tulostetta<\/li>\n<li>Rannekkeen tyyppi: Valkoinen yksiv\u00e4rinen<\/li>\n<li>Sopii kaksipuoliseen korttitulostukseen<\/li>\n<li>Artikkelinumero: R2015<\/li>\n<\/ul>\n<p><strong>Yhteensopiva Evolis Pebblen, Dualysin, Quantumin ja muiden kanssa<br \/>\n  Turvallisuus.<\/strong><\/p>\n<p><strong>Tuotteen paino:<\/strong> 0,11 kg<\/p>","protected":false},"excerpt":{"rendered":"<p>V\u00e4rinauha \u2013 Nauha \u2013 Siirr\u00e4 uudelleen korttitulostimeen ja muovikorttitulostimeen<\/p>","protected":false},"featured_media":144004,"template":"","meta":{"_acf_changed":false},"product_brand":[],"product_cat":[3213,4857,4860],"product_tag":[3181,4863,2922,3069],"class_list":{"0":"post-53558","1":"product","2":"type-product","3":"status-publish","4":"has-post-thumbnail","6":"product_cat-evolis-fargband-retransfer","7":"product_cat-pebble","8":"product_cat-quantum","9":"product_tag-evolis-tillbehor","10":"product_tag-pf","11":"product_tag-ribbon-svart-black","12":"product_tag-trade-produkt","13":"product_shipping_class-tunga-paket","14":"pa_brands-evolis","15":"pa_fargband-kortskrivare-evolis","16":"tm-has-options","18":"first","19":"instock","20":"sale","21":"taxable","22":"shipping-taxable","23":"purchasable","24":"product-type-simple"},"acf":[],"_links":{"self":[{"href":"https:\/\/secureus.se\/fi\/wp-json\/wp\/v2\/product\/53558","targetHints":{"allow":["GET"]}}],"collection":[{"href":"https:\/\/secureus.se\/fi\/wp-json\/wp\/v2\/product"}],"about":[{"href":"https:\/\/secureus.se\/fi\/wp-json\/wp\/v2\/types\/product"}],"wp:featuredmedia":[{"embeddable":true,"href":"https:\/\/secureus.se\/fi\/wp-json\/wp\/v2\/media\/144004"}],"wp:attachment":[{"href":"https:\/\/secureus.se\/fi\/wp-json\/wp\/v2\/media?parent=53558"}],"wp:term":[{"taxonomy":"product_brand","embeddable":true,"href":"https:\/\/secureus.se\/fi\/wp-json\/wp\/v2\/product_brand?post=53558"},{"taxonomy":"product_cat","embeddable":true,"href":"https:\/\/secureus.se\/fi\/wp-json\/wp\/v2\/product_cat?post=53558"},{"taxonomy":"product_tag","embeddable":true,"href":"https:\/\/secureus.se\/fi\/wp-json\/wp\/v2\/product_tag?post=53558"}],"curies":[{"name":"wp","href":"https:\/\/api.w.org\/{rel}","templated":true}]}}