{"id":53561,"date":"2022-06-21T18:15:39","date_gmt":"2022-06-21T16:15:39","guid":{"rendered":"https:\/\/secureus.se\/produkt\/fargo-45615-ymckoko-half-panel-colour-ribbon-500-prints\/"},"modified":"2026-04-08T16:53:44","modified_gmt":"2026-04-08T14:53:44","slug":"ribbon-fargo-45615-ymckoko-half-panel-colour-ribbon-500-prints","status":"publish","type":"product","link":"https:\/\/secureus.se\/fi\/ribbon-fargo-45615-ymckoko-half-panel-colour-ribbon-500-prints\/","title":{"rendered":"Fargo-nauha \u2013 45615 (500 tulostetta)"},"content":{"rendered":"<h1>Nauha<br \/>\n  Fargo &#8211; 45615 (500 utskrifter)<\/h1>\n<p>F\u00e4rgband Fargo &#8211; 45615 (500 utskrifter) \u00e4r ett f\u00e4rgband f\u00f6r<br \/>\n  muovikorttien tulostaminen ter\u00e4vill\u00e4 v\u00e4reill\u00e4, selke\u00e4ll\u00e4 tekstill\u00e4 ja hyv\u00e4ll\u00e4<br \/>\n  yksityiskohtien toisto. YMCKOK-v\u00e4rinauha tarjoaa oikean yhdistelm\u00e4n v\u00e4ripaneeleja ja<br \/>\n  Suojaava pinnoite ammattimaiseen korttitulostukseen.<\/p>\n<p>Sopii henkil\u00f6korteille, kulkukorteille, j\u00e4senkorteille ja muille<br \/>\n  muovikortit, joissa korkea tulostuslaatu ja luotettavuus ovat t\u00e4rkeit\u00e4.<\/p>\n<ul>\n<li>Kapasiteetti: jopa 500 tulostetta<\/li>\n<li>Rannekkeen tyyppi: YMCKOK<\/li>\n<li>Sopii kaksipuoliseen korttitulostukseen<\/li>\n<li>Artikelnummer: 45615<\/li>\n<\/ul>\n<p><strong>Yhteensopiva Fargon kanssa<br \/>\n  Vikakoodi 1500.<\/strong><\/p>\n<p><strong>Tuotteen paino:<\/strong> 0,35 kg<\/p>","protected":false},"excerpt":{"rendered":"<p>V\u00e4rinauha \u2013 Nauha \u2013 Siirr\u00e4 uudelleen korttitulostimeen ja muovikorttitulostimeen<\/p>","protected":false},"featured_media":143747,"template":"","meta":{"_acf_changed":false},"product_brand":[],"product_cat":[3214,4843],"product_tag":[3201,4863,2921,3069],"class_list":{"0":"post-53561","1":"product","2":"type-product","3":"status-publish","4":"has-post-thumbnail","6":"product_cat-fargo-fargband-retransfer","7":"product_cat-dtc1500-band","8":"product_tag-fargo-tillbehor","9":"product_tag-pf","10":"product_tag-ribbon-ymck-farg","11":"product_tag-trade-produkt","12":"product_shipping_class-tunga-paket","13":"pa_brands-fargo","14":"pa_fargband-kortskrivare-fargo","15":"tm-has-options","17":"first","18":"outofstock","19":"sale","20":"taxable","21":"shipping-taxable","22":"purchasable","23":"product-type-simple"},"acf":[],"_links":{"self":[{"href":"https:\/\/secureus.se\/fi\/wp-json\/wp\/v2\/product\/53561","targetHints":{"allow":["GET"]}}],"collection":[{"href":"https:\/\/secureus.se\/fi\/wp-json\/wp\/v2\/product"}],"about":[{"href":"https:\/\/secureus.se\/fi\/wp-json\/wp\/v2\/types\/product"}],"wp:featuredmedia":[{"embeddable":true,"href":"https:\/\/secureus.se\/fi\/wp-json\/wp\/v2\/media\/143747"}],"wp:attachment":[{"href":"https:\/\/secureus.se\/fi\/wp-json\/wp\/v2\/media?parent=53561"}],"wp:term":[{"taxonomy":"product_brand","embeddable":true,"href":"https:\/\/secureus.se\/fi\/wp-json\/wp\/v2\/product_brand?post=53561"},{"taxonomy":"product_cat","embeddable":true,"href":"https:\/\/secureus.se\/fi\/wp-json\/wp\/v2\/product_cat?post=53561"},{"taxonomy":"product_tag","embeddable":true,"href":"https:\/\/secureus.se\/fi\/wp-json\/wp\/v2\/product_tag?post=53561"}],"curies":[{"name":"wp","href":"https:\/\/api.w.org\/{rel}","templated":true}]}}