{"id":53566,"date":"2022-06-21T18:15:09","date_gmt":"2022-06-21T16:15:09","guid":{"rendered":"https:\/\/secureus.se\/produkt\/evolis-r2f010naa-ko-black-monochrome-ribbon-600-prints\/"},"modified":"2026-04-23T12:42:18","modified_gmt":"2026-04-23T10:42:18","slug":"ribbon-evolis-r2f010naa-ko-black-monochrome-ribbon-600-prints","status":"publish","type":"product","link":"https:\/\/secureus.se\/fi\/ribbon-evolis-r2f010naa-ko-black-monochrome-ribbon-600-prints\/","title":{"rendered":"Evolis KO \u2013 600 v\u00e4rinauhaa, musta yksiv\u00e4rinen (600 tulostetta)"},"content":{"rendered":"<h1>Nauha<br \/>\n  Evolis KO &#8211; 600, svart monokrom (600 utskrifter)<\/h1>\n<p>F\u00e4rgband Evolis KO &#8211; 600, svart monokrom (600 utskrifter) \u00e4r ett<br \/>\n  KO-teippi mustalla paneelilla ja suojap\u00e4\u00e4llysteell\u00e4. Se on hyv\u00e4 valinta, kun<br \/>\n  tarvitsee selke\u00e4n tekstin, viivakoodit ja lis\u00e4suojaa kortin pinnalle.<\/p>\n<p>Sopii henkil\u00f6korteille, kulkukorteille, j\u00e4senkorteille ja muille<br \/>\n  muovikortteja, joissa vaaditaan korkeaa tulostuslaatua ja luotettavuutta<br \/>\n  t\u00e4rke\u00e4.<\/p>\n<ul>\n<li>Kapasiteetti: jopa 600 tulostetta<\/li>\n<li>B\u00e4ndityyppi: KO<\/li>\n<li>Artikelnummer: R2F010NAA<\/li>\n<\/ul>\n<p><strong>Yhteensopiva Evolis Primacyn kanssa<br \/>\n  vain.<\/strong><\/p>\n<p><strong>Tuotteen paino:<\/strong> 0,35 kg<\/p>","protected":false},"excerpt":{"rendered":"<p>V\u00e4rinauha \u2013 Nauha \u2013 Siirr\u00e4 uudelleen korttitulostimeen ja muovikorttitulostimeen<\/p>","protected":false},"featured_media":144426,"template":"","meta":{"_acf_changed":false},"product_brand":[],"product_cat":[3213,4858],"product_tag":[3181,4863,2922,3069],"class_list":{"0":"post-53566","1":"product","2":"type-product","3":"status-publish","4":"has-post-thumbnail","6":"product_cat-evolis-fargband-retransfer","7":"product_cat-primacy","8":"product_tag-evolis-tillbehor","9":"product_tag-pf","10":"product_tag-ribbon-svart-black","11":"product_tag-trade-produkt","12":"product_shipping_class-tunga-paket","13":"pa_brands-evolis","14":"pa_fargband-kortskrivare-evolis","15":"tm-has-options","17":"first","18":"instock","19":"sale","20":"taxable","21":"shipping-taxable","22":"purchasable","23":"product-type-simple"},"acf":[],"_links":{"self":[{"href":"https:\/\/secureus.se\/fi\/wp-json\/wp\/v2\/product\/53566","targetHints":{"allow":["GET"]}}],"collection":[{"href":"https:\/\/secureus.se\/fi\/wp-json\/wp\/v2\/product"}],"about":[{"href":"https:\/\/secureus.se\/fi\/wp-json\/wp\/v2\/types\/product"}],"wp:featuredmedia":[{"embeddable":true,"href":"https:\/\/secureus.se\/fi\/wp-json\/wp\/v2\/media\/144426"}],"wp:attachment":[{"href":"https:\/\/secureus.se\/fi\/wp-json\/wp\/v2\/media?parent=53566"}],"wp:term":[{"taxonomy":"product_brand","embeddable":true,"href":"https:\/\/secureus.se\/fi\/wp-json\/wp\/v2\/product_brand?post=53566"},{"taxonomy":"product_cat","embeddable":true,"href":"https:\/\/secureus.se\/fi\/wp-json\/wp\/v2\/product_cat?post=53566"},{"taxonomy":"product_tag","embeddable":true,"href":"https:\/\/secureus.se\/fi\/wp-json\/wp\/v2\/product_tag?post=53566"}],"curies":[{"name":"wp","href":"https:\/\/api.w.org\/{rel}","templated":true}]}}