{"id":53568,"date":"2022-06-21T18:14:55","date_gmt":"2022-06-21T16:14:55","guid":{"rendered":"https:\/\/secureus.se\/produkt\/magicard-prima-833-ymckk-colour-ribbon-750-prints\/"},"modified":"2026-03-26T10:10:46","modified_gmt":"2026-03-26T09:10:46","slug":"ribbon-magicard-prima-833-ymckk-colour-ribbon-750-prints","status":"publish","type":"product","link":"https:\/\/secureus.se\/fi\/ribbon-magicard-prima-833-ymckk-colour-ribbon-750-prints\/","title":{"rendered":"Magicard Prima 833 YMCKK -v\u00e4rinauha (750 tulostetta)"},"content":{"rendered":"<p>Magicard Prima 833 YMCKK -v\u00e4rinauha on t\u00e4ydellinen laadukkaaseen kaksipuoliseen henkil\u00f6korttitulostukseen. T\u00e4ysv\u00e4rinen v\u00e4riaine luo valokuvan kaltaisia kuvia, kun taas kaksi mustaa hartsipaneelia mahdollistavat kaksipuolisen tulostuksen mustalle tekstille ja viivakoodeille. T\u00e4t\u00e4 nauhaa tulee k\u00e4ytt\u00e4\u00e4 yhdess\u00e4 siirtokalvon kanssa.<\/p>\n<ul>\n<li>750 tulostetta per rulla<\/li>\n<li>YMCKK-nauha (keltainen, magenta, syaani, musta ja musta paneelit)<\/li>\n<li>Yhteensopiva Magicard Prima 8 -korttitulostimen kanssa<\/li>\n<\/ul>\n<p>Valmistajan osanumero: PRIMA833<\/p>\n<p>\n <strong><br \/>\n Tuotteen paino:<br \/>\n 0,30 kg<br \/>\n <\/strong>\n <\/p>","protected":false},"excerpt":{"rendered":"<p>V\u00e4rinauha \u2013 Nauha \u2013 Siirr\u00e4 uudelleen korttitulostimeen ja muovikorttitulostimeen<\/p>","protected":false},"featured_media":144025,"template":"","meta":{"_acf_changed":false},"product_brand":[],"product_cat":[3216,4838],"product_tag":[3182,4863,2921,3069],"class_list":{"0":"post-53568","1":"product","2":"type-product","3":"status-publish","4":"has-post-thumbnail","6":"product_cat-magicard-fargband-retransfer","7":"product_cat-magicard-prima-band","8":"product_tag-magicard-tillbehor","9":"product_tag-pf","10":"product_tag-ribbon-ymck-farg","11":"product_tag-trade-produkt","12":"product_shipping_class-tunga-paket","13":"pa_brands-magicard","14":"pa_fargband-kortskrivare-magicard","15":"tm-has-options","17":"first","18":"instock","19":"sale","20":"taxable","21":"shipping-taxable","22":"purchasable","23":"product-type-simple"},"acf":[],"_links":{"self":[{"href":"https:\/\/secureus.se\/fi\/wp-json\/wp\/v2\/product\/53568","targetHints":{"allow":["GET"]}}],"collection":[{"href":"https:\/\/secureus.se\/fi\/wp-json\/wp\/v2\/product"}],"about":[{"href":"https:\/\/secureus.se\/fi\/wp-json\/wp\/v2\/types\/product"}],"wp:featuredmedia":[{"embeddable":true,"href":"https:\/\/secureus.se\/fi\/wp-json\/wp\/v2\/media\/144025"}],"wp:attachment":[{"href":"https:\/\/secureus.se\/fi\/wp-json\/wp\/v2\/media?parent=53568"}],"wp:term":[{"taxonomy":"product_brand","embeddable":true,"href":"https:\/\/secureus.se\/fi\/wp-json\/wp\/v2\/product_brand?post=53568"},{"taxonomy":"product_cat","embeddable":true,"href":"https:\/\/secureus.se\/fi\/wp-json\/wp\/v2\/product_cat?post=53568"},{"taxonomy":"product_tag","embeddable":true,"href":"https:\/\/secureus.se\/fi\/wp-json\/wp\/v2\/product_tag?post=53568"}],"curies":[{"name":"wp","href":"https:\/\/api.w.org\/{rel}","templated":true}]}}