{"id":53571,"date":"2022-06-21T18:14:42","date_gmt":"2022-06-21T16:14:42","guid":{"rendered":"https:\/\/secureus.se\/produkt\/magicard-prima-835-ymck-po-peel-off-ribbon-750-prints\/"},"modified":"2026-03-26T10:11:00","modified_gmt":"2026-03-26T09:11:00","slug":"ribbon-magicard-prima-835-ymck-po-peel-off-ribbon-750-prints","status":"publish","type":"product","link":"https:\/\/secureus.se\/fi\/ribbon-magicard-prima-835-ymck-po-peel-off-ribbon-750-prints\/","title":{"rendered":"Magicard Prima 835 YMCK-PO irrotettava nauha (750 tulostetta)"},"content":{"rendered":"<p>Magicard Prima 835 YMCKO-PO irrotettavassa nauhassa on irrotettava paneeli, joka irrotetaan paljastaen tulostelemattoman alueen. T\u00e4m\u00e4 varmistaa, ett\u00e4 magneettiraita- ja allekirjoituspaneelikortit toimivat oikein. T\u00e4ysv\u00e4riset paneelit luovat valokuvamaisia kuvia, kun taas musta hartsi luo yksityiskohtaista teksti\u00e4 ja viivakoodeja.<\/p>\n<ul>\n<li>750 tulostetta per rulla<\/li>\n<li>YMCKO-PO nauha (keltainen, magenta, syaani, musta, peitto- ja irrotettavat paneelit)<\/li>\n<li>Yhteensopiva Magicard Prima 8 -korttitulostimen kanssa<\/li>\n<\/ul>\n<p>Valmistajan osanumero: PRIMA835<\/p>\n<p>\n <strong><br \/>\n Tuotteen paino:<br \/>\n 0,30 kg<br \/>\n <\/strong>\n <\/p>","protected":false},"excerpt":{"rendered":"<p>V\u00e4rinauha \u2013 Nauha \u2013 Siirr\u00e4 uudelleen korttitulostimeen ja muovikorttitulostimeen<\/p>","protected":false},"featured_media":143510,"template":"","meta":{"_acf_changed":false},"product_brand":[],"product_cat":[3216,4838],"product_tag":[3182,4863,2921,3069],"class_list":{"0":"post-53571","1":"product","2":"type-product","3":"status-publish","4":"has-post-thumbnail","6":"product_cat-magicard-fargband-retransfer","7":"product_cat-magicard-prima-band","8":"product_tag-magicard-tillbehor","9":"product_tag-pf","10":"product_tag-ribbon-ymck-farg","11":"product_tag-trade-produkt","12":"product_shipping_class-tunga-paket","13":"pa_brands-magicard","14":"pa_fargband-kortskrivare-magicard","15":"tm-has-options","17":"first","18":"outofstock","19":"sale","20":"taxable","21":"shipping-taxable","22":"purchasable","23":"product-type-simple"},"acf":[],"_links":{"self":[{"href":"https:\/\/secureus.se\/fi\/wp-json\/wp\/v2\/product\/53571","targetHints":{"allow":["GET"]}}],"collection":[{"href":"https:\/\/secureus.se\/fi\/wp-json\/wp\/v2\/product"}],"about":[{"href":"https:\/\/secureus.se\/fi\/wp-json\/wp\/v2\/types\/product"}],"wp:featuredmedia":[{"embeddable":true,"href":"https:\/\/secureus.se\/fi\/wp-json\/wp\/v2\/media\/143510"}],"wp:attachment":[{"href":"https:\/\/secureus.se\/fi\/wp-json\/wp\/v2\/media?parent=53571"}],"wp:term":[{"taxonomy":"product_brand","embeddable":true,"href":"https:\/\/secureus.se\/fi\/wp-json\/wp\/v2\/product_brand?post=53571"},{"taxonomy":"product_cat","embeddable":true,"href":"https:\/\/secureus.se\/fi\/wp-json\/wp\/v2\/product_cat?post=53571"},{"taxonomy":"product_tag","embeddable":true,"href":"https:\/\/secureus.se\/fi\/wp-json\/wp\/v2\/product_tag?post=53571"}],"curies":[{"name":"wp","href":"https:\/\/api.w.org\/{rel}","templated":true}]}}