{"id":53575,"date":"2022-06-21T18:14:11","date_gmt":"2022-06-21T16:14:11","guid":{"rendered":"https:\/\/secureus.se\/produkt\/fargo-hdp5600-ymcki-full-color-ribbon-with-resin-black-and-inhibitor-panels-084515-500-prints\/"},"modified":"2026-03-26T10:08:46","modified_gmt":"2026-03-26T09:08:46","slug":"ribbon-fargo-hdp5600-ymcki-full-color-ribbon-with-resin-black-and-inhibitor-panels-084515-500-prints","status":"publish","type":"product","link":"https:\/\/secureus.se\/fi\/ribbon-fargo-hdp5600-ymcki-full-color-ribbon-with-resin-black-and-inhibitor-panels-084515-500-prints\/","title":{"rendered":"V\u00e4rinauha Fargo HDP5600 YMCKI: T\u00e4ysv\u00e4rinen nauha hartsimustalla ja estopaneeleilla, 084515 (500 tulostetta)"},"content":{"rendered":"<p>Fargo HDP5600 084515 YMCKI Ribbon on viiden paneelin t\u00e4ysv\u00e4rinen v\u00e4riaine mustalla hartsilla, joka sopii k\u00e4ytett\u00e4v\u00e4ksi Fargo HDP5600 -korttitulostimissa. T\u00e4ss\u00e4 nauhassa on estopaneeli suojaamaan muovikortin pinnalla olevia ei-tulostusalueita, kuten allekirjoitusta ja magneettinauhaa.<\/p>\n<ul>\n<li>500 yksipuolista t\u00e4ysv\u00e4ritulostetta<\/li>\n<li>YMCKI-nauha (keltainen, magenta, syaani, musta ja Inhibitor-paneelit)<\/li>\n<li>Valmistajakoodi: 084515<\/li>\n<\/ul>\n<p>Yhteensopiva Fargo HDP5600 -korttitulostimen kanssa<\/p>\n<p>\n <strong><br \/>\n Tuotteen paino:<br \/>\n 0,20 kg<br \/>\n <\/strong>\n <\/p>","protected":false},"excerpt":{"rendered":"<p>V\u00e4rinauha \u2013 Nauha \u2013 Siirr\u00e4 uudelleen korttitulostimeen ja muovikorttitulostimeen<\/p>","protected":false},"featured_media":143635,"template":"","meta":{"_acf_changed":false},"product_brand":[],"product_cat":[3214],"product_tag":[3201,4863,2922,2921,3069],"class_list":{"0":"post-53575","1":"product","2":"type-product","3":"status-publish","4":"has-post-thumbnail","6":"product_cat-fargo-fargband-retransfer","7":"product_tag-fargo-tillbehor","8":"product_tag-pf","9":"product_tag-ribbon-svart-black","10":"product_tag-ribbon-ymck-farg","11":"product_tag-trade-produkt","12":"product_shipping_class-tunga-paket","13":"pa_brands-fargo","14":"pa_fargband-kortskrivare-fargo","15":"tm-has-options","17":"first","18":"outofstock","19":"sale","20":"taxable","21":"shipping-taxable","22":"purchasable","23":"product-type-simple"},"acf":[],"_links":{"self":[{"href":"https:\/\/secureus.se\/fi\/wp-json\/wp\/v2\/product\/53575","targetHints":{"allow":["GET"]}}],"collection":[{"href":"https:\/\/secureus.se\/fi\/wp-json\/wp\/v2\/product"}],"about":[{"href":"https:\/\/secureus.se\/fi\/wp-json\/wp\/v2\/types\/product"}],"wp:featuredmedia":[{"embeddable":true,"href":"https:\/\/secureus.se\/fi\/wp-json\/wp\/v2\/media\/143635"}],"wp:attachment":[{"href":"https:\/\/secureus.se\/fi\/wp-json\/wp\/v2\/media?parent=53575"}],"wp:term":[{"taxonomy":"product_brand","embeddable":true,"href":"https:\/\/secureus.se\/fi\/wp-json\/wp\/v2\/product_brand?post=53575"},{"taxonomy":"product_cat","embeddable":true,"href":"https:\/\/secureus.se\/fi\/wp-json\/wp\/v2\/product_cat?post=53575"},{"taxonomy":"product_tag","embeddable":true,"href":"https:\/\/secureus.se\/fi\/wp-json\/wp\/v2\/product_tag?post=53575"}],"curies":[{"name":"wp","href":"https:\/\/api.w.org\/{rel}","templated":true}]}}